{"id":13155,"date":"2020-09-02T09:19:21","date_gmt":"2020-09-02T07:19:21","guid":{"rendered":"http:\/\/ksiegarnia-akademicka.pl\/?post_type=product&#038;p=13155"},"modified":"2020-11-16T09:12:05","modified_gmt":"2020-11-16T08:12:05","slug":"historia-administracji-w-polsce-1764-2020","status":"publish","type":"product","link":"https:\/\/ksiegarnia-akademicka.pl\/index.php\/product\/historia-administracji-w-polsce-1764-2020\/","title":{"rendered":"Historia administracji w Polsce 1764-2020"},"content":{"rendered":"<p>Autor:<br \/>\nWitkowski Wojciech<br \/>\nWydawca: Wydawnictwo Naukowe PWN<br \/>\nOprawa: Mi\u0119kka<br \/>\nFormat: 16.5&#215;23.5cm<br \/>\nLiczba stron: 519<br \/>\nWydanie: 2<br \/>\nRok wydania: 2020<br \/>\nJ\u0119zyk wydania: polski<br \/>\nISBN:\t978-83-01-21333-6<\/p>\n<p>Nowoczesny podr\u0119cznik akademicki przeznaczony dla student\u00f3w administracji, prawa i historii. Wydanie rozszerzone zawiera cz\u0119\u015b\u0107 zatytu\u0142owan\u0105 Ustr\u00f3j administracji publicznej III Rzeczypospolitej, w kt\u00f3rym szczeg\u00f3\u0142owo om\u00f3wiono rozw\u00f3j administracji w Polsce po 1989 roku, opieraj\u0105c si\u0119 na wynikach najnowszych bada\u0144 naukowych. Aktualizacji uleg\u0142y tak\u017ce wskaz\u00f3wki bibliograficzne obejmuj\u0105ce istotne i nowe publikacje.<\/p>\n","protected":false},"excerpt":{"rendered":"<p>Autor: Witkowski Wojciech Wydawca: Wydawnictwo Naukowe PWN Oprawa: Mi\u0119kka Format: [&hellip;]<\/p>\n","protected":false},"featured_media":13156,"template":"","meta":[],"product_brand":[],"product_cat":[7492,18],"product_tag":[4113,485],"class_list":{"0":"post-13155","1":"product","2":"type-product","3":"status-publish","4":"has-post-thumbnail","6":"product_cat-administracyjne","7":"product_cat-prawo","8":"product_tag-historia-administracji","9":"product_tag-prawo-administracyjne","11":"first","12":"instock","13":"sale","14":"shipping-taxable","15":"purchasable","16":"product-type-simple"},"_links":{"self":[{"href":"https:\/\/ksiegarnia-akademicka.pl\/index.php\/wp-json\/wp\/v2\/product\/13155","targetHints":{"allow":["GET"]}}],"collection":[{"href":"https:\/\/ksiegarnia-akademicka.pl\/index.php\/wp-json\/wp\/v2\/product"}],"about":[{"href":"https:\/\/ksiegarnia-akademicka.pl\/index.php\/wp-json\/wp\/v2\/types\/product"}],"wp:featuredmedia":[{"embeddable":true,"href":"https:\/\/ksiegarnia-akademicka.pl\/index.php\/wp-json\/wp\/v2\/media\/13156"}],"wp:attachment":[{"href":"https:\/\/ksiegarnia-akademicka.pl\/index.php\/wp-json\/wp\/v2\/media?parent=13155"}],"wp:term":[{"taxonomy":"product_brand","embeddable":true,"href":"https:\/\/ksiegarnia-akademicka.pl\/index.php\/wp-json\/wp\/v2\/product_brand?post=13155"},{"taxonomy":"product_cat","embeddable":true,"href":"https:\/\/ksiegarnia-akademicka.pl\/index.php\/wp-json\/wp\/v2\/product_cat?post=13155"},{"taxonomy":"product_tag","embeddable":true,"href":"https:\/\/ksiegarnia-akademicka.pl\/index.php\/wp-json\/wp\/v2\/product_tag?post=13155"}],"curies":[{"name":"wp","href":"https:\/\/api.w.org\/{rel}","templated":true}]}}