{"id":13131,"date":"2020-09-01T09:29:03","date_gmt":"2020-09-01T07:29:03","guid":{"rendered":"http:\/\/ksiegarnia-akademicka.pl\/?post_type=product&#038;p=13131"},"modified":"2024-12-05T08:18:52","modified_gmt":"2024-12-05T07:18:52","slug":"regulamin-pracy-zdalnej-z-komentarzem","status":"publish","type":"product","link":"https:\/\/ksiegarnia-akademicka.pl\/index.php\/product\/regulamin-pracy-zdalnej-z-komentarzem\/","title":{"rendered":"Regulamin pracy zdalnej z komentarzem"},"content":{"rendered":"<p>Autor:<br \/>\nPiotr Ciborski<br \/>\nWydawca: ODDK<br \/>\nOprawa: Mi\u0119kka<br \/>\nLiczba stron: 40<br \/>\nRok wydania: 2020<br \/>\nJ\u0119zyk wydania: polski<br \/>\nISBN:\t978-83-7804-736-0<\/p>\n<p>Praca zdalna to nowa regulacja, kt\u00f3ra pozwala na wykonywanie przez pracownik\u00f3w pracy poza miejscem jej sta\u0142ego wykonywania. Wprowadzenie regulacji prawnych dotycz\u0105cych pracy zdalnej by\u0142o zwi\u0105zane z przeciwdzia\u0142aniem skutkom pandemii COVID-19, ale mo\u017ce znale\u017a\u0107 szerokie zastosowanie r\u00f3wnie\u017c w innych okoliczno\u015bciach, z uwagi na szereg zalet zar\u00f3wno dla pracodawcy, jak i pracownika.<\/p>\n<p>W publikacji zawarto gotowy do wprowadzenia wz\u00f3r regulaminu pracy zdalnej, kt\u00f3ry szczeg\u00f3\u0142owo okre\u015bla zasady wykonywania takiej pracy oraz zwi\u0105zane z tym prawa i obowi\u0105zki pracodawcy i pracownika. Ksi\u0105\u017cka zawiera tak\u017ce komentarz do zagadnie\u0144 zwi\u0105zanych z opracowaniem, wej\u015bciem w \u017cycie, tre\u015bci\u0105 i podstaw\u0105 prawn\u0105 regulaminu, a tak\u017ce szereg praktycznych wskaz\u00f3wek dotycz\u0105cych organizacji pracy zdalnej w firmie.<\/p>\n<p>Dodatkowo autor przygotowa\u0142 zestaw wzor\u00f3w dokument\u00f3w zwi\u0105zanych z wykonywaniem pracy zdalnej, w tym m.in. wnioski pracownika, wz\u00f3r umowy u\u017cyczenia urz\u0105dze\u0144, wykaz podstawowych zasad bezpiecze\u0144stwa, higieny i ergonomii pracy w pracy zdalnej, dokumenty zwi\u0105zane z kontrol\u0105 lub wykonaniem innych czynno\u015bci w miejscu pracy zdalnej.<\/p>\n<p>Suplement elektroniczny do ksi\u0105\u017cki zawiera tre\u015b\u0107 regulaminu pracy zdalnej wraz z za\u0142\u0105cznikami w edytowalnej formie. Plik suplementu do pobrania przez Internet \u2013 instrukcja w ksi\u0105\u017cce. Zainstalowanie suplementu wymaga systemu operacyjnego Windows.<\/p>\n","protected":false},"excerpt":{"rendered":"<p>Autor: Piotr Ciborski Wydawca: ODDK Oprawa: Mi\u0119kka Liczba stron: 40 [&hellip;]<\/p>\n","protected":false},"featured_media":13132,"template":"","meta":[],"product_brand":[],"product_cat":[18,7550,30,7513],"product_tag":[735,1902,793],"class_list":{"0":"post-13131","1":"product","2":"type-product","3":"status-publish","4":"has-post-thumbnail","6":"product_cat-prawo","7":"product_cat-prawo-pracy","8":"product_cat-zarzadzanie","9":"product_cat-zarzadzanie-zasobami-ludzkimi","10":"product_tag-kadry","11":"product_tag-organizacja-i-zarzadzanie","12":"product_tag-prawo-pracy","14":"first","15":"instock","16":"sale","17":"shipping-taxable","18":"purchasable","19":"product-type-simple"},"_links":{"self":[{"href":"https:\/\/ksiegarnia-akademicka.pl\/index.php\/wp-json\/wp\/v2\/product\/13131","targetHints":{"allow":["GET"]}}],"collection":[{"href":"https:\/\/ksiegarnia-akademicka.pl\/index.php\/wp-json\/wp\/v2\/product"}],"about":[{"href":"https:\/\/ksiegarnia-akademicka.pl\/index.php\/wp-json\/wp\/v2\/types\/product"}],"wp:featuredmedia":[{"embeddable":true,"href":"https:\/\/ksiegarnia-akademicka.pl\/index.php\/wp-json\/wp\/v2\/media\/13132"}],"wp:attachment":[{"href":"https:\/\/ksiegarnia-akademicka.pl\/index.php\/wp-json\/wp\/v2\/media?parent=13131"}],"wp:term":[{"taxonomy":"product_brand","embeddable":true,"href":"https:\/\/ksiegarnia-akademicka.pl\/index.php\/wp-json\/wp\/v2\/product_brand?post=13131"},{"taxonomy":"product_cat","embeddable":true,"href":"https:\/\/ksiegarnia-akademicka.pl\/index.php\/wp-json\/wp\/v2\/product_cat?post=13131"},{"taxonomy":"product_tag","embeddable":true,"href":"https:\/\/ksiegarnia-akademicka.pl\/index.php\/wp-json\/wp\/v2\/product_tag?post=13131"}],"curies":[{"name":"wp","href":"https:\/\/api.w.org\/{rel}","templated":true}]}}