{"id":13098,"date":"2020-08-31T09:46:00","date_gmt":"2020-08-31T07:46:00","guid":{"rendered":"http:\/\/ksiegarnia-akademicka.pl\/?post_type=product&#038;p=13098"},"modified":"2024-12-05T08:19:24","modified_gmt":"2024-12-05T07:19:24","slug":"zwiedzeni-przez-przypadek-tajemnicza-rola-losowosci-w-zyciu-i-w-rynkowej-grze-fooled-by-randomness-the-hidden-role-of-chance-in-life-and-in-the-markets","status":"publish","type":"product","link":"https:\/\/ksiegarnia-akademicka.pl\/index.php\/product\/zwiedzeni-przez-przypadek-tajemnicza-rola-losowosci-w-zyciu-i-w-rynkowej-grze-fooled-by-randomness-the-hidden-role-of-chance-in-life-and-in-the-markets\/","title":{"rendered":"Zwiedzeni przez przypadek. Tajemnicza rola losowo\u015bci w \u017cyciu i w rynkowej grze Fooled by Randomness: The Hidden Role of Chance in Life and in the Markets"},"content":{"rendered":"<p>Autor:<br \/>\nNassim Nicholas Taleb<br \/>\nT\u0142umacze: Lipa Micha\u0142<br \/>\nWydawca: Zysk i S-ka<br \/>\nOprawa: Mi\u0119kka<br \/>\nFormat: 14.5&#215;21.5cm<br \/>\nLiczba stron: 416<br \/>\nWydanie: 1<br \/>\nRok wydania: 2020<br \/>\nJ\u0119zyk wydania: polski<br \/>\nISBN:\t978-83-8202-020-5<\/p>\n<p>B\u0142yskotliwa ksi\u0105\u017cka, w kt\u00f3rej autor bestsellera Czarny \u0141ab\u0119d\u017a zastanawia si\u0119 nad rol\u0105 przypadku w naszym w \u017cyciu. Zwiedzeni przez losowo\u015b\u0107 to ksi\u0105\u017cka, kt\u00f3rej przeczytanie zmienia spos\u00f3b my\u015blenia o biznesie i \u015bwiecie. Na podstawie swego wieloletniego do\u015bwiadczenia zawodowego na rynku finansowym, a tak\u017ce w oparciu o setki przeczytanych ksi\u0105\u017cek, Taleb snuje fascynuj\u0105c\u0105 opowie\u015b\u0107 o tym, jak funkcjonowa\u0107 w \u015bwiecie, w kt\u00f3rym kluczow\u0105 rol\u0119 odgrywa losowo\u015b\u0107 i dlaczego ludzie tak usilnie staraj\u0105 si\u0119 usystematyzowa\u0107 przypadek. Ta ksi\u0105\u017cka jest o szcz\u0119\u015bciu &#8211; a \u015bci\u015blej o tym, jak postrzegamy i radzimy sobie ze szcz\u0119\u015bciem w \u017cyciu i biznesie. Taleb z typowym dla siebie zgry\u017aliwym poczuciem humoru zajmuje si\u0119 g\u0142\u00f3wnymi problemami intelektualnymi zwi\u0105zanymi z niedocenianiem wp\u0142ywu przypadku na nasze \u017cycie. Na podstawie szeregu zdarze\u0144 zaczerpni\u0119tych z \u017cycia postaci prawdziwych i mitycznych, takich jak legenda baseballu Yogi Berra, filozof Karl Popper, najm\u0105drzejszy cz\u0142owiek \u015bwiata staro\u017cytnego, Solon, wsp\u00f3\u0142czesny finansista George Soros czy antyczny grecki podr\u00f3\u017cnik Odyseusz, stara si\u0119 opisa\u0107 fenomen i rol\u0119 przypadkowo\u015bci w \u017cyciu prywatnym i zawodowym, dochodz\u0105c do szokuj\u0105cych wniosk\u00f3w&#8230; Jedna z najm\u0105drzejszych ksi\u0105\u017cek wszech czas\u00f3w wed\u0142ug magazynu \u201eFortune\u201d \u201eInteligentny, uczciwy i odkrywczy. Umys\u0142 Taleba jest doprawdy niezwyk\u0142y, a jego spos\u00f3b my\u015blenia wprost zara\u017aliwy\u201d. Profesor Marco Avellaneda, New York University \u201eKsi\u0105\u017cka Taleba ma solidn\u0105 podbudow\u0119 matematyczn\u0105, a przy tym jest zabawna i pouczaj\u0105ca dla og\u00f3\u0142u spo\u0142ecze\u0144stwa, co jest sporym osi\u0105gni\u0119ciem\u201d. Profesor Donald Geman, John Hopkins University \u201eAnalityczny i skrajnie racjonalny wyw\u00f3d Taleba nieodmiennie kojarzy si\u0119 z ksi\u0105\u017ckami najwybitniejszych popularyzator\u00f3w nauki, takich jak Richard Dawkins i Stephen Jay Gould\u201d. Profesor Michael Schrage, MIT<\/p>\n","protected":false},"excerpt":{"rendered":"<p>Autor: Nassim Nicholas Taleb T\u0142umacze: Lipa Micha\u0142 Wydawca: Zysk i [&hellip;]<\/p>\n","protected":false},"featured_media":13099,"template":"","meta":[],"product_brand":[],"product_cat":[27,7508],"product_tag":[246,1095],"class_list":{"0":"post-13098","1":"product","2":"type-product","3":"status-publish","4":"has-post-thumbnail","6":"product_cat-nauki-spoleczne","7":"product_cat-socjologia","8":"product_tag-socjologia","9":"product_tag-spoleczenstwo","11":"first","12":"instock","13":"sale","14":"shipping-taxable","15":"purchasable","16":"product-type-simple"},"_links":{"self":[{"href":"https:\/\/ksiegarnia-akademicka.pl\/index.php\/wp-json\/wp\/v2\/product\/13098","targetHints":{"allow":["GET"]}}],"collection":[{"href":"https:\/\/ksiegarnia-akademicka.pl\/index.php\/wp-json\/wp\/v2\/product"}],"about":[{"href":"https:\/\/ksiegarnia-akademicka.pl\/index.php\/wp-json\/wp\/v2\/types\/product"}],"wp:featuredmedia":[{"embeddable":true,"href":"https:\/\/ksiegarnia-akademicka.pl\/index.php\/wp-json\/wp\/v2\/media\/13099"}],"wp:attachment":[{"href":"https:\/\/ksiegarnia-akademicka.pl\/index.php\/wp-json\/wp\/v2\/media?parent=13098"}],"wp:term":[{"taxonomy":"product_brand","embeddable":true,"href":"https:\/\/ksiegarnia-akademicka.pl\/index.php\/wp-json\/wp\/v2\/product_brand?post=13098"},{"taxonomy":"product_cat","embeddable":true,"href":"https:\/\/ksiegarnia-akademicka.pl\/index.php\/wp-json\/wp\/v2\/product_cat?post=13098"},{"taxonomy":"product_tag","embeddable":true,"href":"https:\/\/ksiegarnia-akademicka.pl\/index.php\/wp-json\/wp\/v2\/product_tag?post=13098"}],"curies":[{"name":"wp","href":"https:\/\/api.w.org\/{rel}","templated":true}]}}