{"id":13096,"date":"2020-08-31T09:41:53","date_gmt":"2020-08-31T07:41:53","guid":{"rendered":"http:\/\/ksiegarnia-akademicka.pl\/?post_type=product&#038;p=13096"},"modified":"2024-12-05T08:19:36","modified_gmt":"2024-12-05T07:19:36","slug":"szalenstwo-tlumow-gender-rasa-tozsamosc-the-madness-of-crowds-gender-race-and-identity","status":"publish","type":"product","link":"https:\/\/ksiegarnia-akademicka.pl\/index.php\/product\/szalenstwo-tlumow-gender-rasa-tozsamosc-the-madness-of-crowds-gender-race-and-identity\/","title":{"rendered":"Szale\u0144stwo t\u0142um\u00f3w Gender, rasa, to\u017csamo\u015b\u0107 The Madness of Crowds. Gender, Race and Identity"},"content":{"rendered":"<p>Autor:<br \/>\nDouglas Murray<br \/>\nT\u0142umacze: Sp\u00f3lny Jacek<br \/>\nWydawca: Zysk i S-ka<br \/>\nOprawa: Mi\u0119kka ze skrzyde\u0142kami<br \/>\nFormat: 14.0&#215;20.5cm<br \/>\nLiczba stron: 400<br \/>\nWydanie: 1<br \/>\nRok wydania: 2020<br \/>\nJ\u0119zyk wydania: polski<br \/>\nISBN:\t978-83-8116-880-9<\/p>\n<p>Prowokuj\u0105ca i b\u0142yskotliwie napisana ksi\u0105\u017cka autora bestsellerowej Przedziwnej \u015bmierci Europy.<br \/>\nW swojej najnowszej ksi\u0105\u017cce Douglas Murray zajmuje si\u0119 najbardziej spornymi problemami XXI wieku: seksualno\u015bci\u0105, p\u0142ci\u0105, technologi\u0105 i ras\u0105. Ujawnia zdumiewaj\u0105ce wojny kulturowe toczone w miejscach pracy, szko\u0142ach i domach w imi\u0119 sprawiedliwo\u015bci spo\u0142ecznej i polityki to\u017csamo\u015bci.<br \/>\n\u017byjemy w epoce ponowoczesnej, po za\u0142amaniu si\u0119 wielkich narracji: religii i ideologii politycznej. W ich miejsce pojawi\u0142o si\u0119 d\u0105\u017cenie do walki o naprawienie domniemanych krzywd przy u\u017cyciu broni w postaci to\u017csamo\u015bci, wzmocnione przez nowe formy medi\u00f3w spo\u0142eczno\u015bciowych i informacyjnych. Hierarchi\u0119 cel\u00f3w coraz bardziej podzielonego spo\u0142ecze\u0144stwa determinuj\u0105 w\u0105skie grupy interes\u00f3w \u2013 a ofiar, jak pokazuje Murray, przybywa.<br \/>\nCzytelnicy niezale\u017cnie od swych przekona\u0144 politycznych doceni\u0105 mistrzowsko napisan\u0105 i prowokacyjn\u0105 ksi\u0105\u017ck\u0119 Murraya, kt\u00f3ry stara si\u0119 wprowadzi\u0107 nieco sensu do dyskusji o najbardziej z\u0142o\u017conych sprawach obecnego pokolenia. Ko\u0144czy \u017carliwym wo\u0142aniem o wolno\u015b\u0107 s\u0142owa, wsp\u00f3lnot\u0119 warto\u015bci i zdrowy rozs\u0105dek w czasach masowej histerii.<\/p>\n","protected":false},"excerpt":{"rendered":"<p>Autor: Douglas Murray T\u0142umacze: Sp\u00f3lny Jacek Wydawca: Zysk i S-ka [&hellip;]<\/p>\n","protected":false},"featured_media":13097,"template":"","meta":[],"product_brand":[],"product_cat":[27,7507,7508],"product_tag":[495,246,1095],"class_list":{"0":"post-13096","1":"product","2":"type-product","3":"status-publish","4":"has-post-thumbnail","6":"product_cat-nauki-spoleczne","7":"product_cat-politologia","8":"product_cat-socjologia","9":"product_tag-polityka","10":"product_tag-socjologia","11":"product_tag-spoleczenstwo","13":"first","14":"instock","15":"sale","16":"shipping-taxable","17":"purchasable","18":"product-type-simple"},"_links":{"self":[{"href":"https:\/\/ksiegarnia-akademicka.pl\/index.php\/wp-json\/wp\/v2\/product\/13096","targetHints":{"allow":["GET"]}}],"collection":[{"href":"https:\/\/ksiegarnia-akademicka.pl\/index.php\/wp-json\/wp\/v2\/product"}],"about":[{"href":"https:\/\/ksiegarnia-akademicka.pl\/index.php\/wp-json\/wp\/v2\/types\/product"}],"wp:featuredmedia":[{"embeddable":true,"href":"https:\/\/ksiegarnia-akademicka.pl\/index.php\/wp-json\/wp\/v2\/media\/13097"}],"wp:attachment":[{"href":"https:\/\/ksiegarnia-akademicka.pl\/index.php\/wp-json\/wp\/v2\/media?parent=13096"}],"wp:term":[{"taxonomy":"product_brand","embeddable":true,"href":"https:\/\/ksiegarnia-akademicka.pl\/index.php\/wp-json\/wp\/v2\/product_brand?post=13096"},{"taxonomy":"product_cat","embeddable":true,"href":"https:\/\/ksiegarnia-akademicka.pl\/index.php\/wp-json\/wp\/v2\/product_cat?post=13096"},{"taxonomy":"product_tag","embeddable":true,"href":"https:\/\/ksiegarnia-akademicka.pl\/index.php\/wp-json\/wp\/v2\/product_tag?post=13096"}],"curies":[{"name":"wp","href":"https:\/\/api.w.org\/{rel}","templated":true}]}}