{"id":13088,"date":"2020-08-31T09:27:58","date_gmt":"2020-08-31T07:27:58","guid":{"rendered":"http:\/\/ksiegarnia-akademicka.pl\/?post_type=product&#038;p=13088"},"modified":"2024-12-05T08:19:48","modified_gmt":"2024-12-05T07:19:48","slug":"reklama-produktow-leczniczych-komentarz-do-art-52-64-ustawy-prawo-farmaceutyczne","status":"publish","type":"product","link":"https:\/\/ksiegarnia-akademicka.pl\/index.php\/product\/reklama-produktow-leczniczych-komentarz-do-art-52-64-ustawy-prawo-farmaceutyczne\/","title":{"rendered":"Reklama produkt\u00f3w leczniczych Komentarz do art. 52\u201364 ustawy \u2013 Prawo farmaceutyczne"},"content":{"rendered":"<p>Redakcja: Czy\u017cewska Katarzyna<br \/>\nWydawca: Wolters Kluwer<br \/>\nOprawa: Twarda<br \/>\nLiczba stron: 322<br \/>\nWydanie: 1<br \/>\nRok wydania: 2020<br \/>\nJ\u0119zyk wydania: polski<br \/>\nISBN:\t978-83-8223-674-3<\/p>\n<p>Publikacja prezentuje zasady reklamy produkt\u00f3w leczniczych zebrane w rozdziale 4 ustawy z 6.09.2001 r. \u2013 Prawo farmaceutyczne (Dz.U. z 2020 r. poz. 944 ze zm.). W komentarzu szczeg\u00f3\u0142owo, ale zarazem bardzo praktycznie, om\u00f3wiono przepisy art. 52\u201364 ustawy, opieraj\u0105c si\u0119 na do\u015bwiadczeniu autor\u00f3w i orzecznictwie s\u0105d\u00f3w oraz uwzgl\u0119dniaj\u0105c aktualn\u0105 wyk\u0142adni\u0119 stosowan\u0105 przez organ nadzoru nad wytwarzaniem produkt\u00f3w leczniczych i obrotem nimi, czyli przez G\u0142\u00f3wnego Inspektora Farmaceutycznego.<br \/>\nW opracowaniu mo\u017cna znale\u017a\u0107 odpowiedzi na nast\u0119puj\u0105ce pytania:<br \/>\n&#8211; w jakim przypadku mo\u017cna przyj\u0105\u0107, \u017ce reklama leku wprowadza w b\u0142\u0105d;<br \/>\n&#8211; jak \u015bci\u015ble nale\u017cy interpretowa\u0107 poj\u0119cie zgodno\u015bci reklamy z Charakterystyk\u0105 Produktu Leczniczego;<br \/>\n&#8211; kiedy przekaz dotycz\u0105cy leku nie b\u0119dzie w og\u00f3le uznany za reklam\u0119;<br \/>\n&#8211; czy i w jakim zakresie mo\u017cna sponsorowa\u0107 konferencje, zjazdy i kongresy naukowe kierowane do os\u00f3b upowa\u017cnionych do wystawiania recept lub prowadz\u0105cych obr\u00f3t produktami leczniczymi.<br \/>\nWyja\u015bnienie tych zagadnie\u0144 ma fundamentalne znaczenie dla os\u00f3b zaanga\u017cowanych w tworzenie materia\u0142\u00f3w reklamowych dla szeroko rozumianej bran\u017cy farmaceutycznej lub ich akceptacj\u0119 przed emisj\u0105 czy dystrybucj\u0105.<\/p>\n<p>W ksi\u0105\u017cce zaprezentowano przegl\u0105d wielu kluczowych decyzji G\u0142\u00f3wnego Inspektora Farmaceutycznego, zar\u00f3wno tych stwierdzaj\u0105cych naruszenie prawa, jak i tych umarzaj\u0105cych post\u0119powanie.<\/p>\n","protected":false},"excerpt":{"rendered":"<p>Redakcja: Czy\u017cewska Katarzyna Wydawca: Wolters Kluwer Oprawa: Twarda Liczba stron: [&hellip;]<\/p>\n","protected":false},"featured_media":13089,"template":"","meta":[],"product_brand":[],"product_cat":[7491,29,7625,18],"product_tag":[615,4720,1757],"class_list":{"0":"post-13088","1":"product","2":"type-product","3":"status-publish","4":"has-post-thumbnail","6":"product_cat-cywilne","7":"product_cat-marketing-i-reklama","8":"product_cat-nauki-o-zdrowiu","9":"product_cat-prawo","10":"product_tag-prawo-cywilne","11":"product_tag-prawo-farmaceutyczne","12":"product_tag-reklama","14":"first","15":"instock","16":"sale","17":"shipping-taxable","18":"purchasable","19":"product-type-simple"},"_links":{"self":[{"href":"https:\/\/ksiegarnia-akademicka.pl\/index.php\/wp-json\/wp\/v2\/product\/13088","targetHints":{"allow":["GET"]}}],"collection":[{"href":"https:\/\/ksiegarnia-akademicka.pl\/index.php\/wp-json\/wp\/v2\/product"}],"about":[{"href":"https:\/\/ksiegarnia-akademicka.pl\/index.php\/wp-json\/wp\/v2\/types\/product"}],"wp:featuredmedia":[{"embeddable":true,"href":"https:\/\/ksiegarnia-akademicka.pl\/index.php\/wp-json\/wp\/v2\/media\/13089"}],"wp:attachment":[{"href":"https:\/\/ksiegarnia-akademicka.pl\/index.php\/wp-json\/wp\/v2\/media?parent=13088"}],"wp:term":[{"taxonomy":"product_brand","embeddable":true,"href":"https:\/\/ksiegarnia-akademicka.pl\/index.php\/wp-json\/wp\/v2\/product_brand?post=13088"},{"taxonomy":"product_cat","embeddable":true,"href":"https:\/\/ksiegarnia-akademicka.pl\/index.php\/wp-json\/wp\/v2\/product_cat?post=13088"},{"taxonomy":"product_tag","embeddable":true,"href":"https:\/\/ksiegarnia-akademicka.pl\/index.php\/wp-json\/wp\/v2\/product_tag?post=13088"}],"curies":[{"name":"wp","href":"https:\/\/api.w.org\/{rel}","templated":true}]}}