{"id":13035,"date":"2020-08-28T09:24:42","date_gmt":"2020-08-28T07:24:42","guid":{"rendered":"http:\/\/ksiegarnia-akademicka.pl\/?post_type=product&#038;p=13035"},"modified":"2020-08-28T09:24:43","modified_gmt":"2020-08-28T07:24:43","slug":"kiedy-ryby-lataja-jak-stworzyc-inspirujace-srodowisko-pracy-when-fish-fly-lessons-for-creating-a-vital-and-energized-workplace-from-the-world-famous-pike-place","status":"publish","type":"product","link":"https:\/\/ksiegarnia-akademicka.pl\/index.php\/product\/kiedy-ryby-lataja-jak-stworzyc-inspirujace-srodowisko-pracy-when-fish-fly-lessons-for-creating-a-vital-and-energized-workplace-from-the-world-famous-pike-place\/","title":{"rendered":"Kiedy ryby lataj\u0105 Jak stworzy\u0107 inspiruj\u0105ce \u015brodowisko pracy WHEN FISH FLY, LESSONS FOR CREATING A VITAL AND ENERGIZED WORKPLACE FROM THE WORLD FAMOUS PIKE PLACE"},"content":{"rendered":"<p>Autor:<br \/>\nJohn Yokoyama<br \/>\nJoseph Michelli<br \/>\nT\u0142umacze: Rzycho\u0144 Tomasz<br \/>\nWydawca: Poltext<br \/>\nOprawa: Mi\u0119kka ze skrzyde\u0142kami<br \/>\nFormat: 14.0&#215;22.0cm<br \/>\nLiczba stron: 184<br \/>\nRok wydania: 2020<br \/>\nJ\u0119zyk wydania: polski<br \/>\nISBN:\t978-83-8087-985-0<\/p>\n<p>Wyobra\u017a sobie ma\u0142e, nierentowne stoisko rybne. Czy potrafi\u0142by\u015b zmieni\u0107 tak\u0105 firm\u0119 w modelow\u0105 organizacj\u0119, kt\u00f3ra stanie si\u0119 wzorem dla korporacji z ca\u0142ego \u015bwiata? Czy zdo\u0142a\u0142by\u015b przyci\u0105gn\u0105\u0107 do zwyk\u0142ego stoiska rybnego t\u0142umy dziennikarzy, nie wydaj\u0105c ani grosza na reklam\u0119? Czy napisa\u0142by\u015b o stoisku rybnym ksi\u0105\u017ck\u0119, kt\u00f3ra zosta\u0142aby przet\u0142umaczona na 34 j\u0119zyki? Czy potrafi\u0142by\u015b zach\u0119ci\u0107 lider\u00f3w takich firm jak Panasonic, Ford czy Marriott, by przyje\u017cd\u017cali na twoje stoisko i uk\u0142adali na nim ryby po to, by pozna\u0107 niezwyk\u0142\u0105, stworzon\u0105 przez ciebie kultur\u0119 organizacyjn\u0105? Potrafi\u0142 to zrobi\u0107 John Yokoyama, w\u0142a\u015bciciel stoiska rybnego Pike Place Fish w Seattle, i ka\u017cdy inny cz\u0142owiek dzi\u0119ki tej ksi\u0105\u017cce b\u0119dzie wiedzia\u0142, jak to zrobi\u0107. Jak uskrzydli\u0107 swoj\u0105 firm\u0119? John Yokoyama opowiada prost\u0105 histori\u0119 o tym, jak zmieni\u0142 ma\u0142\u0105, nierentown\u0105 firm\u0119 Pike Place Fish w modelow\u0105 organizacj\u0119, na kt\u00f3rej wzoruj\u0105 si\u0119 wielkie mi\u0119dzynarodowe korporacje, takie jak Shell Oil Company. Histori\u0119 o tym, jak uskrzydli\u0107 pracownik\u00f3w i nada\u0107 ich czynom g\u0142\u0119bszy sens. Jak odmieni\u0107 nieprzyjazne \u015brodowisko pracy i stworzy\u0107 inspiruj\u0105c\u0105, jedyn\u0105 w swoim rodzaju kultur\u0119 organizacyjn\u0105. Wszystko zacz\u0119\u0142o si\u0119 od sformu\u0142owania wizji \u2013 Yokoyama i jego pracownicy postanowili przekszta\u0142ci\u0107 zwyk\u0142e stoisko rybne w firm\u0119 \u015bwiatowej s\u0142awy i wszelkimi dost\u0119pnymi sposobami ulepsza\u0107 \u017cycie jej klient\u00f3w, dostawc\u00f3w oraz wszystkich, kt\u00f3rzy nawi\u0105zuj\u0105 z ni\u0105 kontakt. Strategie i zasady, kt\u00f3re przynios\u0142y Yokoyamie spektakularny sukces, mog\u0105 by\u0107 stosowane przez przedsi\u0119biorc\u00f3w, mened\u017cer\u00f3w i sprzedawc\u00f3w wsz\u0119dzie tam, gdzie potrzebne s\u0105: lepsza obs\u0142uga klienta, wy\u017csza motywacja pracownik\u00f3w i bardziej przyjazne \u015brodowisko pracy. Skoro Pike Place Fish, firma w ma\u0142o atrakcyjnej bran\u017cy, gdzie potrzebna jest ci\u0119\u017cka praca fizyczna, osi\u0105gn\u0119\u0142a tak wiele, to wyobra\u017a sobie, co mo\u017cesz osi\u0105gn\u0105\u0107 ty w swojej organizacji. *** Mened\u017cerowie i przedsi\u0119biorcy cz\u0119sto pr\u00f3buj\u0105 zmienia\u0107 zachowania podw\u0142adnych. John Yokoyama zacz\u0105\u0142 od przeciwnej strony. Postanowi\u0142, kim chce by\u0107, i stworzy\u0142 pot\u0119\u017cn\u0105 wizj\u0119. Zamiast wymaga\u0107 rezultat\u00f3w, zainspirowa\u0142 pracownik\u00f3w. Jego firma, Pike Place Fish, sta\u0142a si\u0119 wzorcow\u0105 organizacj\u0105, opisywan\u0105 w podr\u0119cznikach dla mened\u017cer\u00f3w na ca\u0142ym \u015bwiecie. John Yokoyama jest wielkim liderem i ma nam wszystkim do przekazania co\u015b wa\u017cnego. Ta ksi\u0105\u017cka to rewolucja w zarz\u0105dzaniu kadrami. John Christensen, dyrektor zarz\u0105dzaj\u0105cy ChartHouse Learning, wsp\u00f3\u0142autor serii FISH! Yokoyama i Michelli wyja\u015bniaj\u0105, jak znale\u017a\u0107 g\u0142\u0119bszy sens w pracy i w \u017cyciu prywatnym. Zdaj si\u0119 na ich do\u015bwiadczenie. Dowiedz si\u0119, jak motywowa\u0107 ludzi i czym zachwyca\u0107 klient\u00f3w. Ken Blanchard, wsp\u00f3\u0142autor bestseller\u00f3w z serii Jednominutowy Mened\u017cer *** John Yokoyama jest w\u0142a\u015bcicielem \u015bwiatowej s\u0142awy stoiska rybnego Pike Place Fish. Jest zapalonym w\u0119dkarzem: ju\u017c jako dziecko \u0142owi\u0142 z ojcem ryby na wodach Puget Sound. Do\u015bwiadczenie w handlu zdoby\u0142, pracuj\u0105c na straganie ojca na rynku Pike Place w Seattle. W wieku 25 lat przej\u0105\u0142 stoisko rybne, znane dzi\u015b na ca\u0142ym \u015bwiecie jako World Famous Pike Place Fish. Dr Joseph Michelli jest psychologiem, konsultantem do spraw organizacji miejsca pracy, gospodarzem popularnego programu radiowego, zawodowym m\u00f3wc\u0105 i autorem ksi\u0105\u017cki Humor, Play and Laughter. Doradza firmom z ca\u0142ego \u015bwiata, jak tworzy\u0107 inspiruj\u0105ce i przyjazne kultury organizacyjne.<\/p>\n","protected":false},"excerpt":{"rendered":"<p>Autor: John Yokoyama Joseph Michelli T\u0142umacze: Rzycho\u0144 Tomasz Wydawca: Poltext [&hellip;]<\/p>\n","protected":false},"featured_media":13036,"template":"","meta":[],"product_brand":[],"product_cat":[7994,30,7513],"product_tag":[1257,2410,545],"class_list":{"0":"post-13035","1":"product","2":"type-product","3":"status-publish","4":"has-post-thumbnail","6":"product_cat-poradniki","7":"product_cat-zarzadzanie","8":"product_cat-zarzadzanie-zasobami-ludzkimi","9":"product_tag-poradniki","10":"product_tag-praca","11":"product_tag-zarzadzanie-personelem","13":"first","14":"instock","15":"sale","16":"shipping-taxable","17":"purchasable","18":"product-type-simple"},"_links":{"self":[{"href":"https:\/\/ksiegarnia-akademicka.pl\/index.php\/wp-json\/wp\/v2\/product\/13035","targetHints":{"allow":["GET"]}}],"collection":[{"href":"https:\/\/ksiegarnia-akademicka.pl\/index.php\/wp-json\/wp\/v2\/product"}],"about":[{"href":"https:\/\/ksiegarnia-akademicka.pl\/index.php\/wp-json\/wp\/v2\/types\/product"}],"wp:featuredmedia":[{"embeddable":true,"href":"https:\/\/ksiegarnia-akademicka.pl\/index.php\/wp-json\/wp\/v2\/media\/13036"}],"wp:attachment":[{"href":"https:\/\/ksiegarnia-akademicka.pl\/index.php\/wp-json\/wp\/v2\/media?parent=13035"}],"wp:term":[{"taxonomy":"product_brand","embeddable":true,"href":"https:\/\/ksiegarnia-akademicka.pl\/index.php\/wp-json\/wp\/v2\/product_brand?post=13035"},{"taxonomy":"product_cat","embeddable":true,"href":"https:\/\/ksiegarnia-akademicka.pl\/index.php\/wp-json\/wp\/v2\/product_cat?post=13035"},{"taxonomy":"product_tag","embeddable":true,"href":"https:\/\/ksiegarnia-akademicka.pl\/index.php\/wp-json\/wp\/v2\/product_tag?post=13035"}],"curies":[{"name":"wp","href":"https:\/\/api.w.org\/{rel}","templated":true}]}}