{"id":13010,"date":"2020-08-26T09:27:22","date_gmt":"2020-08-26T07:27:22","guid":{"rendered":"http:\/\/ksiegarnia-akademicka.pl\/?post_type=product&#038;p=13010"},"modified":"2024-12-05T08:22:11","modified_gmt":"2024-12-05T07:22:11","slug":"ak-wytresowac-lorda-o-elitarnych-szkolach-z-internatem-stiff-upper-lip","status":"publish","type":"product","link":"https:\/\/ksiegarnia-akademicka.pl\/index.php\/product\/ak-wytresowac-lorda-o-elitarnych-szkolach-z-internatem-stiff-upper-lip\/","title":{"rendered":"Jak wytresowa\u0107 lorda O elitarnych szko\u0142ach z internatem Stiff Upper Lip"},"content":{"rendered":"<p>Autor:<br \/>\nAlex Renton<br \/>\nT\u0142umacze: Rasmus-Zgorzelska Agnieszka<br \/>\nWydawca: Pr\u00f3szy\u0144ski Media<br \/>\nOprawa: Mi\u0119kka<br \/>\nFormat: 13.5&#215;21.0cm<br \/>\nLiczba stron: 480<br \/>\nWydanie: 1<br \/>\nRok wydania: 2020<br \/>\nJ\u0119zyk wydania: polski<\/p>\n<p>Na jakie krzywdy brytyjski rodzic jest w stanie skaza\u0107 dziecko, \u017ceby mog\u0142o zrobi\u0107 karier\u0119? Gdy Alex Renton opublikowa\u0142 w &#8222;Observerze&#8221; artyku\u0142 o tym, jak by\u0142 krzywdzony w swojej szkole z internatem, otrzyma\u0142 setki list\u00f3w z podobnymi historiami. Sta\u0142y si\u0119 one punktem wyj\u015bcia do ksi\u0105\u017cki, kt\u00f3ra jest jednocze\u015bnie reporta\u017cem, autobiografi\u0105 i publicystyk\u0105. Prywatne szko\u0142y, w kt\u00f3rych czesne wynosi kilkadziesi\u0105t tysi\u0119cy funt\u00f3w rocznie, to dla Brytyjczyk\u00f3w wa\u017cny symbol przynale\u017cno\u015bci do elity, a dla reszty \u015bwiata &#8211; bajkowa rzeczywisto\u015b\u0107 rodem z &#8222;Harry\u2019ego Pottera&#8221;. Tymczasem Renton ods\u0142ania zupe\u0142nie inne oblicze szk\u00f3\u0142 z internatem. Pisze o sadyzmie nauczycieli, wyrachowaniu dyrektor\u00f3w, panuj\u0105cej w tych plac\u00f3wkach zmowie milczenia na temat dzia\u0142alno\u015bci pedofil\u00f3w. O tym, jak kilku i kilkunastoletnie dzieci molestowane seksualnie przez opiekun\u00f3w by\u0142y dotkliwie karane za jakiekolwiek pr\u00f3by ujawnienia procederu. I o smutnej przyczynie legendarnej angielskiej &#8222;flegmy&#8221;, czyli narzucanej przez wieki brytyjskim elitom kulturze trzymania fasonu bez wzgl\u0119du na wszystko. Ale w tej historii najbardziej zdumiewaj\u0105ce jest, dlaczego brytyjscy rodzice, kt\u00f3rzy sami przeszli przez piek\u0142o szk\u00f3\u0142 z internatem, posy\u0142aj\u0105 do nich w\u0142asne dzieci. Alex Renton &#8211; ur. 1961, brytyjski dziennikarz. Pracuje m.in. dla takich pism, jak &#8222;Independent&#8221;, &#8222;Guardian&#8221;, &#8222;Observer&#8221;, &#8222;Times&#8221;, &#8222;Daily Mail&#8221;, &#8222;Prospect Magazine&#8221; czy &#8222;Newsweek&#8221;, a tak\u017ce dla radia i telewizji. Specjalizuje si\u0119 w reporta\u017cu, dziennikarstwie spo\u0142ecznym i \u015bledczym. Wielokrotnie nagradzany za swoje teksty.<\/p>\n","protected":false},"excerpt":{"rendered":"<p>Autor: Alex Renton T\u0142umacze: Rasmus-Zgorzelska Agnieszka Wydawca: Pr\u00f3szy\u0144ski Media Oprawa: [&hellip;]<\/p>\n","protected":false},"featured_media":13011,"template":"","meta":[],"product_brand":[],"product_cat":[38,28],"product_tag":[3819,45,4451],"class_list":{"0":"post-13010","1":"product","2":"type-product","3":"status-publish","4":"has-post-thumbnail","6":"product_cat-historia","7":"product_cat-pedagogika","8":"product_tag-historia-wielkiej-brytanii","9":"product_tag-szkolnictwo","10":"product_tag-wychowanie","12":"first","13":"instock","14":"sale","15":"shipping-taxable","16":"purchasable","17":"product-type-simple"},"_links":{"self":[{"href":"https:\/\/ksiegarnia-akademicka.pl\/index.php\/wp-json\/wp\/v2\/product\/13010","targetHints":{"allow":["GET"]}}],"collection":[{"href":"https:\/\/ksiegarnia-akademicka.pl\/index.php\/wp-json\/wp\/v2\/product"}],"about":[{"href":"https:\/\/ksiegarnia-akademicka.pl\/index.php\/wp-json\/wp\/v2\/types\/product"}],"wp:featuredmedia":[{"embeddable":true,"href":"https:\/\/ksiegarnia-akademicka.pl\/index.php\/wp-json\/wp\/v2\/media\/13011"}],"wp:attachment":[{"href":"https:\/\/ksiegarnia-akademicka.pl\/index.php\/wp-json\/wp\/v2\/media?parent=13010"}],"wp:term":[{"taxonomy":"product_brand","embeddable":true,"href":"https:\/\/ksiegarnia-akademicka.pl\/index.php\/wp-json\/wp\/v2\/product_brand?post=13010"},{"taxonomy":"product_cat","embeddable":true,"href":"https:\/\/ksiegarnia-akademicka.pl\/index.php\/wp-json\/wp\/v2\/product_cat?post=13010"},{"taxonomy":"product_tag","embeddable":true,"href":"https:\/\/ksiegarnia-akademicka.pl\/index.php\/wp-json\/wp\/v2\/product_tag?post=13010"}],"curies":[{"name":"wp","href":"https:\/\/api.w.org\/{rel}","templated":true}]}}