{"id":13008,"date":"2020-08-26T09:23:16","date_gmt":"2020-08-26T07:23:16","guid":{"rendered":"http:\/\/ksiegarnia-akademicka.pl\/?post_type=product&#038;p=13008"},"modified":"2024-12-05T08:22:22","modified_gmt":"2024-12-05T07:22:22","slug":"whistleblowing-zglaszanie-nieprawidlowosci-w-stosunkach-zatrudnienia","status":"publish","type":"product","link":"https:\/\/ksiegarnia-akademicka.pl\/index.php\/product\/whistleblowing-zglaszanie-nieprawidlowosci-w-stosunkach-zatrudnienia\/","title":{"rendered":"Whistleblowing Zg\u0142aszanie nieprawid\u0142owo\u015bci w stosunkach zatrudnienia"},"content":{"rendered":"<p>Autor:<br \/>\nHelena Szewczyk<br \/>\nWydawca: Scholar<br \/>\nOprawa: Twarda<br \/>\nLiczba stron: 378<br \/>\nRok wydania: 2020<br \/>\nJ\u0119zyk wydania: polski<br \/>\nISBN:\t978-83-66470-21-7<\/p>\n<p>Ksi\u0105\u017cka profesor Heleny Szewczyk dotyczy wa\u017cnej i aktualnej problematyki, jak\u0105 stanowi spo\u0142ecznie po\u017c\u0105dane zjawisko whistleblowing. Dotyczy ono sygnalizowania o r\u00f3\u017cnego rodzaju nieprawid\u0142owo\u015bciach w danej organizacji przez osoby zwi\u0105zane z ni\u0105 pracowniczymi i niepracowniczymi stosunkami zatrudnienia.<\/p>\n<p>Autorce uda\u0142o si\u0119 zrealizowa\u0107 zamiar pe\u0142nego uj\u0119cia zagadnienia sygnalizacji, a tym samym prezentowana ksi\u0105\u017cka wype\u0142nia luk\u0119 w polskiej literaturze z zakresu prawa pracy.<\/p>\n<p>Centralnym problemem docieka\u0144 H. Szewczyk jest ustalenie, czy krajowe przepisy prawa pracy, a tak\u017ce innych ga\u0142\u0119zi prawa, zapewniaj\u0105 sygnalistom wystarczaj\u0105c\u0105 ochron\u0119, a w razie odpowiedzi negatywnej, kt\u00f3ra zreszt\u0105 z g\u00f3ry si\u0119 narzuca, ustalenie, jakie nale\u017cy zg\u0142osi\u0107 wnioski de lege ferenda.<\/p>\n<p>z recenzji prof. zw. dr hab. Jerzego Wratnego<\/p>\n<p>Helena Szewczyk \u2013 dr hab. nauk prawnych, d\u0142ugoletni pracownik badawczo-dydaktyczny Instytutu Nauk Prawnych na Wydziale Prawa i Administracji Uniwersytetu \u015al\u0105skiego w Katowicach. Jest absolwentk\u0105 Uniwersytetu Ekonomicznego w Katowicach oraz Uniwersytetu \u015al\u0105skiego. Jej zainteresowania naukowe zwi\u0105zane s\u0105 z polskim i europejskim prawem pracy oraz prawem urz\u0119dniczym. Jest autork\u0105 wielu publikacji naukowych (monografii, studi\u00f3w, artyku\u0142\u00f3w, glos). W swoim dorobku porusza przede wszystkim zagadnienia zwi\u0105zane z indywidualnym prawem pracy, zatrudnieniem w sektorze publicznym oraz zabezpieczeniem spo\u0142ecznym. Czynnie wykonuje zaw\u00f3d radcy prawnego.<\/p>\n","protected":false},"excerpt":{"rendered":"<p>Autor: Helena Szewczyk Wydawca: Scholar Oprawa: Twarda Liczba stron: 378 [&hellip;]<\/p>\n","protected":false},"featured_media":13009,"template":"","meta":[],"product_brand":[],"product_cat":[18,7550],"product_tag":[735,793,538],"class_list":{"0":"post-13008","1":"product","2":"type-product","3":"status-publish","4":"has-post-thumbnail","6":"product_cat-prawo","7":"product_cat-prawo-pracy","8":"product_tag-kadry","9":"product_tag-prawo-pracy","10":"product_tag-zarzadzanie-zasobami-ludzkimi","12":"first","13":"instock","14":"sale","15":"shipping-taxable","16":"purchasable","17":"product-type-simple"},"_links":{"self":[{"href":"https:\/\/ksiegarnia-akademicka.pl\/index.php\/wp-json\/wp\/v2\/product\/13008","targetHints":{"allow":["GET"]}}],"collection":[{"href":"https:\/\/ksiegarnia-akademicka.pl\/index.php\/wp-json\/wp\/v2\/product"}],"about":[{"href":"https:\/\/ksiegarnia-akademicka.pl\/index.php\/wp-json\/wp\/v2\/types\/product"}],"wp:featuredmedia":[{"embeddable":true,"href":"https:\/\/ksiegarnia-akademicka.pl\/index.php\/wp-json\/wp\/v2\/media\/13009"}],"wp:attachment":[{"href":"https:\/\/ksiegarnia-akademicka.pl\/index.php\/wp-json\/wp\/v2\/media?parent=13008"}],"wp:term":[{"taxonomy":"product_brand","embeddable":true,"href":"https:\/\/ksiegarnia-akademicka.pl\/index.php\/wp-json\/wp\/v2\/product_brand?post=13008"},{"taxonomy":"product_cat","embeddable":true,"href":"https:\/\/ksiegarnia-akademicka.pl\/index.php\/wp-json\/wp\/v2\/product_cat?post=13008"},{"taxonomy":"product_tag","embeddable":true,"href":"https:\/\/ksiegarnia-akademicka.pl\/index.php\/wp-json\/wp\/v2\/product_tag?post=13008"}],"curies":[{"name":"wp","href":"https:\/\/api.w.org\/{rel}","templated":true}]}}