{"id":12980,"date":"2020-08-25T13:16:12","date_gmt":"2020-08-25T11:16:12","guid":{"rendered":"http:\/\/ksiegarnia-akademicka.pl\/?post_type=product&#038;p=12980"},"modified":"2020-08-25T13:16:13","modified_gmt":"2020-08-25T11:16:13","slug":"psychologia-dla-coachow","status":"publish","type":"product","link":"https:\/\/ksiegarnia-akademicka.pl\/index.php\/product\/psychologia-dla-coachow\/","title":{"rendered":"Psychologia dla coach\u00f3w"},"content":{"rendered":"<p>Nale\u017cy do serii:<br \/>\nHR<br \/>\nAutor:<br \/>\nMaciej \u015awie\u017cy<br \/>\nWydawca: Wolters Kluwer<br \/>\nOprawa: Mi\u0119kka<br \/>\nFormat: 17.0&#215;24.0cm<br \/>\nLiczba stron: 236<br \/>\nWydanie: 1<br \/>\nRok wydania: 2020<br \/>\nJ\u0119zyk wydania: polski<br \/>\nISBN:\t978-83-8187-919-4<\/p>\n<p>Publikacja zawiera przegl\u0105d koncepcji i wynik\u00f3w bada\u0144 pomocnych w pracy ka\u017cdego coacha. Przedstawione w ksi\u0105\u017cce informacje pozwalaj\u0105 zrozumie\u0107 mechanizm dzia\u0142ania narz\u0119dzi coachingowych, stosowa\u0107 je w odpowiednich okoliczno\u015bciach, krytycznie ocenia\u0107 lub modyfikowa\u0107 odpowiednio do potrzeb.<br \/>\nCzytelnik znajdzie tu cenne wskaz\u00f3wki, jak wspiera\u0107 klient\u00f3w:<br \/>\n&#8211; w podtrzymywaniu motywacji i podejmowaniu wyzwa\u0144;<br \/>\n&#8211; w uczeniu si\u0119 i tw\u00f3rczym podej\u015bciu do przeszk\u00f3d;<br \/>\n&#8211; w budowaniu bardziej trafnego obrazu w\u0142asnej osoby;<br \/>\n&#8211; w rozumieniu i kierowaniu w\u0142asnymi emocjami;<br \/>\n&#8211; w zmianie przekona\u0144 i schemat\u00f3w na bardziej u\u017cyteczne.<br \/>\nAutor opisuje inspirowane wiedz\u0105 psychologiczn\u0105 sesje coachingowe, ilustruj\u0105c je fragmentami przyk\u0142adowych rozm\u00f3w. Podpowiada r\u00f3wnie\u017c, w jaki spos\u00f3b rozstrzygn\u0105\u0107, czy zg\u0142aszaj\u0105ca si\u0119 osoba jest w\u0142a\u015bciwym klientem do pracy coachingowej, czy te\u017c powinna zosta\u0107 skierowana do terapeuty.<\/p>\n","protected":false},"excerpt":{"rendered":"<p>Nale\u017cy do serii: HR Autor: Maciej \u015awie\u017cy Wydawca: Wolters Kluwer [&hellip;]<\/p>\n","protected":false},"featured_media":12981,"template":"","meta":[],"product_brand":[],"product_cat":[7511,27,7509,30],"product_tag":[1720,1439,1186,541],"class_list":{"0":"post-12980","1":"product","2":"type-product","3":"status-publish","4":"has-post-thumbnail","6":"product_cat-kierowanie-i-zarzadzanie","7":"product_cat-nauki-spoleczne","8":"product_cat-psychologia","9":"product_cat-zarzadzanie","10":"product_tag-kierowanie","11":"product_tag-przywodztwo","12":"product_tag-psychologia","13":"product_tag-zarzadzanie","15":"first","16":"instock","17":"sale","18":"shipping-taxable","19":"purchasable","20":"product-type-simple"},"_links":{"self":[{"href":"https:\/\/ksiegarnia-akademicka.pl\/index.php\/wp-json\/wp\/v2\/product\/12980","targetHints":{"allow":["GET"]}}],"collection":[{"href":"https:\/\/ksiegarnia-akademicka.pl\/index.php\/wp-json\/wp\/v2\/product"}],"about":[{"href":"https:\/\/ksiegarnia-akademicka.pl\/index.php\/wp-json\/wp\/v2\/types\/product"}],"wp:featuredmedia":[{"embeddable":true,"href":"https:\/\/ksiegarnia-akademicka.pl\/index.php\/wp-json\/wp\/v2\/media\/12981"}],"wp:attachment":[{"href":"https:\/\/ksiegarnia-akademicka.pl\/index.php\/wp-json\/wp\/v2\/media?parent=12980"}],"wp:term":[{"taxonomy":"product_brand","embeddable":true,"href":"https:\/\/ksiegarnia-akademicka.pl\/index.php\/wp-json\/wp\/v2\/product_brand?post=12980"},{"taxonomy":"product_cat","embeddable":true,"href":"https:\/\/ksiegarnia-akademicka.pl\/index.php\/wp-json\/wp\/v2\/product_cat?post=12980"},{"taxonomy":"product_tag","embeddable":true,"href":"https:\/\/ksiegarnia-akademicka.pl\/index.php\/wp-json\/wp\/v2\/product_tag?post=12980"}],"curies":[{"name":"wp","href":"https:\/\/api.w.org\/{rel}","templated":true}]}}