{"id":12975,"date":"2020-08-25T13:08:21","date_gmt":"2020-08-25T11:08:21","guid":{"rendered":"http:\/\/ksiegarnia-akademicka.pl\/?post_type=product&#038;p=12975"},"modified":"2020-08-25T13:08:22","modified_gmt":"2020-08-25T11:08:22","slug":"propagacja-fal-radiowych-w-sieciach-5g-iot","status":"publish","type":"product","link":"https:\/\/ksiegarnia-akademicka.pl\/index.php\/product\/propagacja-fal-radiowych-w-sieciach-5g-iot\/","title":{"rendered":"Propagacja fal radiowych w sieciach 5G\/IoT"},"content":{"rendered":"<p>Autor:<br \/>\nRyszard J. Katulski<br \/>\nWydawca: Wydawnictwa Komunikacji i \u0141\u0105czno\u015bci WK\u0141<br \/>\nOprawa: Mi\u0119kka<br \/>\nFormat: 16.5&#215;24.0cm<br \/>\nLiczba stron: 244<br \/>\nWydanie: 1<br \/>\nRok wydania: 2020<br \/>\nJ\u0119zyk wydania: polski<br \/>\nISBN:\t978-83-206-2021-4<\/p>\n<p>W ksi\u0105\u017cce przedstawiono metody analizy mechanizm\u00f3w rozchodzenia si\u0119 fal radiowych oraz metodyk\u0119 oceny i obliczania t\u0142umienia w r\u00f3\u017cnych \u015brodowiskach propagacyjnych. Uwzgl\u0119dniono odpowiednie zalecenia ITU-R oraz ETSI, odnosz\u0105ce si\u0119 do poszczeg\u00f3lnych zagadnie\u0144, maj\u0105ce du\u017ce znaczenie praktyczne przy projektowaniu system\u00f3w radiokomunikacyjnych pi\u0105tej generacji (5G) oraz tzw. Internetu Rzeczy (IoT).<br \/>\nOdbiocy: pracownicy naukowi i studenci wy\u017cszych uczelni technicznych o kierunkach elektronika i telekomunikacja oraz in\u017cynierowie projektanci system\u00f3w radiokomunikacyjnych, jak r\u00f3wnie\u017c wszyscy zainteresowani problematyk\u0105 sieci 5G\/IoT.<\/p>\n","protected":false},"excerpt":{"rendered":"<p>Autor: Ryszard J. Katulski Wydawca: Wydawnictwa Komunikacji i \u0141\u0105czno\u015bci WK\u0141 [&hellip;]<\/p>\n","protected":false},"featured_media":12976,"template":"","meta":[],"product_brand":[],"product_cat":[41,8026],"product_tag":[7423,3417],"class_list":{"0":"post-12975","1":"product","2":"type-product","3":"status-publish","4":"has-post-thumbnail","6":"product_cat-nauki-techniczne","7":"product_cat-telekomunikacja","8":"product_tag-fale-elektromagnetyczne","9":"product_tag-telekomunikacja","11":"first","12":"instock","13":"sale","14":"shipping-taxable","15":"purchasable","16":"product-type-simple"},"_links":{"self":[{"href":"https:\/\/ksiegarnia-akademicka.pl\/index.php\/wp-json\/wp\/v2\/product\/12975","targetHints":{"allow":["GET"]}}],"collection":[{"href":"https:\/\/ksiegarnia-akademicka.pl\/index.php\/wp-json\/wp\/v2\/product"}],"about":[{"href":"https:\/\/ksiegarnia-akademicka.pl\/index.php\/wp-json\/wp\/v2\/types\/product"}],"wp:featuredmedia":[{"embeddable":true,"href":"https:\/\/ksiegarnia-akademicka.pl\/index.php\/wp-json\/wp\/v2\/media\/12976"}],"wp:attachment":[{"href":"https:\/\/ksiegarnia-akademicka.pl\/index.php\/wp-json\/wp\/v2\/media?parent=12975"}],"wp:term":[{"taxonomy":"product_brand","embeddable":true,"href":"https:\/\/ksiegarnia-akademicka.pl\/index.php\/wp-json\/wp\/v2\/product_brand?post=12975"},{"taxonomy":"product_cat","embeddable":true,"href":"https:\/\/ksiegarnia-akademicka.pl\/index.php\/wp-json\/wp\/v2\/product_cat?post=12975"},{"taxonomy":"product_tag","embeddable":true,"href":"https:\/\/ksiegarnia-akademicka.pl\/index.php\/wp-json\/wp\/v2\/product_tag?post=12975"}],"curies":[{"name":"wp","href":"https:\/\/api.w.org\/{rel}","templated":true}]}}