{"id":12973,"date":"2020-08-25T13:05:51","date_gmt":"2020-08-25T11:05:51","guid":{"rendered":"http:\/\/ksiegarnia-akademicka.pl\/?post_type=product&#038;p=12973"},"modified":"2020-08-25T13:05:52","modified_gmt":"2020-08-25T11:05:52","slug":"makroekonomia-behawioralna-jak-wyjasniac-zjawiska-makroekonomiczne-z-wykorzystaniem-ekonomii-behawioralnej","status":"publish","type":"product","link":"https:\/\/ksiegarnia-akademicka.pl\/index.php\/product\/makroekonomia-behawioralna-jak-wyjasniac-zjawiska-makroekonomiczne-z-wykorzystaniem-ekonomii-behawioralnej\/","title":{"rendered":"Makroekonomia behawioralna. Jak wyja\u015bnia\u0107 zjawiska makroekonomiczne z wykorzystaniem ekonomii behawioralnej"},"content":{"rendered":"<p>Autor:<br \/>\nKrzysztof Orlik<br \/>\nWydawca: CeDeWu<br \/>\nOprawa: Mi\u0119kka<br \/>\nFormat: 16.5&#215;23.5cm<br \/>\nLiczba stron: 222<br \/>\nRok wydania: 2020<br \/>\nJ\u0119zyk wydania: polski<br \/>\nISBN:\t978-83-8102-398-6<\/p>\n<p>Codziennie na ca\u0142ym \u015bwiecie ludzie podejmuj\u0105 nie w pe\u0142ni racjonalne lub wr\u0119cz ca\u0142kowicie nieracjonalne decyzje, kt\u00f3re dotycz\u0105 ekonomicznej sfery ich \u017cycia. Emocjonalne decyzje w inwestowaniu, niewystarczaj\u0105cy poziom oszcz\u0119dzania na emerytur\u0119, wpadanie w pu\u0142apki zastawiane przez specjalist\u00f3w od marketingu i sprzedawc\u00f3w s\u0105 czym\u015b powszechnym i odleg\u0142ym od dzia\u0142ania idealnego \u201eracjonalnego decydenta&#8221;. K\u0142opoty z ocen\u0105 ryzyka, uleganie sugestywnym opowie\u015bciom, zachowania altruistyczne, ch\u0119\u0107 odwzajemnienia przys\u0142ug prowadz\u0105 niejednokrotnie do b\u0142\u0119d\u00f3w decyzyjnych.<\/p>\n<p>W pewnych warunkach indywidualne b\u0142\u0119dy nabieraj\u0105 charakteru zbiorowego i wp\u0142ywaj\u0105 na opisywane przez makroekonomi\u0119 takie zjawiska, jak: bezrobocie, inflacja, kierunek polityki pieni\u0119\u017cnej, poziom oszcz\u0119dzania i konsumpcji, nadmierna zmienno\u015b\u0107 cen akcji, nieruchomo\u015bci i innych aktyw\u00f3w. Rosn\u0105ce ba\u0144ki cenowe mog\u0105 prowadzi\u0107 do zaburzenia cyklu ekonomicznego, a w najbardziej drastycznej formie do kryzysu ekonomicznego i recesji w skali og\u00f3lnokrajowej lub globalnej.<br \/>\nKlasyczna ekonomia w wyja\u015bnianiu tych zjawisk opiera si\u0119 na za\u0142o\u017ceniu istnienia racjonalnego decydenta, podczas gdy ekonomia behawioralna dopuszcza b\u0142\u0119dy poznawcze, ograniczenia ludzkiego umys\u0142u w przetwarzaniu ogromnej ilo\u015bci danych, presj\u0119 czasu czy po prostu pewne lenistwo ludzkiego umys\u0142u. Makroekonomia behawioralna s\u0142u\u017cy w\u0142a\u015bnie wyja\u015bnianiu zjawisk o wielkiej skali, bior\u0105c pod uwag\u0119 b\u0142\u0119dy i odst\u0119pstwa od racjonalno\u015bci w ekonomicznym funkcjonowaniu ludzi. Ksi\u0105\u017cka opisuje rezultaty ponad trzech dekad bada\u0144 w tej dziedzinie.<\/p>\n","protected":false},"excerpt":{"rendered":"<p>Autor: Krzysztof Orlik Wydawca: CeDeWu Oprawa: Mi\u0119kka Format: 16.5&#215;23.5cm Liczba [&hellip;]<\/p>\n","protected":false},"featured_media":12974,"template":"","meta":[],"product_brand":[],"product_cat":[17,7499],"product_tag":[337,8036],"class_list":{"0":"post-12973","1":"product","2":"type-product","3":"status-publish","4":"has-post-thumbnail","6":"product_cat-ekonomia","7":"product_cat-makro-i-mikroekonomia","8":"product_tag-ekonomia","9":"product_tag-makroekonomia-behawioralna","11":"first","12":"instock","13":"sale","14":"shipping-taxable","15":"purchasable","16":"product-type-simple"},"_links":{"self":[{"href":"https:\/\/ksiegarnia-akademicka.pl\/index.php\/wp-json\/wp\/v2\/product\/12973","targetHints":{"allow":["GET"]}}],"collection":[{"href":"https:\/\/ksiegarnia-akademicka.pl\/index.php\/wp-json\/wp\/v2\/product"}],"about":[{"href":"https:\/\/ksiegarnia-akademicka.pl\/index.php\/wp-json\/wp\/v2\/types\/product"}],"wp:featuredmedia":[{"embeddable":true,"href":"https:\/\/ksiegarnia-akademicka.pl\/index.php\/wp-json\/wp\/v2\/media\/12974"}],"wp:attachment":[{"href":"https:\/\/ksiegarnia-akademicka.pl\/index.php\/wp-json\/wp\/v2\/media?parent=12973"}],"wp:term":[{"taxonomy":"product_brand","embeddable":true,"href":"https:\/\/ksiegarnia-akademicka.pl\/index.php\/wp-json\/wp\/v2\/product_brand?post=12973"},{"taxonomy":"product_cat","embeddable":true,"href":"https:\/\/ksiegarnia-akademicka.pl\/index.php\/wp-json\/wp\/v2\/product_cat?post=12973"},{"taxonomy":"product_tag","embeddable":true,"href":"https:\/\/ksiegarnia-akademicka.pl\/index.php\/wp-json\/wp\/v2\/product_tag?post=12973"}],"curies":[{"name":"wp","href":"https:\/\/api.w.org\/{rel}","templated":true}]}}