{"id":12960,"date":"2020-08-25T12:00:05","date_gmt":"2020-08-25T10:00:05","guid":{"rendered":"http:\/\/ksiegarnia-akademicka.pl\/?post_type=product&#038;p=12960"},"modified":"2020-08-25T12:00:05","modified_gmt":"2020-08-25T10:00:05","slug":"terminale-lng-w-strategii-bezpieczenstwa-energetycznego-panstw-atlantyckich-i-czarnomorskich-unii-europejskiej","status":"publish","type":"product","link":"https:\/\/ksiegarnia-akademicka.pl\/index.php\/product\/terminale-lng-w-strategii-bezpieczenstwa-energetycznego-panstw-atlantyckich-i-czarnomorskich-unii-europejskiej\/","title":{"rendered":"Terminale LNG w strategii bezpiecze\u0144stwa energetycznego pa\u0144stw atlantyckich i czarnomorskich Unii Europejskiej"},"content":{"rendered":"<p>Autor:<br \/>\nMiros\u0142aw Skar\u017cy\u0144ski<br \/>\nWydawca: Fundacja na rzecz Czystej Energii<br \/>\nOprawa: Mi\u0119kka<br \/>\nFormat: 15.0&#215;21.0cm<br \/>\nLiczba stron: 168<br \/>\nRok wydania: 2020<br \/>\nJ\u0119zyk wydania: polski<br \/>\nISBN:\t978-83-66264-40-3<\/p>\n<p>Rola gazu ziemnego jako surowca energetycznego w zamo\u017cnych pa\u0144stwach europejskich staje si\u0119 coraz wa\u017cniejsza. Stopniowa wypiera on tradycyjnie wykorzystywany w p\u00f3\u0142nocnej i \u015brodkowej cz\u0119\u015bci Starego Kontynentu w\u0119giel. Wobec nieodwracalno\u015bci procesu dekarbonizacji gospodarki nale\u017cy spodziewa\u0107 si\u0119 dalszego wzmocnienia pozycji &#8222;b\u0142\u0119kitnego paliwa&#8221; na rynku. Z du\u017c\u0105 doz\u0105 prawdopodobie\u0144stwa nale\u017ce\u0107 b\u0119dzie do niego najbli\u017csza dekada. Kluczowego znaczenia w kontek\u015bcie prognozowanego wzrostu popytu na ten surowiec nabiera kwestia zaspokojenia go oraz logistycznych rozwi\u0105za\u0144 zwi\u0105zanych z dystrybucj\u0105 i zaopatrzeniem odbiorc\u00f3w. Naturalne staj\u0105 si\u0119 pytania o infrastruktur\u0119 przesy\u0142ow\u0105 oraz magazynow\u0105, o pozaekonomiczne determinanty podejmowanych decyzji. Seria prac Miros\u0142awa Skar\u017cy\u0144skiego po\u015bwi\u0119cona Terminalom LNG\u201d do kt\u00f3rej nalez\u0105 tak\u017ce \u201eTerminale LNG w strategii bezpiecze\u0144stwa energetycznego pa\u0144stw atlantyckich oraz \u015br\u00f3dziemnomorskich U.E.\u201d jest czym\u015b wi\u0119cej ni\u017c kolejnym g\u0142osem w tocz\u0105cym si\u0119 dyskursie naukowym dotycz\u0105cym dostaw gazu ziemnego. Stanowi pionierskie na gruncie krajowym i mi\u0119dzynarodowym analityczne opracowanie zdefiniowanego tytu\u0142em ksi\u0105\u017cki problemu.<br \/>\nZ recenzji dr hab. in\u017c. Piotra Kwiatkiewicza<\/p>\n","protected":false},"excerpt":{"rendered":"<p>Autor: Miros\u0142aw Skar\u017cy\u0144ski Wydawca: Fundacja na rzecz Czystej Energii Oprawa: [&hellip;]<\/p>\n","protected":false},"featured_media":12961,"template":"","meta":[],"product_brand":[],"product_cat":[7722,26,41],"product_tag":[7845,4247,642],"class_list":{"0":"post-12960","1":"product","2":"type-product","3":"status-publish","4":"has-post-thumbnail","6":"product_cat-energetyka","7":"product_cat-miedzynarodowe-stosunki-gospodarcze","8":"product_cat-nauki-techniczne","9":"product_tag-bezpieczenstwo-miedzynarodowe","10":"product_tag-energetyka","11":"product_tag-transport","13":"first","14":"instock","15":"sale","16":"shipping-taxable","17":"purchasable","18":"product-type-simple"},"_links":{"self":[{"href":"https:\/\/ksiegarnia-akademicka.pl\/index.php\/wp-json\/wp\/v2\/product\/12960","targetHints":{"allow":["GET"]}}],"collection":[{"href":"https:\/\/ksiegarnia-akademicka.pl\/index.php\/wp-json\/wp\/v2\/product"}],"about":[{"href":"https:\/\/ksiegarnia-akademicka.pl\/index.php\/wp-json\/wp\/v2\/types\/product"}],"wp:featuredmedia":[{"embeddable":true,"href":"https:\/\/ksiegarnia-akademicka.pl\/index.php\/wp-json\/wp\/v2\/media\/12961"}],"wp:attachment":[{"href":"https:\/\/ksiegarnia-akademicka.pl\/index.php\/wp-json\/wp\/v2\/media?parent=12960"}],"wp:term":[{"taxonomy":"product_brand","embeddable":true,"href":"https:\/\/ksiegarnia-akademicka.pl\/index.php\/wp-json\/wp\/v2\/product_brand?post=12960"},{"taxonomy":"product_cat","embeddable":true,"href":"https:\/\/ksiegarnia-akademicka.pl\/index.php\/wp-json\/wp\/v2\/product_cat?post=12960"},{"taxonomy":"product_tag","embeddable":true,"href":"https:\/\/ksiegarnia-akademicka.pl\/index.php\/wp-json\/wp\/v2\/product_tag?post=12960"}],"curies":[{"name":"wp","href":"https:\/\/api.w.org\/{rel}","templated":true}]}}