{"id":12902,"date":"2020-08-24T12:16:11","date_gmt":"2020-08-24T10:16:11","guid":{"rendered":"http:\/\/ksiegarnia-akademicka.pl\/?post_type=product&#038;p=12902"},"modified":"2020-08-24T12:16:12","modified_gmt":"2020-08-24T10:16:12","slug":"to-zmienia-wszystko-kapitalizm-kontra-klimat-2","status":"publish","type":"product","link":"https:\/\/ksiegarnia-akademicka.pl\/index.php\/product\/to-zmienia-wszystko-kapitalizm-kontra-klimat-2\/","title":{"rendered":"To zmienia wszystko Kapitalizm kontra klimat"},"content":{"rendered":"<p>Autor:<br \/>\nNaomi Klein<br \/>\nT\u0142umacze: Jankowska Hanna<br \/>\nWydawca: Muza<br \/>\nOprawa: Mi\u0119kka ze skrzyde\u0142kami<br \/>\nFormat: 15.5&#215;23.5cm<br \/>\nLiczba stron: 592<br \/>\nWydanie: 2<br \/>\nRok wydania: 2020<br \/>\nJ\u0119zyk wydania: polski<\/p>\n<p>Ksi\u0105\u017cka Naomi Klein w spos\u00f3b wyczerpuj\u0105cy, \u015bwiadcz\u0105cy o g\u0142\u0119bokiej znajomo\u015bci tematu, a zarazem przyst\u0119pny przedstawia zagro\u017cenia zwi\u0105zane z globalnym ociepleniem i innymi zmianami klimatu, umieszczaj\u0105c je w szerokim kontek\u015bcie \u2013 politycznym, ekonomicznym i spo\u0142ecznym. Podobnie jak w Doktrynie szoku autorka ukazuje ciemn\u0105 stron\u0119 puszczonego na \u017cywio\u0142 neoliberalnego kapitalizmu \u2013 kr\u00f3tko m\u00f3wi\u0105c, jak wolnorynkowy fundamentalizm przyczyni\u0142 si\u0119 do zanieczyszcze\u0144 atmosfery zagra\u017caj\u0105cych ca\u0142ej ludzko\u015bci i jak blokuje pr\u00f3by naprawy istniej\u0105cej sytuacji. Klein przedstawia wa\u017cniejsze ruchy obro\u0144c\u00f3w \u015brodowiska, ich mocne i s\u0142abe punkty (demaskuje np. wsp\u00f3\u0142prac\u0119 niekt\u00f3rych z nich z wielkim biznesem, kt\u00f3rego dzia\u0142ania bynajmniej \u015brodowisku nie s\u0142u\u017c\u0105). Ostrzega przed konsekwencjami ingerowania w klimat za pomoc\u0105 tzw. geoin\u017cynierii czyli modyfikacji pogody poprzez np. wprowadzanie do atmosfery aerozoli siarczanowych. Trze\u017awo opisuj\u0105c zagro\u017cenia i zdaj\u0105c sobie spraw\u0119 z ogromu problem\u00f3w, z jakimi b\u0119dzie si\u0119 wi\u0105za\u0107 zmiana dominuj\u0105cej mentalno\u015bci wolnorynkowej, odej\u015bcie od fetyszyzacji wzrostu i nawyk\u00f3w konsumpcyjnych, autorka nie maluje wy\u0142\u0105cznie czarnego obrazu, ale pozwala dostrzec nadziej\u0119 w funkcjonuj\u0105cych ju\u017c inicjatywach lokalnych, coraz powszechniejszym korzystaniu z energii odnawialnej i nowych oddolnych ruchach obrony \u015brodowiska. Wraz z No Logo i Doktryn\u0105 szoku nowa ksi\u0105\u017cka Klein stanowi trylogi\u0119, w kt\u00f3rej autorka stawia diagnoz\u0119 kryzys\u00f3w naszego \u015bwiata \u2013 a przy tym ukazuje drogi ich przezwyci\u0119\u017cenia.<\/p>\n","protected":false},"excerpt":{"rendered":"<p>Autor: Naomi Klein T\u0142umacze: Jankowska Hanna Wydawca: Muza Oprawa: Mi\u0119kka [&hellip;]<\/p>\n","protected":false},"featured_media":12903,"template":"","meta":[],"product_brand":[],"product_cat":[17,27,7507,7510,7498],"product_tag":[1949,337,2510,74],"class_list":{"0":"post-12902","1":"product","2":"type-product","3":"status-publish","4":"has-post-thumbnail","6":"product_cat-ekonomia","7":"product_cat-nauki-spoleczne","8":"product_cat-politologia","9":"product_cat-polityka-spoleczna","10":"product_cat-teoria-ekonomii","11":"product_tag-ekologia","12":"product_tag-ekonomia","13":"product_tag-eseje","14":"product_tag-politologia","16":"first","17":"instock","18":"sale","19":"shipping-taxable","20":"purchasable","21":"product-type-simple"},"_links":{"self":[{"href":"https:\/\/ksiegarnia-akademicka.pl\/index.php\/wp-json\/wp\/v2\/product\/12902","targetHints":{"allow":["GET"]}}],"collection":[{"href":"https:\/\/ksiegarnia-akademicka.pl\/index.php\/wp-json\/wp\/v2\/product"}],"about":[{"href":"https:\/\/ksiegarnia-akademicka.pl\/index.php\/wp-json\/wp\/v2\/types\/product"}],"wp:featuredmedia":[{"embeddable":true,"href":"https:\/\/ksiegarnia-akademicka.pl\/index.php\/wp-json\/wp\/v2\/media\/12903"}],"wp:attachment":[{"href":"https:\/\/ksiegarnia-akademicka.pl\/index.php\/wp-json\/wp\/v2\/media?parent=12902"}],"wp:term":[{"taxonomy":"product_brand","embeddable":true,"href":"https:\/\/ksiegarnia-akademicka.pl\/index.php\/wp-json\/wp\/v2\/product_brand?post=12902"},{"taxonomy":"product_cat","embeddable":true,"href":"https:\/\/ksiegarnia-akademicka.pl\/index.php\/wp-json\/wp\/v2\/product_cat?post=12902"},{"taxonomy":"product_tag","embeddable":true,"href":"https:\/\/ksiegarnia-akademicka.pl\/index.php\/wp-json\/wp\/v2\/product_tag?post=12902"}],"curies":[{"name":"wp","href":"https:\/\/api.w.org\/{rel}","templated":true}]}}