{"id":12889,"date":"2020-08-24T11:54:30","date_gmt":"2020-08-24T09:54:30","guid":{"rendered":"http:\/\/ksiegarnia-akademicka.pl\/?post_type=product&#038;p=12889"},"modified":"2020-08-24T11:54:30","modified_gmt":"2020-08-24T09:54:30","slug":"rewolucja-w-eterze","status":"publish","type":"product","link":"https:\/\/ksiegarnia-akademicka.pl\/index.php\/product\/rewolucja-w-eterze\/","title":{"rendered":"Rewolucja w eterze"},"content":{"rendered":"<p>Autor:<br \/>\nWies\u0142aw Jab\u0142o\u0144ski<br \/>\nWydawca: Wojskowy Instytut Wydawniczy<br \/>\nOprawa: Mi\u0119kka ze skrzyde\u0142kami<br \/>\nFormat: 16.5&#215;24.0cm<br \/>\nLiczba stron: 384<br \/>\nRok wydania: 2020<br \/>\nJ\u0119zyk wydania: polski<\/p>\n<p>Opracowana publikacja jest na polskim rynku wydawniczym pozycj\u0105 unikaln\u0105 i poruszaj\u0105c\u0105 tematyk\u0119 \u0142\u0105czno\u015bci bezprzewodowej w SZ RP w ca\u0142ym znanym spektrum historycznym przy jednoczesnym prezentowaniu czytelnikowi wysoko rozwini\u0119tych technologii (high technology), kt\u00f3re s\u0105 obecnie wdra\u017cane i b\u0119d\u0105 dominowa\u0142y na wsp\u00f3\u0142czesnym i przysz\u0142ym polu walki.<\/p>\n<p>Ksi\u0105\u017cka przedstawia najnowsze rozwi\u0105zania techniczne zapewniaj\u0105ce osi\u0105gni\u0119cie wysokiego poziomu zdolno\u015bci do prowadzenia: wojny w wymiarze cybernetycznym i informacyjnym oraz siecicentrycznych dzia\u0142a\u0144 zbrojnych (Network Centric Warfare) na taktycznym poziomie dowodzenia.<\/p>\n<p>Wsp\u00f3\u0142czesne radiostacje zakresu HF\/VHF\/UHF implementuj\u0105 rozwi\u0105zania bezpiecze\u0144stwa bezprzewodowych system\u00f3w \u0142\u0105czno\u015bci gwarantowane przez programowalne modu\u0142y COMSEC\/TRANSEC, kt\u00f3re posiadaj\u0105 certyfikat umo\u017cliwiaj\u0105cy przesy\u0142anie cyfrowej mowy (digital voice) i danych na poziomie Top Secret wydany przez Narodow\u0105 Agencj\u0119 Bezpiecze\u0144stwa USA (National Security Agency).<\/p>\n<p>Obecnie system \u0142\u0105czno\u015bci bezprzewodowej zakresu HF\/VHF\/UHF na poziomie taktycznym ma szczeg\u00f3lne znaczenie, poniewa\u017c zabezpiecza wymian\u0119 informacji i danych na potrzeby system\u00f3w klasy C3IS (Command, Control, Communications and Intelligence System) w wersji HMS (Headquarters Management System) i BMS (Battlefield Management System). Wed\u0142ug za\u0142o\u017ce\u0144 programu FCS (Futur\u0119 Combat Systems) realizowanego w USA systemy klasy HMS i BMS b\u0119d\u0105 determinowa\u0107 rozw\u00f3j system\u00f3w \u0142\u0105czno\u015bci, system\u00f3w uzbrojenia oraz zintegrowanych indywidualnych system\u00f3w bojowych. Wszystkie elementy u\u017cyte do dzia\u0142a\u0144 bojowych stan\u0105 si\u0119 sk\u0142adnikami zintegrowanego systemu walki opartego o zaawansowan\u0105 wymian\u0119 i obr\u00f3bk\u0119 informacji (Network Enabled Capability &#8211; NEC), pocz\u0105wszy od najni\u017cszych szczebli dowodzenia. Zautomatyzowana dystrybucja informacji w systemach HMS i BMS zmienia w zasadniczy spos\u00f3b planowanie i prowadzenie dzia\u0142a\u0144 taktycznych. Funkcjonuj\u0105cy w czasie zbli\u017conym do rzeczywistego system, po\u0142\u0105czony z inteligentnymi systemami planowania dzia\u0142a\u0144, stworzy zdolno\u015b\u0107 do oceny sytuacji, podj\u0119cia decyzji i dystrybucji zada\u0144 w czasie rzeczywistym.<\/p>\n<p>Przyj\u0119ta w publikacji forma prezentacji i narracji zapewnia czynnik wysokiej atrakcyjno\u015bci dla szerokiego grona patriot\u00f3w zainteresowanych problematyk\u0105 obronno\u015bci oraz czynnych i by\u0142ych \u017co\u0142nierzy wojsk \u0142\u0105czno\u015bci, dla kt\u00f3rych ksi\u0105\u017cka opowiada o historii ich s\u0142u\u017cby dla ojczyzny oraz przedstawia dalsz\u0105 drog\u0119 ich nast\u0119pc\u00f3w.<\/p>\n","protected":false},"excerpt":{"rendered":"<p>Autor: Wies\u0142aw Jab\u0142o\u0144ski Wydawca: Wojskowy Instytut Wydawniczy Oprawa: Mi\u0119kka ze [&hellip;]<\/p>\n","protected":false},"featured_media":12890,"template":"","meta":[],"product_brand":[],"product_cat":[41,8026],"product_tag":[7133,3417,642],"class_list":{"0":"post-12889","1":"product","2":"type-product","3":"status-publish","4":"has-post-thumbnail","6":"product_cat-nauki-techniczne","7":"product_cat-telekomunikacja","8":"product_tag-lacznosc","9":"product_tag-telekomunikacja","10":"product_tag-transport","12":"first","13":"instock","14":"sale","15":"shipping-taxable","16":"purchasable","17":"product-type-simple"},"_links":{"self":[{"href":"https:\/\/ksiegarnia-akademicka.pl\/index.php\/wp-json\/wp\/v2\/product\/12889","targetHints":{"allow":["GET"]}}],"collection":[{"href":"https:\/\/ksiegarnia-akademicka.pl\/index.php\/wp-json\/wp\/v2\/product"}],"about":[{"href":"https:\/\/ksiegarnia-akademicka.pl\/index.php\/wp-json\/wp\/v2\/types\/product"}],"wp:featuredmedia":[{"embeddable":true,"href":"https:\/\/ksiegarnia-akademicka.pl\/index.php\/wp-json\/wp\/v2\/media\/12890"}],"wp:attachment":[{"href":"https:\/\/ksiegarnia-akademicka.pl\/index.php\/wp-json\/wp\/v2\/media?parent=12889"}],"wp:term":[{"taxonomy":"product_brand","embeddable":true,"href":"https:\/\/ksiegarnia-akademicka.pl\/index.php\/wp-json\/wp\/v2\/product_brand?post=12889"},{"taxonomy":"product_cat","embeddable":true,"href":"https:\/\/ksiegarnia-akademicka.pl\/index.php\/wp-json\/wp\/v2\/product_cat?post=12889"},{"taxonomy":"product_tag","embeddable":true,"href":"https:\/\/ksiegarnia-akademicka.pl\/index.php\/wp-json\/wp\/v2\/product_tag?post=12889"}],"curies":[{"name":"wp","href":"https:\/\/api.w.org\/{rel}","templated":true}]}}