{"id":12887,"date":"2020-08-24T11:48:24","date_gmt":"2020-08-24T09:48:24","guid":{"rendered":"http:\/\/ksiegarnia-akademicka.pl\/?post_type=product&#038;p=12887"},"modified":"2023-12-21T13:53:08","modified_gmt":"2023-12-21T12:53:08","slug":"zjawisko-plagiatu-a-mlodziez-akademicka-studium-socjopedagogiczne","status":"publish","type":"product","link":"https:\/\/ksiegarnia-akademicka.pl\/index.php\/product\/zjawisko-plagiatu-a-mlodziez-akademicka-studium-socjopedagogiczne\/","title":{"rendered":"Zjawisko plagiatu a m\u0142odzie\u017c akademicka Studium socjopedagogiczne"},"content":{"rendered":"<p>Autor:<br \/>\nAnna Soko\u0142owska<br \/>\nWydawca: Wydawnictwo Naukowe UAM<br \/>\nOprawa: Mi\u0119kka<br \/>\nFormat: 17.0&#215;24.0cm<br \/>\nLiczba stron: 243<br \/>\nWydanie: 1<br \/>\nRok wydania: 2020<br \/>\nJ\u0119zyk wydania: polski<\/p>\n<p>Publikacja przedstawia zjawisko plagiaryzmu w obszarze nauk spo\u0142ecznych na tle przemian funkcji uniwersytetu, kt\u00f3re nast\u0105pi\u0142y w ostatnich dekadach. Na szersze t\u0142o zmian w podej\u015bciu przez student\u00f3w do problemu plagiatu sk\u0142ada si\u0119 sze\u015b\u0107 typ\u00f3w przemian we wsp\u00f3\u0142czesnym spo\u0142ecze\u0144stwie: zmiany statusu wiedzy oraz funkcjonowania wsp\u00f3\u0142czesnego uniwersytetu; zmiany sposobu uczenia si\u0119 m\u0142odzie\u017cy, z systematycznego i linearnego \u2013 na rzecz mozaikowego i sfragmentaryzowanego; przej\u015bcie w systemie oceniania na rzecz \u201ebeznami\u0119tnego\u201d testowania; upadek autorytet\u00f3w i relatywizacja norm moralnych sprzyjaj\u0105cym zachowaniom nieuczciwym; winternalizowana przez wielu m\u0142odych ludzi bezwzgl\u0119dna orientacja na sukces; oraz przemiany kulturowe, a w szczeg\u00f3lno\u015bci zasadniczy wzrost wp\u0142ywu kultury popularnej na to\u017csamo\u015b\u0107 m\u0142odzie\u017cy. Autorka prezentuje rezultaty bada\u0144 przedstawionych w paradygmacie konstruktywistyczno-interpretacyjnym, kt\u00f3re koncentruj\u0105 si\u0119 wok\u00f3\u0142 problemu postrzegania przez wsp\u00f3\u0142czesn\u0105 m\u0142odzie\u017c akademick\u0105 zjawiska plagiatu w kontek\u015bcie do\u015bwiadcze\u0144 w\u0142asnych oraz przemian spo\u0142eczno-kulturowych.<\/p>\n","protected":false},"excerpt":{"rendered":"<p>Autor: Anna Soko\u0142owska Wydawca: Wydawnictwo Naukowe UAM Oprawa: Mi\u0119kka Format: [&hellip;]<\/p>\n","protected":false},"featured_media":12888,"template":"","meta":[],"product_brand":[],"product_cat":[28],"product_tag":[46,51,3197],"class_list":{"0":"post-12887","1":"product","2":"type-product","3":"status-publish","4":"has-post-thumbnail","6":"product_cat-pedagogika","7":"product_tag-dydaktyka","8":"product_tag-pedagogika","9":"product_tag-szkolnictwo-wyzsze","11":"first","12":"outofstock","13":"sale","14":"shipping-taxable","15":"purchasable","16":"product-type-simple"},"_links":{"self":[{"href":"https:\/\/ksiegarnia-akademicka.pl\/index.php\/wp-json\/wp\/v2\/product\/12887","targetHints":{"allow":["GET"]}}],"collection":[{"href":"https:\/\/ksiegarnia-akademicka.pl\/index.php\/wp-json\/wp\/v2\/product"}],"about":[{"href":"https:\/\/ksiegarnia-akademicka.pl\/index.php\/wp-json\/wp\/v2\/types\/product"}],"wp:featuredmedia":[{"embeddable":true,"href":"https:\/\/ksiegarnia-akademicka.pl\/index.php\/wp-json\/wp\/v2\/media\/12888"}],"wp:attachment":[{"href":"https:\/\/ksiegarnia-akademicka.pl\/index.php\/wp-json\/wp\/v2\/media?parent=12887"}],"wp:term":[{"taxonomy":"product_brand","embeddable":true,"href":"https:\/\/ksiegarnia-akademicka.pl\/index.php\/wp-json\/wp\/v2\/product_brand?post=12887"},{"taxonomy":"product_cat","embeddable":true,"href":"https:\/\/ksiegarnia-akademicka.pl\/index.php\/wp-json\/wp\/v2\/product_cat?post=12887"},{"taxonomy":"product_tag","embeddable":true,"href":"https:\/\/ksiegarnia-akademicka.pl\/index.php\/wp-json\/wp\/v2\/product_tag?post=12887"}],"curies":[{"name":"wp","href":"https:\/\/api.w.org\/{rel}","templated":true}]}}