{"id":12883,"date":"2020-08-24T11:43:35","date_gmt":"2020-08-24T09:43:35","guid":{"rendered":"http:\/\/ksiegarnia-akademicka.pl\/?post_type=product&#038;p=12883"},"modified":"2020-08-24T11:43:35","modified_gmt":"2020-08-24T09:43:35","slug":"projekty-naukowe-zarzadzanie-w-praktyce","status":"publish","type":"product","link":"https:\/\/ksiegarnia-akademicka.pl\/index.php\/product\/projekty-naukowe-zarzadzanie-w-praktyce\/","title":{"rendered":"Projekty naukowe Zarz\u0105dzanie w praktyce"},"content":{"rendered":"<p>Autor:<br \/>\nJustyna Ma\u0142kuch-\u015awitalska<br \/>\nWydawca: Wydawnictwo Naukowe PWN<br \/>\nOprawa: Mi\u0119kka<br \/>\nFormat: 14.3&#215;20.5cm<br \/>\nLiczba stron: 244<br \/>\nWydanie: 1<br \/>\nRok wydania: 2020<br \/>\nJ\u0119zyk wydania: polski<\/p>\n<p>Projekty naukowe i grantowe to obecnie podstawowa forma finansowania nauki. Niezale\u017cnie od tego czy to dobre, czy nie \u2013 naukowcy, kt\u00f3rzy chc\u0105 utrzyma\u0107 si\u0119 na uczelniach, musz\u0105 prowadzi\u0107 projekty. Naukowcy na polskich uczelniach s\u0105 w wi\u0119kszo\u015bci nieprzygotowani do tego typu administracyjnych dzia\u0142a\u0144.<br \/>\nAutorka skupia si\u0119 na najcz\u0119stszych problemach: planowanie i harmonogramowanie projektu, zarz\u0105dzanie komunikacj\u0105, bud\u017cetem oraz wynikami bada\u0144. Opr\u00f3cz tego w ksi\u0105\u017cce zostan\u0105 poruszone g\u0142o\u015bne kwestie wdra\u017cania i komercjalizacji wynik\u00f3w. Ksi\u0105\u017cka przygotowywana jest cz\u0119\u015bciowo w oparciu o angielsk\u0105 i francusk\u0105 literatur\u0119, ale przede wszystkim \u2013 do\u015bwiadczenia autorki z pracy z polskimi naukowcami i z prowadzenia w\u0142asnych projekt\u00f3w. Ksi\u0105\u017cka adresowana do naukowc\u00f3w zarz\u0105dzaj\u0105cych lub przygotowuj\u0105cych si\u0119 do zarz\u0105dzania projektami naukowymi.<\/p>\n","protected":false},"excerpt":{"rendered":"<p>Autor: Justyna Ma\u0142kuch-\u015awitalska Wydawca: Wydawnictwo Naukowe PWN Oprawa: Mi\u0119kka Format: [&hellip;]<\/p>\n","protected":false},"featured_media":12884,"template":"","meta":[],"product_brand":[],"product_cat":[7511,30],"product_tag":[8025,1486],"class_list":{"0":"post-12883","1":"product","2":"type-product","3":"status-publish","4":"has-post-thumbnail","6":"product_cat-kierowanie-i-zarzadzanie","7":"product_cat-zarzadzanie","8":"product_tag-projekty-naukowe","9":"product_tag-zarzadzanie-projektami","11":"first","12":"instock","13":"sale","14":"shipping-taxable","15":"purchasable","16":"product-type-simple"},"_links":{"self":[{"href":"https:\/\/ksiegarnia-akademicka.pl\/index.php\/wp-json\/wp\/v2\/product\/12883","targetHints":{"allow":["GET"]}}],"collection":[{"href":"https:\/\/ksiegarnia-akademicka.pl\/index.php\/wp-json\/wp\/v2\/product"}],"about":[{"href":"https:\/\/ksiegarnia-akademicka.pl\/index.php\/wp-json\/wp\/v2\/types\/product"}],"wp:featuredmedia":[{"embeddable":true,"href":"https:\/\/ksiegarnia-akademicka.pl\/index.php\/wp-json\/wp\/v2\/media\/12884"}],"wp:attachment":[{"href":"https:\/\/ksiegarnia-akademicka.pl\/index.php\/wp-json\/wp\/v2\/media?parent=12883"}],"wp:term":[{"taxonomy":"product_brand","embeddable":true,"href":"https:\/\/ksiegarnia-akademicka.pl\/index.php\/wp-json\/wp\/v2\/product_brand?post=12883"},{"taxonomy":"product_cat","embeddable":true,"href":"https:\/\/ksiegarnia-akademicka.pl\/index.php\/wp-json\/wp\/v2\/product_cat?post=12883"},{"taxonomy":"product_tag","embeddable":true,"href":"https:\/\/ksiegarnia-akademicka.pl\/index.php\/wp-json\/wp\/v2\/product_tag?post=12883"}],"curies":[{"name":"wp","href":"https:\/\/api.w.org\/{rel}","templated":true}]}}