{"id":12881,"date":"2020-08-24T11:40:36","date_gmt":"2020-08-24T09:40:36","guid":{"rendered":"http:\/\/ksiegarnia-akademicka.pl\/?post_type=product&#038;p=12881"},"modified":"2020-08-24T11:41:02","modified_gmt":"2020-08-24T09:41:02","slug":"prawo-pracy-czyje-res-publica-o-stosunku-pracy-teoretycznoprawnie","status":"publish","type":"product","link":"https:\/\/ksiegarnia-akademicka.pl\/index.php\/product\/prawo-pracy-czyje-res-publica-o-stosunku-pracy-teoretycznoprawnie\/","title":{"rendered":"Prawo pracy czyje? Res publica! O stosunku pracy teoretycznoprawnie"},"content":{"rendered":"<p>Autor:<br \/>\nAnna Musia\u0142a<br \/>\nWydawca: Wydawnictwo Naukowe UAM<br \/>\nOprawa: Mi\u0119kka<br \/>\nFormat: 17.0&#215;24.0cm<br \/>\nLiczba stron: 264<br \/>\nWydanie: 1<br \/>\nRok wydania: 2020<br \/>\nJ\u0119zyk wydania: polski<\/p>\n<p>Przedstawione do recenzji opracowanie porusza interesuj\u0105cy problem stosunku pracy z punktu widzenia za\u0142o\u017ce\u0144 teorii prawa. Na wst\u0119pie nale\u017cy zaznaczy\u0107, i\u017c recenzowana ksi\u0105\u017cka jest monografi\u0105 prawnicz\u0105 \u0142\u0105cz\u0105c\u0105 w subtelny spos\u00f3b dogmatyk\u0119 prawa pracy z refleksj\u0105 teoretyczn\u0105. Podkre\u015bli\u0107 trzeba r\u00f3wnie\u017c, i\u017c recenzowana monografia stanowi uczt\u0119 intelektualn\u0105 dla teoretyka prawa pracy. W spos\u00f3b zgo\u0142a refleksyjny stanowi wy\u015bmienity przyk\u0142ad integracji wewn\u0119trznej prawoznawstwa. Na tym etapie recenzent dostrzega, i\u017c brakowa\u0142o w pi\u015bmiennictwie prawniczym monografii, kt\u00f3ra by si\u0119 odnosi\u0142a do ca\u0142o\u015bciowego uj\u0119cia problematyki stosunku pracy od strony teoretycznej. Niniejsza monografia wype\u0142nia luk\u0119 albowiem brakuje opracowa\u0144 naukowych maj\u0105cych za przedmiot refleksj\u0105 teoretyczn\u0105 nad ga\u0142\u0119zi\u0105 prawa pracy.<br \/>\nZ tego wzgl\u0119du na szczeg\u00f3lne uznanie zas\u0142uguje fakt, \u017ce Autorka podj\u0119\u0142a si\u0119 tego nie\u0142atwego zadania badawczego, wykazuj\u0105c znajomo\u015b\u0107 fundamentalnych poj\u0119\u0107 i koncepcji teorii prawa. Co wi\u0119cej po\u0142\u0105czy\u0142a owe poj\u0119cia i koncepcje z zagadnieniami szczeg\u00f3\u0142owymi prawa pracy.<\/p>\n<p>Z recenzji prof. Joanny Helios<\/p>\n","protected":false},"excerpt":{"rendered":"<p>Autor: Anna Musia\u0142a Wydawca: Wydawnictwo Naukowe UAM Oprawa: Mi\u0119kka Format: [&hellip;]<\/p>\n","protected":false},"featured_media":12882,"template":"","meta":[],"product_brand":[],"product_cat":[7491,18,7550],"product_tag":[793,5567],"class_list":{"0":"post-12881","1":"product","2":"type-product","3":"status-publish","4":"has-post-thumbnail","6":"product_cat-cywilne","7":"product_cat-prawo","8":"product_cat-prawo-pracy","9":"product_tag-prawo-pracy","10":"product_tag-teoria-prawa","12":"first","13":"instock","14":"sale","15":"shipping-taxable","16":"purchasable","17":"product-type-simple"},"_links":{"self":[{"href":"https:\/\/ksiegarnia-akademicka.pl\/index.php\/wp-json\/wp\/v2\/product\/12881","targetHints":{"allow":["GET"]}}],"collection":[{"href":"https:\/\/ksiegarnia-akademicka.pl\/index.php\/wp-json\/wp\/v2\/product"}],"about":[{"href":"https:\/\/ksiegarnia-akademicka.pl\/index.php\/wp-json\/wp\/v2\/types\/product"}],"wp:featuredmedia":[{"embeddable":true,"href":"https:\/\/ksiegarnia-akademicka.pl\/index.php\/wp-json\/wp\/v2\/media\/12882"}],"wp:attachment":[{"href":"https:\/\/ksiegarnia-akademicka.pl\/index.php\/wp-json\/wp\/v2\/media?parent=12881"}],"wp:term":[{"taxonomy":"product_brand","embeddable":true,"href":"https:\/\/ksiegarnia-akademicka.pl\/index.php\/wp-json\/wp\/v2\/product_brand?post=12881"},{"taxonomy":"product_cat","embeddable":true,"href":"https:\/\/ksiegarnia-akademicka.pl\/index.php\/wp-json\/wp\/v2\/product_cat?post=12881"},{"taxonomy":"product_tag","embeddable":true,"href":"https:\/\/ksiegarnia-akademicka.pl\/index.php\/wp-json\/wp\/v2\/product_tag?post=12881"}],"curies":[{"name":"wp","href":"https:\/\/api.w.org\/{rel}","templated":true}]}}