{"id":12873,"date":"2020-08-24T11:32:51","date_gmt":"2020-08-24T09:32:51","guid":{"rendered":"http:\/\/ksiegarnia-akademicka.pl\/?post_type=product&#038;p=12873"},"modified":"2020-08-24T11:32:52","modified_gmt":"2020-08-24T09:32:52","slug":"nienawisc-w-przestrzeni-publicznej","status":"publish","type":"product","link":"https:\/\/ksiegarnia-akademicka.pl\/index.php\/product\/nienawisc-w-przestrzeni-publicznej\/","title":{"rendered":"Nienawi\u015b\u0107 w przestrzeni publicznej"},"content":{"rendered":"<p>Autor:<br \/>\nUrszula Jakubowska<br \/>\nPiotr Szarota<br \/>\nRedakcja: Jakubowska Urszula, Szarota Piotr<br \/>\nWydawca: Wydawnictwo Naukowe PWN<br \/>\nOprawa: Mi\u0119kka<br \/>\nFormat: 14.8&#215;21.0cm<br \/>\nLiczba stron: 170<br \/>\nWydanie: 1<br \/>\nRok wydania: 2020<\/p>\n<p>Od pewnego czasu w wielu pa\u0144stwach demokratycznych daje si\u0119 zauwa\u017cy\u0107 niezwyk\u0142e nasilenie zjawiska okre\u015blanego jako \u201emowa nienawi\u015bci\u201d albo \u201ej\u0119zyk nienawi\u015bci\u201d. Nienawi\u015b\u0107 \u2013 podobnie jak mi\u0142o\u015b\u0107 czy przyja\u017a\u0144 \u2013 towarzysz\u0105 Homo sapiens od pocz\u0105tku swego istnienia \u2013 i to zar\u00f3wno w relacjach mi\u0119dzyjednostkowych, jak i mi\u0119dzygrupowych. Ostatnio obserwujemy na \u015bwiecie nasilenie si\u0119 postaw nacjonalistycznych, faszyzuj\u0105cych i wykluczaj\u0105cych. W Polsce wzajemne oskar\u017canie si\u0119 dominuje w spo\u0142ecznych relacjach. Hejt ma si\u0119 we wsp\u00f3\u0142czesnej Polsce znakomicie.<br \/>\nTe negatywistyczne postawy doprowadzi\u0142y do pojawienia si\u0119 nowych s\u0142\u00f3w w j\u0119zyku polskim. Angielski czasownik to hate (nienawidzi\u0107) wszed\u0142 do polszczyzny jako \u201ehejt\u201d i robi niezwyk\u0142\u0105 karier\u0119. Pojawiaj\u0105 si\u0119 s\u0142owa od niego pochodne: rzeczowniki: \u201ehejter\u201d, \u201ehejterka\u201d, przymiotnik \u201ehejterski\u201d, czasownik \u201ehejtowa\u0107\u201d. Staj\u0105 si\u0119 cz\u0119sto u\u017cywanymi s\u0142owami w tekstach publicystycznych, a nawet naukowych.<br \/>\nOpowie\u015b\u0107 o nienawi\u015bci snu\u0107 mo\u017cna na r\u00f3\u017cne sposoby. W tym niewielkim tomie starali\u015bmy si\u0119 zaprezentowa\u0107 nie tylko odmienne podej\u015bcia teoretyczne, ale i r\u00f3\u017cne rozwi\u0105zania formalne \u2013 od tekst\u00f3w typowo empirycznych, po rozwa\u017cania natury filozoficznej.<br \/>\nNie ulega w\u0105tpliwo\u015bci, \u017ce nienawi\u015b\u0107 warto bada\u0107 i analizowa\u0107; trzeba te\u017c o niej pisa\u0107, bowiem jedynie w ten spos\u00f3b mo\u017cemy lepiej zrozumie\u0107 wszystkie jej uwarunkowania. W naszych czasach coraz trudniej by\u0107 optymist\u0105, ale nawet je\u015bli zbudowanie \u015bwiata bez nienawi\u015bci nigdy nie b\u0119dzie mo\u017cliwe, mo\u017cemy przynajmniej os\u0142abi\u0107 nieco wp\u0142yw, jaki ma ona na nasze \u017cycie i relacje z innymi.<br \/>\nKsi\u0105\u017cka Nienawi\u015b\u0107 w przestrzeni publicznej i zawarte w niej rozwa\u017cania dostarczaj\u0105 czytelnikowi kluczy do otwarcia namys\u0142u nad rzeczywisto\u015bci\u0105. Namys\u0142u i refleksji, kt\u00f3ra praktycznie wyeliminowana jest z publicznego \u017cycia, zazwyczaj obecnego w demokracji. W Polsce polityczno-ideologiczne podzia\u0142y wyeliminowa\u0142y swobodn\u0105 refleksj\u0119 i dlatego ta ksi\u0105\u017cka mo\u017ce nie\u015b\u0107 te\u017c przyk\u0142ad rozwa\u017ca\u0144, kt\u00f3re staraj\u0105 si\u0119 podda\u0107 analizie to, co bardzo wielu ludzi w Polsce zauwa\u017ca, ale zapewne nie potrafi si\u0119 oprze\u0107 dominuj\u0105cemu sposobowi m\u00f3wienia i reagowania na \u201eprzeciwnika\u201d, kt\u00f3ry ju\u017c od dawna sta\u0142 si\u0119 \u2013 wbrew demokratycznym regu\u0142om \u2013 \u201ewrogiem\u201d.<br \/>\nZ recenzji prof. dr hab. Ireneusza Krzemi\u0144skiego<\/p>\n","protected":false},"excerpt":{"rendered":"<p>Autor: Urszula Jakubowska Piotr Szarota Redakcja: Jakubowska Urszula, Szarota Piotr [&hellip;]<\/p>\n","protected":false},"featured_media":12874,"template":"","meta":[],"product_brand":[],"product_cat":[27,7509],"product_tag":[8024,1186],"class_list":{"0":"post-12873","1":"product","2":"type-product","3":"status-publish","4":"has-post-thumbnail","6":"product_cat-nauki-spoleczne","7":"product_cat-psychologia","8":"product_tag-mowa-nienawisci","9":"product_tag-psychologia","11":"first","12":"instock","13":"sale","14":"shipping-taxable","15":"purchasable","16":"product-type-simple"},"_links":{"self":[{"href":"https:\/\/ksiegarnia-akademicka.pl\/index.php\/wp-json\/wp\/v2\/product\/12873","targetHints":{"allow":["GET"]}}],"collection":[{"href":"https:\/\/ksiegarnia-akademicka.pl\/index.php\/wp-json\/wp\/v2\/product"}],"about":[{"href":"https:\/\/ksiegarnia-akademicka.pl\/index.php\/wp-json\/wp\/v2\/types\/product"}],"wp:featuredmedia":[{"embeddable":true,"href":"https:\/\/ksiegarnia-akademicka.pl\/index.php\/wp-json\/wp\/v2\/media\/12874"}],"wp:attachment":[{"href":"https:\/\/ksiegarnia-akademicka.pl\/index.php\/wp-json\/wp\/v2\/media?parent=12873"}],"wp:term":[{"taxonomy":"product_brand","embeddable":true,"href":"https:\/\/ksiegarnia-akademicka.pl\/index.php\/wp-json\/wp\/v2\/product_brand?post=12873"},{"taxonomy":"product_cat","embeddable":true,"href":"https:\/\/ksiegarnia-akademicka.pl\/index.php\/wp-json\/wp\/v2\/product_cat?post=12873"},{"taxonomy":"product_tag","embeddable":true,"href":"https:\/\/ksiegarnia-akademicka.pl\/index.php\/wp-json\/wp\/v2\/product_tag?post=12873"}],"curies":[{"name":"wp","href":"https:\/\/api.w.org\/{rel}","templated":true}]}}