{"id":12851,"date":"2020-08-24T10:35:12","date_gmt":"2020-08-24T08:35:12","guid":{"rendered":"http:\/\/ksiegarnia-akademicka.pl\/?post_type=product&#038;p=12851"},"modified":"2020-08-24T10:35:13","modified_gmt":"2020-08-24T08:35:13","slug":"place-w-firmie-2020","status":"publish","type":"product","link":"https:\/\/ksiegarnia-akademicka.pl\/index.php\/product\/place-w-firmie-2020\/","title":{"rendered":"P\u0142ace w firmie 2020"},"content":{"rendered":"<p>Redakcja: Kajewska Renata<br \/>\nWydawca: Wiedza i Praktyka<br \/>\nOprawa: Mi\u0119kka<br \/>\nLiczba stron: 324<br \/>\nRok wydania: 2020<br \/>\nJ\u0119zyk wydania: polski<\/p>\n<p>Ostatnia tarcza antykryzysowa \u2013 4.0 wprowadza wiele korzystnych rozwi\u0105za\u0144 dla pracodawc\u00f3w. Warto z nich skorzysta\u0107, a tak\u017ce sprawdzi\u0107, czy w firmie wdro\u017cono wszystkie rozwi\u0105zania, jakie kolejno przynosi\u0142y tarcze 1.0, 2.0 i 3.0. Od 8 marca, 31 marca, 18 kwietnia, 16 maja, 24 czerwca pracodawcy mog\u0105 korzysta\u0107 z wielu mo\u017cliwo\u015bci wsparcia finansowego na mocy kolejnych tarcz antykryzysowych. Sprawd\u017a nowe przepisy i skorzystaj ze wsparcia finansowego. Pami\u0119taj, \u017ce konsekwencje pandemii mo\u017cna ograniczy\u0107 dzi\u0119ki dodatkowym pieni\u0105dzom i nowym uprawnieniom, jakie otrzymali pracodawcy.<\/p>\n","protected":false},"excerpt":{"rendered":"<p>Redakcja: Kajewska Renata Wydawca: Wiedza i Praktyka Oprawa: Mi\u0119kka Liczba [&hellip;]<\/p>\n","protected":false},"featured_media":12852,"template":"","meta":[],"product_brand":[],"product_cat":[18,7550,23],"product_tag":[6185,793,1496],"class_list":{"0":"post-12851","1":"product","2":"type-product","3":"status-publish","4":"has-post-thumbnail","6":"product_cat-prawo","7":"product_cat-prawo-pracy","8":"product_cat-rachunkowosc","9":"product_tag-place","10":"product_tag-prawo-pracy","11":"product_tag-rachunkowosc","13":"first","14":"instock","15":"sale","16":"shipping-taxable","17":"purchasable","18":"product-type-simple"},"_links":{"self":[{"href":"https:\/\/ksiegarnia-akademicka.pl\/index.php\/wp-json\/wp\/v2\/product\/12851","targetHints":{"allow":["GET"]}}],"collection":[{"href":"https:\/\/ksiegarnia-akademicka.pl\/index.php\/wp-json\/wp\/v2\/product"}],"about":[{"href":"https:\/\/ksiegarnia-akademicka.pl\/index.php\/wp-json\/wp\/v2\/types\/product"}],"wp:featuredmedia":[{"embeddable":true,"href":"https:\/\/ksiegarnia-akademicka.pl\/index.php\/wp-json\/wp\/v2\/media\/12852"}],"wp:attachment":[{"href":"https:\/\/ksiegarnia-akademicka.pl\/index.php\/wp-json\/wp\/v2\/media?parent=12851"}],"wp:term":[{"taxonomy":"product_brand","embeddable":true,"href":"https:\/\/ksiegarnia-akademicka.pl\/index.php\/wp-json\/wp\/v2\/product_brand?post=12851"},{"taxonomy":"product_cat","embeddable":true,"href":"https:\/\/ksiegarnia-akademicka.pl\/index.php\/wp-json\/wp\/v2\/product_cat?post=12851"},{"taxonomy":"product_tag","embeddable":true,"href":"https:\/\/ksiegarnia-akademicka.pl\/index.php\/wp-json\/wp\/v2\/product_tag?post=12851"}],"curies":[{"name":"wp","href":"https:\/\/api.w.org\/{rel}","templated":true}]}}