{"id":12839,"date":"2020-08-24T10:09:06","date_gmt":"2020-08-24T08:09:06","guid":{"rendered":"http:\/\/ksiegarnia-akademicka.pl\/?post_type=product&#038;p=12839"},"modified":"2025-04-18T10:20:25","modified_gmt":"2025-04-18T08:20:25","slug":"myslenie-systemowe-wprowadzenie","status":"publish","type":"product","link":"https:\/\/ksiegarnia-akademicka.pl\/index.php\/product\/myslenie-systemowe-wprowadzenie\/","title":{"rendered":"My\u015blenie systemowe Wprowadzenie"},"content":{"rendered":"<p>Autor:<br \/>\nDonella H. Meadows<br \/>\nWydawca: Helion<br \/>\nOprawa: Mi\u0119kka<br \/>\nLiczba stron: 216<br \/>\nRok wydania: 2020<br \/>\nJ\u0119zyk wydania: polski<\/p>\n<p>W z\u0142o\u017conej rzeczywisto\u015bci my\u015blenie systemowe jest kluczowym narz\u0119dziem pozwalaj\u0105cym odnie\u015b\u0107 si\u0119 do licznych wyzwa\u0144: gospodarczych, ekologicznych, politycznych czy spo\u0142ecznych. Tylko w ten spos\u00f3b w codziennych wiadomo\u015bciach mo\u017cna dostrzec przejawy trend\u00f3w, a w trendach &#8211; przejawy struktury. Zrozumienie tych proces\u00f3w pozwala nie tylko na \u0142atwiejsz\u0105 egzystencj\u0119 w \u015bwiecie z\u0142o\u017conych system\u00f3w, ale tak\u017ce na podejmowanie racjonalnych decyzji biznesowych czy politycznych. Bez my\u015blenia systemowego nie mo\u017cna wprowadza\u0107 trwa\u0142ych zmian w systemie na jego r\u00f3\u017cnych poziomach.<\/p>\n<p>Oto prosta ksi\u0105\u017cka o z\u0142o\u017conym \u015bwiecie, napisana dla ka\u017cdego, kto chce zainspirowa\u0107 si\u0119 do rozwi\u0105zywania problem\u00f3w w skali zar\u00f3wno osobistej, jak i globalnej. Zawart\u0105 tu wiedz\u0119 gromadzono przez wiele lat modelowania system\u00f3w, aby w interesuj\u0105cy spos\u00f3b przenie\u015b\u0107 my\u015blenie systemowe z kr\u00f3lestwa komputer\u00f3w i matematyki do \u015bwiata materialnego i pokaza\u0107, jak rozwin\u0105\u0107 umiej\u0119tno\u015bci takiego my\u015blenia w\u0142a\u015bciwe dla charyzmatycznych lider\u00f3w i wizjoner\u00f3w. Podczas lektury \u0142atwo doj\u015b\u0107 do przekonania, \u017ce najwi\u0119ksze \u015bwiatowe problemy &#8211; wojna, g\u0142\u00f3d, ub\u00f3stwo i degradacja \u015brodowiska &#8211; s\u0105 awariami systemu. Aby sobie z nimi poradzi\u0107, nie mo\u017cna wpada\u0107 w pu\u0142apk\u0119 zbyt w\u0105skiego my\u015blenia. \u015awiat stanie si\u0119 lepszy, je\u015bli ludzie rozwin\u0105 podstawowe umiej\u0119tno\u015bci rozumienia z\u0142o\u017conych system\u00f3w i radzenia sobie z nimi &#8211; i temu w\u0142a\u015bnie s\u0142u\u017cy ta publikacja.<\/p>\n<p>W tej ksi\u0105\u017cce mi\u0119dzy innymi:<\/p>\n<p>co to jest system i czym si\u0119 charakteryzuje<br \/>\njak dzia\u0142aj\u0105 systemy i dlaczego s\u0105 tak sprawne<br \/>\nmy\u015blenie systemowe a procesy w biznesie, polityce i \u015bwiatowej ekonomii<br \/>\ningerencja w system: kiedy, w jaki spos\u00f3b i z jakimi konsekwencjami<br \/>\njak \u017cy\u0107 w \u015bwiecie powi\u0105zanych system\u00f3w<br \/>\nNie m\u00f3w o systemie, tylko zrozum, jak dzia\u0142a!<\/p>\n","protected":false},"excerpt":{"rendered":"<p>Autor: Donella H. Meadows Wydawca: Helion Oprawa: Mi\u0119kka Liczba stron: [&hellip;]<\/p>\n","protected":false},"featured_media":12840,"template":"","meta":[],"product_brand":[],"product_cat":[17,36,7498],"product_tag":[337,5062,103],"class_list":{"0":"post-12839","1":"product","2":"type-product","3":"status-publish","4":"has-post-thumbnail","6":"product_cat-ekonomia","7":"product_cat-informatyka","8":"product_cat-teoria-ekonomii","9":"product_tag-ekonomia","10":"product_tag-ekonomia-spoleczna","11":"product_tag-informatyka","13":"first","14":"outofstock","15":"sale","16":"shipping-taxable","17":"purchasable","18":"product-type-simple"},"_links":{"self":[{"href":"https:\/\/ksiegarnia-akademicka.pl\/index.php\/wp-json\/wp\/v2\/product\/12839","targetHints":{"allow":["GET"]}}],"collection":[{"href":"https:\/\/ksiegarnia-akademicka.pl\/index.php\/wp-json\/wp\/v2\/product"}],"about":[{"href":"https:\/\/ksiegarnia-akademicka.pl\/index.php\/wp-json\/wp\/v2\/types\/product"}],"wp:featuredmedia":[{"embeddable":true,"href":"https:\/\/ksiegarnia-akademicka.pl\/index.php\/wp-json\/wp\/v2\/media\/12840"}],"wp:attachment":[{"href":"https:\/\/ksiegarnia-akademicka.pl\/index.php\/wp-json\/wp\/v2\/media?parent=12839"}],"wp:term":[{"taxonomy":"product_brand","embeddable":true,"href":"https:\/\/ksiegarnia-akademicka.pl\/index.php\/wp-json\/wp\/v2\/product_brand?post=12839"},{"taxonomy":"product_cat","embeddable":true,"href":"https:\/\/ksiegarnia-akademicka.pl\/index.php\/wp-json\/wp\/v2\/product_cat?post=12839"},{"taxonomy":"product_tag","embeddable":true,"href":"https:\/\/ksiegarnia-akademicka.pl\/index.php\/wp-json\/wp\/v2\/product_tag?post=12839"}],"curies":[{"name":"wp","href":"https:\/\/api.w.org\/{rel}","templated":true}]}}