{"id":12817,"date":"2020-07-22T09:11:20","date_gmt":"2020-07-22T07:11:20","guid":{"rendered":"http:\/\/ksiegarnia-akademicka.pl\/?post_type=product&#038;p=12817"},"modified":"2024-12-05T08:25:18","modified_gmt":"2024-12-05T07:25:18","slug":"zarzadzanie-talentami-w-polskich-organizacjach-architektura-systemu","status":"publish","type":"product","link":"https:\/\/ksiegarnia-akademicka.pl\/index.php\/product\/zarzadzanie-talentami-w-polskich-organizacjach-architektura-systemu\/","title":{"rendered":"Zarz\u0105dzanie talentami w polskich organizacjach Architektura systemu"},"content":{"rendered":"<p>Autor:<br \/>\nAlicja Mi\u015b<br \/>\nWydawca: Wolters Kluwer<br \/>\nOprawa: Mi\u0119kka<br \/>\nLiczba stron: 188<br \/>\nWydanie: 1<br \/>\nRok wydania: 2020<\/p>\n<p>W publikacji om\u00f3wiono kluczowe zagadnienia zwi\u0105zane z zarz\u0105dzaniem talentami. W organizacjach, kt\u00f3re dbaj\u0105 o sw\u00f3j kapita\u0142 ludzki, rozwija si\u0119 praktyki personalne maj\u0105ce na celu identyfikowanie pracownik\u00f3w utalentowanych, ich utrzymanie w firmie oraz w\u0142a\u015bciwe wkomponowanie ich w zesp\u00f3\u0142 pracowniczy. Autorzy ksi\u0105\u017cki wprowadzaj\u0105 nowe poj\u0119cie \u2013 architektur\u0119 zarz\u0105dzania talentami \u2013 \u0142\u0105cz\u0105ce organizacyjne procesy i narz\u0119dzia z kontekstem zewn\u0119trznym organizacji.<\/p>\n<p>Problematyka zarz\u0105dzania talentami zosta\u0142a przedstawiona z punktu widzenia:<br \/>\n&#8211; strategii organizacji;<br \/>\n&#8211; proces\u00f3w pozyskiwania talent\u00f3w, ich doskonalenia i oceniania;<br \/>\n&#8211; retencji pracownik\u00f3w;<br \/>\n&#8211; zarz\u0105dzania pracownikami spoza grupy talent\u00f3w.<br \/>\nW publikacji zaprezentowano przegl\u0105d polskiej i obcej literatury przedmiotu, a tak\u017ce aktualne wyniki bada\u0144, kt\u00f3re mog\u0105 pos\u0142u\u017cy\u0107 do kszta\u0142towania i optymalizowania praktyk zarz\u0105dczych w odniesieniu do pracownik\u00f3w utalentowanych.<\/p>\n","protected":false},"excerpt":{"rendered":"<p>Autor: Alicja Mi\u015b Wydawca: Wolters Kluwer Oprawa: Mi\u0119kka Liczba stron: [&hellip;]<\/p>\n","protected":false},"featured_media":12818,"template":"","meta":[],"product_brand":[],"product_cat":[30,7513],"product_tag":[735,538],"class_list":{"0":"post-12817","1":"product","2":"type-product","3":"status-publish","4":"has-post-thumbnail","6":"product_cat-zarzadzanie","7":"product_cat-zarzadzanie-zasobami-ludzkimi","8":"product_tag-kadry","9":"product_tag-zarzadzanie-zasobami-ludzkimi","11":"first","12":"instock","13":"sale","14":"shipping-taxable","15":"purchasable","16":"product-type-simple"},"_links":{"self":[{"href":"https:\/\/ksiegarnia-akademicka.pl\/index.php\/wp-json\/wp\/v2\/product\/12817","targetHints":{"allow":["GET"]}}],"collection":[{"href":"https:\/\/ksiegarnia-akademicka.pl\/index.php\/wp-json\/wp\/v2\/product"}],"about":[{"href":"https:\/\/ksiegarnia-akademicka.pl\/index.php\/wp-json\/wp\/v2\/types\/product"}],"wp:featuredmedia":[{"embeddable":true,"href":"https:\/\/ksiegarnia-akademicka.pl\/index.php\/wp-json\/wp\/v2\/media\/12818"}],"wp:attachment":[{"href":"https:\/\/ksiegarnia-akademicka.pl\/index.php\/wp-json\/wp\/v2\/media?parent=12817"}],"wp:term":[{"taxonomy":"product_brand","embeddable":true,"href":"https:\/\/ksiegarnia-akademicka.pl\/index.php\/wp-json\/wp\/v2\/product_brand?post=12817"},{"taxonomy":"product_cat","embeddable":true,"href":"https:\/\/ksiegarnia-akademicka.pl\/index.php\/wp-json\/wp\/v2\/product_cat?post=12817"},{"taxonomy":"product_tag","embeddable":true,"href":"https:\/\/ksiegarnia-akademicka.pl\/index.php\/wp-json\/wp\/v2\/product_tag?post=12817"}],"curies":[{"name":"wp","href":"https:\/\/api.w.org\/{rel}","templated":true}]}}