{"id":12807,"date":"2020-07-22T08:57:15","date_gmt":"2020-07-22T06:57:15","guid":{"rendered":"http:\/\/ksiegarnia-akademicka.pl\/?post_type=product&#038;p=12807"},"modified":"2024-12-05T08:26:02","modified_gmt":"2024-12-05T07:26:02","slug":"bioanalityka-tom-1-nowe-wyzwania-w-bioanalizie-klinicznej-i-ocenie-naturalnych-surowcow-leczniczych","status":"publish","type":"product","link":"https:\/\/ksiegarnia-akademicka.pl\/index.php\/product\/bioanalityka-tom-1-nowe-wyzwania-w-bioanalizie-klinicznej-i-ocenie-naturalnych-surowcow-leczniczych\/","title":{"rendered":"Bioanalityka Tom 1 Nowe wyzwania w bioanalizie klinicznej i ocenie naturalnych surowc\u00f3w leczniczych"},"content":{"rendered":"<p>Autor:<br \/>\nBogus\u0142aw Buszewski<br \/>\nIrena Staneczko-Baranowska<br \/>\nWydawca: Wydawnictwo Naukowe PWN<br \/>\nOprawa: Mi\u0119kka<br \/>\nFormat: 20.5&#215;28.5cm<br \/>\nLiczba stron: 450<br \/>\nWydanie: 1<br \/>\nRok wydania: 2020<br \/>\nJ\u0119zyk wydania: polski<\/p>\n<p>Bioanalityka, to interdyscyplinarna dziedzina wiedzy, kt\u00f3ra stanowi szybko rozwijaj\u0105cy si\u0119 obecnie dzia\u0142 chemii analitycznej.<br \/>\nBioanaliza zaczyna odgrywa\u0107 kluczow\u0105 rol\u0119 w szybko rozwijaj\u0105cych si\u0119 dziedzinach wsp\u00f3\u0142czesnej bionauki w ramach genomiki, proteomiki, metabolomiki, lipidomiki i innych. Umiej\u0119tno\u015b\u0107 doboru odpowiednich metod i narz\u0119dzi, w zale\u017cno\u015bci od rodzaju podejmowanego problemu, jest niezwykle wa\u017cne i cz\u0119sto decyduje o powodzeniu zar\u00f3wno kolejnych etap\u00f3w jak i ca\u0142o\u015bci bada\u0144.<br \/>\nDu\u017ce zainteresowanie bioanalityk\u0105, w tym kszta\u0142cenie na poziomie przedmiot\u00f3w podstawowych i specjalno\u015bciowych, jak r\u00f3wnie\u017c funkcjonowanie specjalno\u015bci \u201eBioanalityka\u201d na wielu uczelniach, potrzeby laboratori\u00f3w klinicznych czy medycyny s\u0105dowej, czy kontroli jako\u015bci produkt\u00f3w spo\u017cywczych i \u017cywno\u015bci, sk\u0142oni\u0142y redaktor\u00f3w naukowych do przygotowania niniejszej ksi\u0105\u017cki. Przedstawione w niej zagadnienia b\u0119d\u0105 przydatne studentom i pracownikom naukowym, pracownikom laboratori\u00f3w badawczych r\u00f3wnie\u017c z pokrewnych dziedzin.<br \/>\nKsi\u0105\u017cka ta jest opracowaniem zbiorowym, w kt\u00f3rym znakomici specjali\u015bci z r\u00f3\u017cnych o\u015brodk\u00f3w naukowych i badawczych w Polsce przedstawili \u2013 potencja\u0142, aplikacje kliniczne i \u015brodowiskowe oraz perspektywy dalszego rozwoju bioanalityki.<br \/>\nPierwszy tom sk\u0142ada si\u0119 z dw\u00f3ch cz\u0119\u015bci:<br \/>\nCz\u0119\u015b\u0107 A Bioanaliza jako \u017ar\u00f3d\u0142o informacji dla diagnostyki, terapii medycznej i dla cel\u00f3w s\u0105dowych CZ\u0118\u015a\u0106 B Surowce naturalne jako \u017ar\u00f3d\u0142o substancji biologicznie aktywnych \u201ePublikacja zosta\u0142a przygotowana przez znakomitych analityk\u00f3w o du\u017cym do\u015bwiadczeniu, cz\u0119sto na podstawie przeprowadzanych w\u0142asnych bada\u0144. Podr\u0119cznik uwzgl\u0119dnia praktycznie wszystkie aspekty bioanalityki. Prezentuje zar\u00f3wno zagadnienia teoretyczne zwi\u0105zane z interdyscyplinarnym charakterem bioanalityki (badania medyczne i farmaceutyczne, analiz\u0119 produkt\u00f3w spo\u017cywczych i \u017cywno\u015bciowych, analiz\u0119 surowc\u00f3w naturalnych jako \u017ar\u00f3d\u0142a substancji aktywnych biologicznych, badania \u015brodowiskowe), jak i przedstawia mo\u017cliwo\u015bci i potencjalne aplikacje metodologiczne. Jako chemik analityk jestem przekonany, \u017ce podr\u0119cznik b\u0119dzie pomocny zar\u00f3wno studentom i pracownikom naukowym uniwersytet\u00f3w i politechnik oraz praktykom pracuj\u0105cych w r\u00f3\u017cnego typu laboratoriach medycznych, farmaceutycznych czy \u015brodowiskowych. Zalet\u0105 ksi\u0105\u017cki jest krytyczne podej\u015bcie do prezentowanego materia\u0142u, omawiane s\u0105 zar\u00f3wno zalety jak i ograniczenia poszczeg\u00f3lnych metodyk analitycznych. W wielu rozdzia\u0142ach przedstawione zosta\u0142y tendencje rozwojowe w danej technice analitycznej, np. miniaturyzacj\u0119 stosowanej aparatury badawczej (lab-on-chip).\u201d<br \/>\nZ recenzji prof. Waldemara Wardenckiego<\/p>\n","protected":false},"excerpt":{"rendered":"<p>Autor: Bogus\u0142aw Buszewski Irena Staneczko-Baranowska Wydawca: Wydawnictwo Naukowe PWN Oprawa: [&hellip;]<\/p>\n","protected":false},"featured_media":12808,"template":"","meta":[],"product_brand":[],"product_cat":[7964,42,7493,7625],"product_tag":[4806,85,3994],"class_list":{"0":"post-12807","1":"product","2":"type-product","3":"status-publish","4":"has-post-thumbnail","6":"product_cat-biochemia","7":"product_cat-chemia","8":"product_cat-medycyna","9":"product_cat-nauki-o-zdrowiu","10":"product_tag-biochemia","11":"product_tag-diagnostyka","12":"product_tag-medycyna","14":"first","15":"instock","16":"sale","17":"shipping-taxable","18":"purchasable","19":"product-type-simple"},"_links":{"self":[{"href":"https:\/\/ksiegarnia-akademicka.pl\/index.php\/wp-json\/wp\/v2\/product\/12807","targetHints":{"allow":["GET"]}}],"collection":[{"href":"https:\/\/ksiegarnia-akademicka.pl\/index.php\/wp-json\/wp\/v2\/product"}],"about":[{"href":"https:\/\/ksiegarnia-akademicka.pl\/index.php\/wp-json\/wp\/v2\/types\/product"}],"wp:featuredmedia":[{"embeddable":true,"href":"https:\/\/ksiegarnia-akademicka.pl\/index.php\/wp-json\/wp\/v2\/media\/12808"}],"wp:attachment":[{"href":"https:\/\/ksiegarnia-akademicka.pl\/index.php\/wp-json\/wp\/v2\/media?parent=12807"}],"wp:term":[{"taxonomy":"product_brand","embeddable":true,"href":"https:\/\/ksiegarnia-akademicka.pl\/index.php\/wp-json\/wp\/v2\/product_brand?post=12807"},{"taxonomy":"product_cat","embeddable":true,"href":"https:\/\/ksiegarnia-akademicka.pl\/index.php\/wp-json\/wp\/v2\/product_cat?post=12807"},{"taxonomy":"product_tag","embeddable":true,"href":"https:\/\/ksiegarnia-akademicka.pl\/index.php\/wp-json\/wp\/v2\/product_tag?post=12807"}],"curies":[{"name":"wp","href":"https:\/\/api.w.org\/{rel}","templated":true}]}}