{"id":12773,"date":"2020-06-24T10:04:43","date_gmt":"2020-06-24T08:04:43","guid":{"rendered":"http:\/\/ksiegarnia-akademicka.pl\/?post_type=product&#038;p=12773"},"modified":"2024-12-05T08:08:29","modified_gmt":"2024-12-05T07:08:29","slug":"kodeks-rodzinny-i-opiekunczy-komentarz-2","status":"publish","type":"product","link":"https:\/\/ksiegarnia-akademicka.pl\/index.php\/product\/kodeks-rodzinny-i-opiekunczy-komentarz-2\/","title":{"rendered":"Kodeks rodzinny i opieku\u0144czy. Komentarz"},"content":{"rendered":"<p>Autor: dr Krystyna Gromek<br \/>\nWydawnictwo: C.H. Beck<br \/>\nSeria: Du\u017ce Komentarze Becka<br \/>\nRok wydania: 2020<br \/>\nWydanie: 7<br \/>\nOprawa: Twarda<br \/>\nLiczba stron: 1093<br \/>\nWaga: 1740 g<br \/>\nISBN: 978-83-8198-577-2<\/p>\n<p>Kodeks rodzinny i opieku\u0144czy jest ustaw\u0105 obejmuj\u0105ca swoim zakresem niezwykle szerok\u0105 problematyk\u0119 stosunk\u00f3w rodzinnych i opieku\u0144czych uwypuklaj\u0105cych instytucj\u0119 ma\u0142\u017ce\u0144stwa, pokrewie\u0144stwa, opieki i kurateli. Swoj\u0105 regulacj\u0105 obejmuje zar\u00f3wno sytuacje zachodz\u0105ce w \u017cyciu codziennym, jak i teoretyczne zagadnienia prawne czy pozaprawne z pogranicza ekonomii, pedagogiki i psychologii.<\/p>\n<p>Monografia jest odpowiedzi\u0105 na nawarstwiaj\u0105ce si\u0119 pytania dotycz\u0105ce zagadnie\u0144 z zakresu prawa rodzinnego i opieku\u0144czego. Stanowi obszerny komentarz do ustawy z 25.2.1964 r. \u2013 Kodeks rodzinny i opieku\u0144czy (t.j. Dz.U. z 2019 r. poz. 2086 ze zm.) z uwzgl\u0119dnieniem najnowszych zmian.<\/p>\n<p>Uwzgl\u0119dniono w niej kwestie dotycz\u0105ce m.in.:<\/p>\n<p>ma\u0142\u017ce\u0144stwa,<br \/>\nustroj\u00f3w maj\u0105tkowych,<br \/>\nobowi\u0105zku alimentacyjnego,<br \/>\ntermin\u00f3w na zaprzeczenie ojcostwa i macierzy\u0144stwa,<br \/>\nsprawowania opieki,<br \/>\nkurateli,<br \/>\nrozwodu,<br \/>\nseparacji.<br \/>\nAutorka w przyst\u0119pny spos\u00f3b wyja\u015bnia poszczeg\u00f3lne przepisy, wzbogacaj\u0105c je o odwo\u0142ania do orzecznictwa S\u0105du Najwy\u017cszego, Naczelnego S\u0105du Administracyjnego z tezami orzecze\u0144 oraz fragmentami uzasadnie\u0144, wyja\u015bniaj\u0105cych trudniejsze tezy, a tak\u017ce orzecznictwo s\u0105d\u00f3w powszechnych i wojew\u00f3dzkich s\u0105d\u00f3w administracyjnych oraz najnowsze pi\u015bmiennictwo w tym przedmiocie.<\/p>\n<p>Kolejne 7. wydanie odnosi si\u0119 r\u00f3wnie\u017c w wyczerpuj\u0105cy spos\u00f3b do najnowszej nowelizacji, dotycz\u0105cej wyd\u0142u\u017cenia termin\u00f3w na zaprzeczenie ojcostwa i macierzy\u0144stwa, kt\u00f3re wesz\u0142y w \u017cycie 30.11.2019 r. zgodnie z ustaw\u0105 z 16.10.2019 r. o zmianie ustawy \u2012 Kodeks rodzinny i opieku\u0144czy oraz niekt\u00f3rych innych ustaw (Dz.U. z 2019 r. poz. 2089).<\/p>\n<p>Ponadto w publikacji uwzgl\u0119dniono ustaw\u0119 z 2.3.2020 r. o szczeg\u00f3lnych rozwi\u0105zaniach zwi\u0105zanych z zapobieganiem, przeciwdzia\u0142aniem i zwalczaniem COVID-19, innych chor\u00f3b zaka\u017anych oraz wywo\u0142anych nimi sytuacji kryzysowych (Dz.U. z 2020 r. poz. 374 ze zm.), w kt\u00f3rej wprowadzono katalog spraw pilnych (wymagaj\u0105cych bezwzgl\u0119dnego rozpoznania), w kt\u00f3rych zapewnione zosta\u0142o sprawowanie przez s\u0105dy wymiaru sprawiedliwo\u015bci.<\/p>\n<p>Dzi\u0119ki wielop\u0142aszczyznowej analizie poruszanych zagadnie\u0144, ksi\u0105\u017cka ta jest kierowana do bardzo szerokiego kr\u0119gu odbiorc\u00f3w. Odpowiedzi na nurtuj\u0105ce pytania znajd\u0105 tu przede wszystkim przedstawiciele wszystkich zawod\u00f3w prawniczych: s\u0119dziowie, prawnicy, notariusze, prokuratorzy, aplikanci i studenci prawa, a tak\u017ce studenci i absolwenci psychologii i pedagogiki, czynni zawodowo pedagodzy, psychologowie, zawodowi i spo\u0142eczni kuratorzy s\u0105dowi, kadra zak\u0142ad\u00f3w dla nieletnich, pracownicy socjalni i powiatowych centr\u00f3w pomocy rodzinie, podmioty zaanga\u017cowane w piecz\u0119 zast\u0119pcz\u0105, a ponadto lekarze i s\u0142u\u017cby medyczne. Ponadto niniejsza publikacja jest przeznaczona r\u00f3wnie\u017c dla rodzic\u00f3w ma\u0142oletnich, kt\u00f3rzy w zwi\u0105zku z wychowywaniem dzieci maj\u0105 problemy natury prawnej.<\/p>\n","protected":false},"excerpt":{"rendered":"<p>Autor: dr Krystyna Gromek Wydawnictwo: C.H. Beck Seria: Du\u017ce Komentarze [&hellip;]<\/p>\n","protected":false},"featured_media":12774,"template":"","meta":[],"product_brand":[],"product_cat":[7491,18],"product_tag":[4584,781],"class_list":{"0":"post-12773","1":"product","2":"type-product","3":"status-publish","4":"has-post-thumbnail","6":"product_cat-cywilne","7":"product_cat-prawo","8":"product_tag-prawo-rodzinne-i-opiekuncze","9":"product_tag-seria-duze-komentarze-becka","11":"first","12":"instock","13":"sale","14":"shipping-taxable","15":"purchasable","16":"product-type-simple"},"_links":{"self":[{"href":"https:\/\/ksiegarnia-akademicka.pl\/index.php\/wp-json\/wp\/v2\/product\/12773","targetHints":{"allow":["GET"]}}],"collection":[{"href":"https:\/\/ksiegarnia-akademicka.pl\/index.php\/wp-json\/wp\/v2\/product"}],"about":[{"href":"https:\/\/ksiegarnia-akademicka.pl\/index.php\/wp-json\/wp\/v2\/types\/product"}],"wp:featuredmedia":[{"embeddable":true,"href":"https:\/\/ksiegarnia-akademicka.pl\/index.php\/wp-json\/wp\/v2\/media\/12774"}],"wp:attachment":[{"href":"https:\/\/ksiegarnia-akademicka.pl\/index.php\/wp-json\/wp\/v2\/media?parent=12773"}],"wp:term":[{"taxonomy":"product_brand","embeddable":true,"href":"https:\/\/ksiegarnia-akademicka.pl\/index.php\/wp-json\/wp\/v2\/product_brand?post=12773"},{"taxonomy":"product_cat","embeddable":true,"href":"https:\/\/ksiegarnia-akademicka.pl\/index.php\/wp-json\/wp\/v2\/product_cat?post=12773"},{"taxonomy":"product_tag","embeddable":true,"href":"https:\/\/ksiegarnia-akademicka.pl\/index.php\/wp-json\/wp\/v2\/product_tag?post=12773"}],"curies":[{"name":"wp","href":"https:\/\/api.w.org\/{rel}","templated":true}]}}