{"id":12735,"date":"2020-04-30T11:55:20","date_gmt":"2020-04-30T09:55:20","guid":{"rendered":"http:\/\/ksiegarnia-akademicka.pl\/?post_type=product&#038;p=12735"},"modified":"2020-04-30T13:15:53","modified_gmt":"2020-04-30T11:15:53","slug":"zapisywanie-swiata-w-poszukiwaniu-antropografii","status":"publish","type":"product","link":"https:\/\/ksiegarnia-akademicka.pl\/index.php\/product\/zapisywanie-swiata-w-poszukiwaniu-antropografii\/","title":{"rendered":"Zapisywanie \u015bwiata W poszukiwaniu antropografii"},"content":{"rendered":"<p>Autor:<br \/>\nKrystian Darmach<br \/>\nWydawca: Wydawnictwo Uniwersytetu \u0141\u00f3dzkiego<br \/>\nOprawa: Mi\u0119kka<br \/>\nFormat: 17.0&#215;24.0cm<br \/>\nLiczba stron: 200<br \/>\nWydanie: 1<br \/>\nRok wydania: 2020<br \/>\nJ\u0119zyk wydania: polski<\/p>\n<p>Przedstawiona w tej ksi\u0105\u017cce antropografia jest propozycj\u0105 atrakcyjn\u0105, chocia\u017c \u2013 jako dzie\u0142o-tekst \u2013 nietypow\u0105. Autor kieruje j\u0105, jak \u0142atwo si\u0119 domy\u015bli\u0107, do czytelnik\u00f3w ch\u0119tnie poznaj\u0105cych podej\u015bcia niestandardowe, prze\u0142amuj\u0105ce swojsk\u0105 badawcz\u0105 \u201enormalno\u015b\u0107\u201d, podporz\u0105dkowan\u0105 starym wsp\u00f3lnotowym paradygmatom. Takich odbiorc\u00f3w nie powinno odstraszy\u0107 z\u0142o\u017cone teoretyczne ugruntowanie antropografii, za to powinna zauroczy\u0107 tworzona w jej ramach opowie\u015b\u0107 o do\u015bwiadczeniu i opisywaniu miasta, kontynuuj\u0105ca wcze\u015bniejsze \u201ebadawczo-pisarskie\u201d pr\u00f3by Autora. Poszukiwanie antropografii to poszukiwanie czego\u015b, co w\u0142a\u015bciwie w antropologii kulturowej i dziedzinach pokrewnych w istocie pod t\u0105 nazw\u0105 nie istnia\u0142o.<br \/>\nPrzy \u015bcis\u0142ych i pe\u0142nych por\u00f3wnaniach, brak dla publikacji Krystiana Darmacha antropologicznej albo antropograficznej konkurencji \u2013 czy to w naukowej literaturze krajowej, czy zagranicznej.<br \/>\nZ recenzji prof. em. U\u0141 dr. hab. Andrzeja Paw\u0142a Wejlanda<\/p>\n","protected":false},"excerpt":{"rendered":"<p>Autor: Krystian Darmach Wydawca: Wydawnictwo Uniwersytetu \u0141\u00f3dzkiego Oprawa: Mi\u0119kka Format: [&hellip;]<\/p>\n","protected":false},"featured_media":12736,"template":"","meta":[],"product_brand":[],"product_cat":[27,7508],"product_tag":[1200,246],"class_list":{"0":"post-12735","1":"product","2":"type-product","3":"status-publish","4":"has-post-thumbnail","6":"product_cat-nauki-spoleczne","7":"product_cat-socjologia","8":"product_tag-antropologia-kultury","9":"product_tag-socjologia","11":"first","12":"instock","13":"sale","14":"shipping-taxable","15":"purchasable","16":"product-type-simple"},"_links":{"self":[{"href":"https:\/\/ksiegarnia-akademicka.pl\/index.php\/wp-json\/wp\/v2\/product\/12735","targetHints":{"allow":["GET"]}}],"collection":[{"href":"https:\/\/ksiegarnia-akademicka.pl\/index.php\/wp-json\/wp\/v2\/product"}],"about":[{"href":"https:\/\/ksiegarnia-akademicka.pl\/index.php\/wp-json\/wp\/v2\/types\/product"}],"wp:featuredmedia":[{"embeddable":true,"href":"https:\/\/ksiegarnia-akademicka.pl\/index.php\/wp-json\/wp\/v2\/media\/12736"}],"wp:attachment":[{"href":"https:\/\/ksiegarnia-akademicka.pl\/index.php\/wp-json\/wp\/v2\/media?parent=12735"}],"wp:term":[{"taxonomy":"product_brand","embeddable":true,"href":"https:\/\/ksiegarnia-akademicka.pl\/index.php\/wp-json\/wp\/v2\/product_brand?post=12735"},{"taxonomy":"product_cat","embeddable":true,"href":"https:\/\/ksiegarnia-akademicka.pl\/index.php\/wp-json\/wp\/v2\/product_cat?post=12735"},{"taxonomy":"product_tag","embeddable":true,"href":"https:\/\/ksiegarnia-akademicka.pl\/index.php\/wp-json\/wp\/v2\/product_tag?post=12735"}],"curies":[{"name":"wp","href":"https:\/\/api.w.org\/{rel}","templated":true}]}}