{"id":12733,"date":"2020-04-30T11:51:32","date_gmt":"2020-04-30T09:51:32","guid":{"rendered":"http:\/\/ksiegarnia-akademicka.pl\/?post_type=product&#038;p=12733"},"modified":"2026-03-11T10:05:56","modified_gmt":"2026-03-11T09:05:56","slug":"interpretacja-ekg-kurs-podstawowy","status":"publish","type":"product","link":"https:\/\/ksiegarnia-akademicka.pl\/index.php\/product\/interpretacja-ekg-kurs-podstawowy\/","title":{"rendered":"Interpretacja EKG Kurs podstawowy"},"content":{"rendered":"<p>Redakcja: Kurpesa Ma\u0142gorzata, Szafran Bartosz<br \/>\nWydawca: PZWL<br \/>\nOprawa: Mi\u0119kka<br \/>\nFormat: 20.5&#215;24.5cm<br \/>\nLiczba stron: 230<br \/>\nRok wydania: 2025<br \/>\nJ\u0119zyk wydania: polski<\/p>\n<p>Publikacja ta jest pierwszym po wielu latach nowoczesnym podr\u0119cznikiem sztuki interpretacji EKG na poziomie podstawowym, uwzgl\u0119dniaj\u0105cym wszystkie zmiany w nazewnictwie elektrokardiograficznym, a tak\u017ce nowe zasady rozpoznawania \u201estarych\u201d chor\u00f3b i niedawno wykrytych schorze\u0144. Powsta\u0142a pod patronatem Sekcji Elektrokardiologii Nieinwazyjnej i Telemedycyny Polskiego Towarzystwa Kardiologicznego. Autorami poszczeg\u00f3lnych rozdzia\u0142\u00f3w s\u0105 wybitni polscy elektrokardiolodzy, kt\u00f3rzy w czytelny spos\u00f3b przekazali umiej\u0119tno\u015b\u0107 interpretacji tego jednego z najprostszych, ale wci\u0105\u017c najwa\u017cniejszych bada\u0144 wsp\u00f3\u0142czesnej kardiologii. Liczne ilustracje w postaci rzeczywistych zapis\u00f3w EKG pomog\u0105 zastosowa\u0107 przedstawion\u0105 wiedz\u0119 w codziennej praktyce.<\/p>\n<p>Podr\u0119cznik ten skierowany jest g\u0142\u00f3wnie do internist\u00f3w, lekarzy rodzinnych oraz os\u00f3b rozpoczynaj\u0105cych specjalizacj\u0119 z kardiologii. B\u0119dzie r\u00f3wnie\u017c przydatny dla ratownik\u00f3w medycznych, piel\u0119gniarek, zainteresowanych kardiologi\u0105 student\u00f3w i wszystkich, kt\u00f3rzy chcieliby wkroczy\u0107 na trudn\u0105 drog\u0119 zdobywania bieg\u0142o\u015bci w sztuce interpretacji EKG.<\/p>\n","protected":false},"excerpt":{"rendered":"<p>Redakcja: Kurpesa Ma\u0142gorzata, Szafran Bartosz Wydawca: PZWL Oprawa: Mi\u0119kka Format: [&hellip;]<\/p>\n","protected":false},"featured_media":21772,"template":"","meta":[],"product_brand":[],"product_cat":[7991,7493,7965],"product_tag":[6148,7057,4645],"class_list":{"0":"post-12733","1":"product","2":"type-product","3":"status-publish","4":"has-post-thumbnail","6":"product_cat-kardiologia","7":"product_cat-medycyna","8":"product_cat-pielegniarstwo","9":"product_tag-diagnostyka-medyczna","10":"product_tag-kardiologia","11":"product_tag-pielegniarstwo","13":"first","14":"outofstock","15":"sale","16":"shipping-taxable","17":"purchasable","18":"product-type-simple"},"_links":{"self":[{"href":"https:\/\/ksiegarnia-akademicka.pl\/index.php\/wp-json\/wp\/v2\/product\/12733","targetHints":{"allow":["GET"]}}],"collection":[{"href":"https:\/\/ksiegarnia-akademicka.pl\/index.php\/wp-json\/wp\/v2\/product"}],"about":[{"href":"https:\/\/ksiegarnia-akademicka.pl\/index.php\/wp-json\/wp\/v2\/types\/product"}],"wp:featuredmedia":[{"embeddable":true,"href":"https:\/\/ksiegarnia-akademicka.pl\/index.php\/wp-json\/wp\/v2\/media\/21772"}],"wp:attachment":[{"href":"https:\/\/ksiegarnia-akademicka.pl\/index.php\/wp-json\/wp\/v2\/media?parent=12733"}],"wp:term":[{"taxonomy":"product_brand","embeddable":true,"href":"https:\/\/ksiegarnia-akademicka.pl\/index.php\/wp-json\/wp\/v2\/product_brand?post=12733"},{"taxonomy":"product_cat","embeddable":true,"href":"https:\/\/ksiegarnia-akademicka.pl\/index.php\/wp-json\/wp\/v2\/product_cat?post=12733"},{"taxonomy":"product_tag","embeddable":true,"href":"https:\/\/ksiegarnia-akademicka.pl\/index.php\/wp-json\/wp\/v2\/product_tag?post=12733"}],"curies":[{"name":"wp","href":"https:\/\/api.w.org\/{rel}","templated":true}]}}