{"id":12710,"date":"2020-04-30T11:23:09","date_gmt":"2020-04-30T09:23:09","guid":{"rendered":"http:\/\/ksiegarnia-akademicka.pl\/?post_type=product&#038;p=12710"},"modified":"2020-04-30T11:23:10","modified_gmt":"2020-04-30T09:23:10","slug":"prawo-pracy-rozporzadzenia-komentarz","status":"publish","type":"product","link":"https:\/\/ksiegarnia-akademicka.pl\/index.php\/product\/prawo-pracy-rozporzadzenia-komentarz\/","title":{"rendered":"Prawo pracy Rozporz\u0105dzenia Komentarz"},"content":{"rendered":"<p>Nale\u017cy do serii:<br \/>\nKOMENTARZE ABC<br \/>\nAutor:<br \/>\nzbiorowe Opracowanie<br \/>\nRedakcja: Baran Krzysztof Wojciech<br \/>\nWydawca: Wolters Kluwer<br \/>\nOprawa: Twarda<br \/>\nFormat: 17.0&#215;24.5cm<br \/>\nLiczba stron: 1100<br \/>\nRok wydania: 2020<br \/>\nJ\u0119zyk wydania: polski<\/p>\n<p>Prawo pracy. Rozporz\u0105dzenia to unikatowy zbi\u00f3r komentarzy do kilkudziesi\u0119ciu rozporz\u0105dze\u0144 precyzuj\u0105cych przepisy indywidualnego i zbiorowego prawa pracy.<br \/>\nW publikacji przedstawiono analiz\u0119 akt\u00f3w wykonawczych reguluj\u0105cych m.in. kwestie:<br \/>\n&#8211; ustalania wynagrodzenia pracownik\u00f3w za okres urlopu i inne okresy niewykonywania pracy,<br \/>\n&#8211; obowi\u0105zk\u00f3w pracodawcy w dziedzinie bezpiecze\u0144stwa i higieny pracy,<br \/>\n&#8211; podr\u00f3\u017cy s\u0142u\u017cbowej,<br \/>\n&#8211; odpowiedzialno\u015bci materialnej pracownik\u00f3w,<br \/>\n&#8211; przygotowania zawodowego m\u0142odocianych,<br \/>\n&#8211; wymog\u00f3w w zakresie prowadzenia akt osobowych i dokumentacji pracowniczej,<br \/>\n&#8211; zasad wystawiania \u015bwiadectwa pracy.<br \/>\nWszystkie zagadnienia zosta\u0142y om\u00f3wione w \u015bcis\u0142ej korelacji z normami rangi ustawowej, w szczeg\u00f3lno\u015bci przepisami Kodeksu pracy.<\/p>\n<p>Wiele miejsca po\u015bwi\u0119cono r\u00f3wnie\u017c aktom wykonawczym z obszaru zbiorowego prawa pracy. Mo\u017cna tu wymieni\u0107 nowe regulacje w sprawie trybu udzielania urlopu bezp\u0142atnego i zwolnie\u0144 od pracy zatrudnionym (nie tylko pracownikom) pe\u0142ni\u0105cym z wyboru funkcje w zwi\u0105zkach zawodowych oraz zakresu uprawnie\u0144 przys\u0142uguj\u0105cych tym osobom w czasie urlopu bezp\u0142atnego i zwolnie\u0144 od pracy. Przedmiotem analizy s\u0105 te\u017c rozporz\u0105dzenia dotycz\u0105ce dofinansowania z bud\u017cetu pa\u0144stwa zwi\u0105zk\u00f3w zawodowych i organizacji pracodawc\u00f3w oraz akty wykonawcze z pogranicza prawa pracy i ubezpiecze\u0144 spo\u0142ecznych,<br \/>\nm.in. okre\u015blaj\u0105ce zasady post\u0119powania w razie wypadku przy pracy.<\/p>\n<p>Warto wskaza\u0107, \u017ce w komentarzu uj\u0119to akty, kt\u00f3re nie by\u0142y dot\u0105d przedmiotem tak szczeg\u00f3\u0142owej analizy, m.in. rozporz\u0105dzenie w sprawie uprawnie\u0144 pracownik\u00f3w zwi\u0105zanych z rodzicielstwem, jak r\u00f3wnie\u017c te najnowsze, w tym obowi\u0105zuj\u0105ce od 2019 r. rozporz\u0105dzenia w sprawie praktycznej nauki zawodu oraz wzoru protoko\u0142u ustalenia okoliczno\u015bci i przyczyn wypadku przy pracy.<\/p>\n<p>W publikacji zaprezentowano nie tylko aktualne przepisy, lecz tak\u017ce dorobek judykatury i doktryny. Autorzy nie ograniczyli si\u0119 do teoretycznej analizy poszczeg\u00f3lnych przepis\u00f3w, ale wskazali r\u00f3wnie\u017c ich praktyczne implikacje i rozwi\u0105zania najcz\u0119\u015bciej pojawiaj\u0105cych si\u0119 w\u0105tpliwo\u015bci. W wielu przypadkach komentarz zosta\u0142 poparty praktycznymi przyk\u0142adami obrazuj\u0105cymi zastosowanie danego przepisu.<\/p>\n","protected":false},"excerpt":{"rendered":"<p>Nale\u017cy do serii: KOMENTARZE ABC Autor: zbiorowe Opracowanie Redakcja: Baran [&hellip;]<\/p>\n","protected":false},"featured_media":12711,"template":"","meta":[],"product_brand":[],"product_cat":[18,7550],"product_tag":[793,8009],"class_list":{"0":"post-12710","1":"product","2":"type-product","3":"status-publish","4":"has-post-thumbnail","6":"product_cat-prawo","7":"product_cat-prawo-pracy","8":"product_tag-prawo-pracy","9":"product_tag-seria-komentarze-abc","11":"first","12":"instock","13":"sale","14":"shipping-taxable","15":"purchasable","16":"product-type-simple"},"_links":{"self":[{"href":"https:\/\/ksiegarnia-akademicka.pl\/index.php\/wp-json\/wp\/v2\/product\/12710","targetHints":{"allow":["GET"]}}],"collection":[{"href":"https:\/\/ksiegarnia-akademicka.pl\/index.php\/wp-json\/wp\/v2\/product"}],"about":[{"href":"https:\/\/ksiegarnia-akademicka.pl\/index.php\/wp-json\/wp\/v2\/types\/product"}],"wp:featuredmedia":[{"embeddable":true,"href":"https:\/\/ksiegarnia-akademicka.pl\/index.php\/wp-json\/wp\/v2\/media\/12711"}],"wp:attachment":[{"href":"https:\/\/ksiegarnia-akademicka.pl\/index.php\/wp-json\/wp\/v2\/media?parent=12710"}],"wp:term":[{"taxonomy":"product_brand","embeddable":true,"href":"https:\/\/ksiegarnia-akademicka.pl\/index.php\/wp-json\/wp\/v2\/product_brand?post=12710"},{"taxonomy":"product_cat","embeddable":true,"href":"https:\/\/ksiegarnia-akademicka.pl\/index.php\/wp-json\/wp\/v2\/product_cat?post=12710"},{"taxonomy":"product_tag","embeddable":true,"href":"https:\/\/ksiegarnia-akademicka.pl\/index.php\/wp-json\/wp\/v2\/product_tag?post=12710"}],"curies":[{"name":"wp","href":"https:\/\/api.w.org\/{rel}","templated":true}]}}