{"id":12708,"date":"2020-04-30T11:21:09","date_gmt":"2020-04-30T09:21:09","guid":{"rendered":"http:\/\/ksiegarnia-akademicka.pl\/?post_type=product&#038;p=12708"},"modified":"2024-12-05T08:09:50","modified_gmt":"2024-12-05T07:09:50","slug":"prawda-i-zycie-dlaczego-prawda-jest-wazna","status":"publish","type":"product","link":"https:\/\/ksiegarnia-akademicka.pl\/index.php\/product\/prawda-i-zycie-dlaczego-prawda-jest-wazna\/","title":{"rendered":"Prawda i \u017cycie Dlaczego prawda jest wa\u017cna"},"content":{"rendered":"<p>Autor:<br \/>\nMichael Patrick Lynch<br \/>\nT\u0142umacze: Misztal Dawid<br \/>\nWydawca: Wydawnictwo Uniwersytetu \u0141\u00f3dzkiego<br \/>\nOprawa: Mi\u0119kka ze skrzyde\u0142kami<br \/>\nFormat: 13.0&#215;21.0cm<br \/>\nLiczba stron: 492<br \/>\nWydanie: 1<br \/>\nRok wydania: 2020<br \/>\nJ\u0119zyk wydania: polski<\/p>\n<p>Cynizm wobec warto\u015bci prawdy zawsze b\u0119dzie w interesie mo\u017cnych. Kiedy r\u00f3\u017cnica mi\u0119dzy tym, co jest, a co nie jest prawdziwe, zaczyna wydawa\u0107 si\u0119 mniej istotna albo mniej uchwytna, narracja dyktatora, skrajnego nacjonalisty b\u0105d\u017a tyrana, staje si\u0119 bardziej uwodzicielska. Opowie\u015bci w\u0142adzy, O czym wiedzieli Orwell, Arendt i Mi\u0142osz, s\u0105 cz\u0119sto przebrane za g\u0142os rozs\u0105dku.<br \/>\nA teraz mog\u0105 by\u0107 przebrane za g\u0142os waszego przyjaciela, kt\u00f3rego echo dochodzi z portalu Facebook. W rzeczywisto\u015bci nie s\u0105 jednak \u017cadnym z tych g\u0142os\u00f3w. To dlatego zrozumienie filozoficznych korzeni prawdy i naszych b\u0142\u0119dnych mniema\u0144 o niej jest nadal wa\u017cne, wa\u017cniejsze ni\u017c kiedykolwiek.<br \/>\nFragment ksi\u0105\u017cki<br \/>\nStatus moralny<\/p>\n<p>Seri\u0119 zapocz\u0105tkowa\u0142o wydanie ksi\u0105\u017cki Kim jest cz\u0142owiek? Abrahama J. Heschela (2014) w t\u0142umaczeniu Katarzyny Wojtkowskiej, inicjatorki serii.<br \/>\nW roku 2017 ukaza\u0142y si\u0119 Moje poszukiwania absolut\u00f3w Paula Tillicha, Dlaczego kochamy? Harry\u2019ego Frankfurta, W mroku uczonej niewiedzy Karola Tarnowskiego, Sens \u017cycia i jego znaczenie Susan Wolf, Lustereczko, powiedz przecie&#8230; Simona Blackburna, Status moralny. Obowi\u0105zki wobec os\u00f3b i innych istot \u017cywych Mary Anne Warren oraz \u015amier\u0107 i \u017cycie po \u015bmierci. Kiedy umr\u0119, ludzko\u015b\u0107 b\u0119dzie trwa\u0107 Samuela Schefflera.<br \/>\nW przygotowaniu ksi\u0105\u017cka autorstwa Alasdaira MacIntyre\u2019a.<br \/>\n\u201eSeria Kim Jest Cz\u0142owiek? Jest p\u0142aszczyzn\u0105 rozmowy, do kt\u00f3rej zapraszamy uczonych i my\u015blicieli, przedstawicieli r\u00f3\u017cnych \u015brodowisk, a tak\u017ce wszystkich, dla kt\u00f3rych kluczowe jest pytanie o cz\u0142owieka\u201d.<br \/>\nKatarzyna Wojtkowska<\/p>\n","protected":false},"excerpt":{"rendered":"<p>Autor: Michael Patrick Lynch T\u0142umacze: Misztal Dawid Wydawca: Wydawnictwo Uniwersytetu [&hellip;]<\/p>\n","protected":false},"featured_media":12709,"template":"","meta":[],"product_brand":[],"product_cat":[7506,27],"product_tag":[233],"class_list":{"0":"post-12708","1":"product","2":"type-product","3":"status-publish","4":"has-post-thumbnail","6":"product_cat-filozofia","7":"product_cat-nauki-spoleczne","8":"product_tag-filozofia","10":"first","11":"instock","12":"sale","13":"shipping-taxable","14":"purchasable","15":"product-type-simple"},"_links":{"self":[{"href":"https:\/\/ksiegarnia-akademicka.pl\/index.php\/wp-json\/wp\/v2\/product\/12708","targetHints":{"allow":["GET"]}}],"collection":[{"href":"https:\/\/ksiegarnia-akademicka.pl\/index.php\/wp-json\/wp\/v2\/product"}],"about":[{"href":"https:\/\/ksiegarnia-akademicka.pl\/index.php\/wp-json\/wp\/v2\/types\/product"}],"wp:featuredmedia":[{"embeddable":true,"href":"https:\/\/ksiegarnia-akademicka.pl\/index.php\/wp-json\/wp\/v2\/media\/12709"}],"wp:attachment":[{"href":"https:\/\/ksiegarnia-akademicka.pl\/index.php\/wp-json\/wp\/v2\/media?parent=12708"}],"wp:term":[{"taxonomy":"product_brand","embeddable":true,"href":"https:\/\/ksiegarnia-akademicka.pl\/index.php\/wp-json\/wp\/v2\/product_brand?post=12708"},{"taxonomy":"product_cat","embeddable":true,"href":"https:\/\/ksiegarnia-akademicka.pl\/index.php\/wp-json\/wp\/v2\/product_cat?post=12708"},{"taxonomy":"product_tag","embeddable":true,"href":"https:\/\/ksiegarnia-akademicka.pl\/index.php\/wp-json\/wp\/v2\/product_tag?post=12708"}],"curies":[{"name":"wp","href":"https:\/\/api.w.org\/{rel}","templated":true}]}}