{"id":12686,"date":"2020-04-17T12:41:23","date_gmt":"2020-04-17T10:41:23","guid":{"rendered":"http:\/\/ksiegarnia-akademicka.pl\/?post_type=product&#038;p=12686"},"modified":"2024-12-05T08:10:22","modified_gmt":"2024-12-05T07:10:22","slug":"wprowadzenie-do-chemii-w-zadaniach-dla-studentow-nauk-przyrodniczych","status":"publish","type":"product","link":"https:\/\/ksiegarnia-akademicka.pl\/index.php\/product\/wprowadzenie-do-chemii-w-zadaniach-dla-studentow-nauk-przyrodniczych\/","title":{"rendered":"Wprowadzenie do chemii w zadaniach dla student\u00f3w nauk przyrodniczych"},"content":{"rendered":"<p>Autor:<br \/>\nGeorge I. Sackheim<br \/>\nWydawca: Wydawnictwo Naukowe PWN<br \/>\nOprawa: Blister<br \/>\nFormat: 17.6&#215;25.0cm<br \/>\nLiczba stron: 330<br \/>\nWydanie: 1<br \/>\nRok wydania: 2020<br \/>\nJ\u0119zyk wydania: polski<\/p>\n<p>Wprowadzenie do chemii w zadaniach to nowatorski kurs pozwalaj\u0105cy skutecznie przyswoi\u0107 podstawow\u0105 wiedz\u0119 chemiczn\u0105 przez licealist\u00f3w i student\u00f3w nauk przyrodniczych.<br \/>\nMateria\u0142 zawarty w ksi\u0105\u017cce podzielony jest na trzy podstawowe dzia\u0142y: chemia nieorganiczna, chemia organiczna i biochemia.<br \/>\nZawarte s\u0105 w nich zagadnienia wi\u0105za\u0144 chemicznych, oddzia\u0142ywa\u0144 mi\u0119dzy cz\u0105steczkami, poprzez problemy fizykochemiczne (m.in. osmoza), a dalej budowy cukr\u00f3w, lipid\u00f3w, bia\u0142ek, nukleotyd\u00f3w, zrozumienie dzia\u0142ania enzym\u00f3w, transportu energii, fotosyntezy itp. Poziom prezentowanych zagadnie\u0144, jest podstawowy, ale tym samym stosunkowo \u0142atwy do opanowania, przez osoby kt\u00f3re nie odby\u0142y wcze\u015bniej kursu chemii.<br \/>\nSam uk\u0142ad ksi\u0105\u017cki: pytanie a dalej sugestia odpowiedzi determinuje spos\u00f3b jej<br \/>\nwykorzystania. Po przerobieniu materia\u0142u b\u0119dziesz:<br \/>\nrozpoznawa\u0107 pierwiastki wyst\u0119puj\u0105ce w r\u00f3\u017cnych zwi\u0105zkach, rozumie\u0107 poj\u0119cie pH i spos\u00f3b, w jaki odnosi si\u0119 ono do cieczy i kom\u00f3rek, rozumie\u0107, co oznaczaj\u0105 poj\u0119cia: kwas, zasada, s\u00f3l, i w jaki spos\u00f3b zwi\u0105zki te wyst\u0119puj\u0105 w tkankach zwierz\u0119cych, wiedzie\u0107, co to s\u0105 elektrolity i jakie spe\u0142niaj\u0105 funkcje w \u017cyciu kom\u00f3rki, narysowa\u0107 wzory Lewisa, rozpoznawa\u0107 grupy funkcyjne w zwi\u0105zkach organicznych, rozpoznawa\u0107 typy izomer\u00f3w, rozumie\u0107 reakcje utleniania i redukcji przebiegaj\u0105ce w procesach metabolicznych ro\u015blin i zwierz\u0105t, rozr\u00f3\u017cnia\u0107 w\u0119glowodany, lipidy (t\u0142uszcze) i bia\u0142ka, a tak\u017ce rozpoznawa\u0107 charakterystyczne grupy funkcyjne, rozumie\u0107, jak funkcjonuj\u0105 enzymy, zna\u0107 poj\u0119cie kwasu nukleinowego i spos\u00f3b ich strukturalnego uporz\u0105dkowania, rozumie\u0107 procesy osmozy i dyfuzji, rozr\u00f3\u017cnia\u0107 poj\u0119cia transportu pasywnego i aktywnego, rozumie\u0107 poj\u0119cie ci\u015bnienia osmotycznego, rozumie\u0107 proces przekazywania impulsu nerwowego, w tym poj\u0119cia depolaryzacji i repolaryzacji rozumie\u0107 zasad\u0119 dzia\u0142ania neurotransmiter\u00f3w, rozumie\u0107, w jaki spos\u00f3b nast\u0119puje replikacja DNA, rozumie\u0107, w jaki spos\u00f3b powstaje mRNA i jak reguluje biosyntez\u0119 bia\u0142ka, rozumie\u0107 funkcje metylotransferaz, rozpoznawa\u0107 struktury zwi\u0105zk\u00f3w N-metylowych, rozumie\u0107 reakcje metylowania i demetylowania, prze\u015bledzi\u0107 przep\u0142yw tlenu z puc do kom\u00f3rek organizmu i przep\u0142yw dwutlenku w\u0119gla z kom\u00f3rek organizmu do p\u0142uc, bazuj\u0105c na r\u00f3\u017cnicach ci\u015bnie\u0144 parcjalnych.<\/p>\n","protected":false},"excerpt":{"rendered":"<p>Autor: George I. Sackheim Wydawca: Wydawnictwo Naukowe PWN Oprawa: Blister [&hellip;]<\/p>\n","protected":false},"featured_media":12687,"template":"","meta":[],"product_brand":[],"product_cat":[42],"product_tag":[1323,269],"class_list":{"0":"post-12686","1":"product","2":"type-product","3":"status-publish","4":"has-post-thumbnail","6":"product_cat-chemia","7":"product_tag-chemia","8":"product_tag-podrecznik-akademicki","10":"first","11":"instock","12":"sale","13":"shipping-taxable","14":"purchasable","15":"product-type-simple"},"_links":{"self":[{"href":"https:\/\/ksiegarnia-akademicka.pl\/index.php\/wp-json\/wp\/v2\/product\/12686","targetHints":{"allow":["GET"]}}],"collection":[{"href":"https:\/\/ksiegarnia-akademicka.pl\/index.php\/wp-json\/wp\/v2\/product"}],"about":[{"href":"https:\/\/ksiegarnia-akademicka.pl\/index.php\/wp-json\/wp\/v2\/types\/product"}],"wp:featuredmedia":[{"embeddable":true,"href":"https:\/\/ksiegarnia-akademicka.pl\/index.php\/wp-json\/wp\/v2\/media\/12687"}],"wp:attachment":[{"href":"https:\/\/ksiegarnia-akademicka.pl\/index.php\/wp-json\/wp\/v2\/media?parent=12686"}],"wp:term":[{"taxonomy":"product_brand","embeddable":true,"href":"https:\/\/ksiegarnia-akademicka.pl\/index.php\/wp-json\/wp\/v2\/product_brand?post=12686"},{"taxonomy":"product_cat","embeddable":true,"href":"https:\/\/ksiegarnia-akademicka.pl\/index.php\/wp-json\/wp\/v2\/product_cat?post=12686"},{"taxonomy":"product_tag","embeddable":true,"href":"https:\/\/ksiegarnia-akademicka.pl\/index.php\/wp-json\/wp\/v2\/product_tag?post=12686"}],"curies":[{"name":"wp","href":"https:\/\/api.w.org\/{rel}","templated":true}]}}