{"id":12664,"date":"2020-04-17T11:42:02","date_gmt":"2020-04-17T09:42:02","guid":{"rendered":"http:\/\/ksiegarnia-akademicka.pl\/?post_type=product&#038;p=12664"},"modified":"2020-04-17T11:42:03","modified_gmt":"2020-04-17T09:42:03","slug":"system-prawa-ubezpieczen-spolecznych-tom-1-tom-i-czesc-ogolna","status":"publish","type":"product","link":"https:\/\/ksiegarnia-akademicka.pl\/index.php\/product\/system-prawa-ubezpieczen-spolecznych-tom-1-tom-i-czesc-ogolna\/","title":{"rendered":"System prawa ubezpiecze\u0144 spo\u0142ecznych Tom 1 Tom I. Cz\u0119\u015b\u0107 og\u00f3lna"},"content":{"rendered":"<p>Redakcja: Wypych-\u017bywicka Alina<br \/>\nWydawca: Wolters Kluwer<br \/>\nOprawa: Twarda<br \/>\nLiczba stron: 628<br \/>\nWydanie: 1<br \/>\nRok wydania: 2020<br \/>\nJ\u0119zyk wydania: polski<\/p>\n<p>Tom I Systemu prawa ubezpiecze\u0144 spo\u0142ecznych podejmuje zagadnienia z og\u00f3lnej teorii prawa ubezpiecze\u0144 spo\u0142ecznych. Przemiany modelu ubezpiecze\u0144 spo\u0142ecznych, jakie mia\u0142y miejsce po 1998 r., a tak\u017ce liczne nowelizacje ustaw z nim zwi\u0105zanych, kt\u00f3rych celem by\u0142o poszukiwanie optymalnych rozwi\u0105za\u0144 gwarantuj\u0105cych w przysz\u0142o\u015bci \u015brodki utrzymania dla ubezpieczonych w przypadku pojawienia si\u0119 ryzyka ubezpieczeniowego, pozwalaj\u0105 na nowo spojrze\u0107 i oceni\u0107 funkcjonuj\u0105ce konstrukcje prawa ubezpiecze\u0144 spo\u0142ecznych.<\/p>\n<p>Celem opracowania jest przybli\u017cenie zagadnie\u0144 wynikaj\u0105cych z prawa ubezpiecze\u0144 spo\u0142ecznych, prezentacja stanowisk weryfikuj\u0105cych przyj\u0119te przez ustawodawc\u0119 rozwi\u0105zania oraz porz\u0105dkowanie i ujednolicenie terminologii tej ga\u0142\u0119zi prawa.<\/p>\n<p>Czytelnicy odnajd\u0105 tu szczeg\u00f3\u0142owe om\u00f3wienie nast\u0119puj\u0105cych temat\u00f3w:<br \/>\n&#8211; poj\u0119cie i systematyka prawa ubezpiecze\u0144 spo\u0142ecznych,<br \/>\n&#8211; miejsce prawa ubezpiecze\u0144 spo\u0142ecznych w systemie prawa i jego zwi\u0105zki z innymi ga\u0142\u0119ziami prawa,<br \/>\n&#8211; funkcje i \u017ar\u00f3d\u0142a prawa ubezpiecze\u0144 spo\u0142ecznych,<br \/>\n&#8211; podmioty i stosunki prawne ubezpieczenia spo\u0142ecznego,<br \/>\n&#8211; w\u0142a\u015bciwo\u015bci i zasady prawa ubezpiecze\u0144 spo\u0142ecznych,<br \/>\n&#8211; zdarzenia losowe i ryzyka ubezpieczeniowe.<br \/>\nAutorzy tomu to uznani przedstawiciele nauki prawa z wielu o\u015brodk\u00f3w naukowych z ca\u0142ego kraju, legitymuj\u0105cy si\u0119 znacz\u0105cym dorobkiem w zakresie opracowanych zagadnie\u0144.<\/p>\n<p>Ze wzgl\u0119du na rozleg\u0142o\u015b\u0107 i z\u0142o\u017cono\u015b\u0107 kwestii sk\u0142adaj\u0105cych si\u0119 na prawo ubezpiecze\u0144 spo\u0142ecznych ich analiza b\u0119dzie przedmiotem kolejnych tom\u00f3w Systemu.<\/p>\n","protected":false},"excerpt":{"rendered":"<p>Redakcja: Wypych-\u017bywicka Alina Wydawca: Wolters Kluwer Oprawa: Twarda Liczba stron: [&hellip;]<\/p>\n","protected":false},"featured_media":12665,"template":"","meta":[],"product_brand":[],"product_cat":[18,7550,21],"product_tag":[793,643],"class_list":{"0":"post-12664","1":"product","2":"type-product","3":"status-publish","4":"has-post-thumbnail","6":"product_cat-prawo","7":"product_cat-prawo-pracy","8":"product_cat-ubezpieczenia","9":"product_tag-prawo-pracy","10":"product_tag-ubezpieczenia-spoleczne","12":"first","13":"instock","14":"sale","15":"shipping-taxable","16":"purchasable","17":"product-type-simple"},"_links":{"self":[{"href":"https:\/\/ksiegarnia-akademicka.pl\/index.php\/wp-json\/wp\/v2\/product\/12664","targetHints":{"allow":["GET"]}}],"collection":[{"href":"https:\/\/ksiegarnia-akademicka.pl\/index.php\/wp-json\/wp\/v2\/product"}],"about":[{"href":"https:\/\/ksiegarnia-akademicka.pl\/index.php\/wp-json\/wp\/v2\/types\/product"}],"wp:featuredmedia":[{"embeddable":true,"href":"https:\/\/ksiegarnia-akademicka.pl\/index.php\/wp-json\/wp\/v2\/media\/12665"}],"wp:attachment":[{"href":"https:\/\/ksiegarnia-akademicka.pl\/index.php\/wp-json\/wp\/v2\/media?parent=12664"}],"wp:term":[{"taxonomy":"product_brand","embeddable":true,"href":"https:\/\/ksiegarnia-akademicka.pl\/index.php\/wp-json\/wp\/v2\/product_brand?post=12664"},{"taxonomy":"product_cat","embeddable":true,"href":"https:\/\/ksiegarnia-akademicka.pl\/index.php\/wp-json\/wp\/v2\/product_cat?post=12664"},{"taxonomy":"product_tag","embeddable":true,"href":"https:\/\/ksiegarnia-akademicka.pl\/index.php\/wp-json\/wp\/v2\/product_tag?post=12664"}],"curies":[{"name":"wp","href":"https:\/\/api.w.org\/{rel}","templated":true}]}}