{"id":12628,"date":"2020-04-15T11:25:42","date_gmt":"2020-04-15T09:25:42","guid":{"rendered":"http:\/\/ksiegarnia-akademicka.pl\/?post_type=product&#038;p=12628"},"modified":"2020-04-15T11:25:42","modified_gmt":"2020-04-15T09:25:42","slug":"apelacja-w-postepowaniu-cywilnym","status":"publish","type":"product","link":"https:\/\/ksiegarnia-akademicka.pl\/index.php\/product\/apelacja-w-postepowaniu-cywilnym\/","title":{"rendered":"Apelacja w post\u0119powaniu cywilnym"},"content":{"rendered":"<p>Autor:<br \/>\nTadeusz Ereci\u0144ski<br \/>\nWydawca: Wolters Kluwer<br \/>\nOprawa: Twarda<br \/>\nLiczba stron: 348<br \/>\nWydanie: 4<br \/>\nRok wydania: 2020<br \/>\nJ\u0119zyk wydania: polski<\/p>\n<p>Apelacja w post\u0119powaniu cywilnym jest opracowaniem, w kt\u00f3rym ca\u0142o\u015bciowe przedstawiono problematyk\u0119 podstawowego \u015brodka odwo\u0142awczego przys\u0142uguj\u0105cego stronom od merytorycznych orzecze\u0144 s\u0105du pierwszej instancji. Autor uwzgl\u0119dni\u0142 w publikacji wiele istotnych orzecze\u0144 S\u0105du Najwy\u017cszego, kt\u00f3re wyja\u015bniaj\u0105 charakter prawny apelacji i problemy zwi\u0105zane z jej stosowaniem.<br \/>\nW aneksie zosta\u0142y zamieszczone teksty trzech prze\u0142omowych uchwa\u0142 sk\u0142adu siedmiu s\u0119dzi\u00f3w S\u0105du Najwy\u017cszego analizowanych wnikliwie w tre\u015bci publikacji.<br \/>\nObecne wydanie zosta\u0142o uzupe\u0142nione o najnowsze orzecznictwo. Uwzgl\u0119dniono m.in. nowelizacje Kodeksu post\u0119powania cywilnego ustawami z 4 lipca 2019 r. i z 13 lutego 2020 r. (Dz.U. 2019 poz. 1469, Dz.U. 2020 poz.288).<br \/>\nKsi\u0105\u017cka jest przeznaczona dla pe\u0142nomocnik\u00f3w i s\u0119dzi\u00f3w, a tak\u017ce aplikant\u00f3w tych zawod\u00f3w prawniczych. B\u0119dzie r\u00f3wnie\u017c u\u017cyteczna dla os\u00f3b, kt\u00f3re bez pomocy profesjonalnych pe\u0142nomocnik\u00f3w pragn\u0105 zaskar\u017cy\u0107 wyrok s\u0105du pierwszej instancji.<\/p>\n","protected":false},"excerpt":{"rendered":"<p>Autor: Tadeusz Ereci\u0144ski Wydawca: Wolters Kluwer Oprawa: Twarda Liczba stron: [&hellip;]<\/p>\n","protected":false},"featured_media":12629,"template":"","meta":[],"product_brand":[],"product_cat":[7491,18],"product_tag":[692,615],"class_list":{"0":"post-12628","1":"product","2":"type-product","3":"status-publish","4":"has-post-thumbnail","6":"product_cat-cywilne","7":"product_cat-prawo","8":"product_tag-postepowanie-cywilne","9":"product_tag-prawo-cywilne","11":"first","12":"instock","13":"sale","14":"shipping-taxable","15":"purchasable","16":"product-type-simple"},"_links":{"self":[{"href":"https:\/\/ksiegarnia-akademicka.pl\/index.php\/wp-json\/wp\/v2\/product\/12628","targetHints":{"allow":["GET"]}}],"collection":[{"href":"https:\/\/ksiegarnia-akademicka.pl\/index.php\/wp-json\/wp\/v2\/product"}],"about":[{"href":"https:\/\/ksiegarnia-akademicka.pl\/index.php\/wp-json\/wp\/v2\/types\/product"}],"wp:featuredmedia":[{"embeddable":true,"href":"https:\/\/ksiegarnia-akademicka.pl\/index.php\/wp-json\/wp\/v2\/media\/12629"}],"wp:attachment":[{"href":"https:\/\/ksiegarnia-akademicka.pl\/index.php\/wp-json\/wp\/v2\/media?parent=12628"}],"wp:term":[{"taxonomy":"product_brand","embeddable":true,"href":"https:\/\/ksiegarnia-akademicka.pl\/index.php\/wp-json\/wp\/v2\/product_brand?post=12628"},{"taxonomy":"product_cat","embeddable":true,"href":"https:\/\/ksiegarnia-akademicka.pl\/index.php\/wp-json\/wp\/v2\/product_cat?post=12628"},{"taxonomy":"product_tag","embeddable":true,"href":"https:\/\/ksiegarnia-akademicka.pl\/index.php\/wp-json\/wp\/v2\/product_tag?post=12628"}],"curies":[{"name":"wp","href":"https:\/\/api.w.org\/{rel}","templated":true}]}}