{"id":12618,"date":"2020-04-15T11:08:00","date_gmt":"2020-04-15T09:08:00","guid":{"rendered":"http:\/\/ksiegarnia-akademicka.pl\/?post_type=product&#038;p=12618"},"modified":"2020-04-15T11:08:01","modified_gmt":"2020-04-15T09:08:01","slug":"choroby-alergiczne-w-praktyce-lekarza-rodzinnego","status":"publish","type":"product","link":"https:\/\/ksiegarnia-akademicka.pl\/index.php\/product\/choroby-alergiczne-w-praktyce-lekarza-rodzinnego\/","title":{"rendered":"Choroby alergiczne w praktyce lekarza rodzinnego"},"content":{"rendered":"<p>Redakcja: Emeryk Andrzej<br \/>\nWydawca: Termedia<br \/>\nOprawa: Mi\u0119kka<br \/>\nFormat: 16.0&#215;23.0cm<br \/>\nLiczba stron: 204<br \/>\nRok wydania: 2019<br \/>\nJ\u0119zyk wydania: polski<\/p>\n<p>Alergie s\u0105 zmor\u0105 cywilizacji. Jak sobie radzi\u0107 z r\u00f3\u017cnymi typami alergii: oddechow\u0105, pokarmow\u0105, lekow\u0105, sk\u00f3rn\u0105 \u2013 a\u017c po wstrz\u0105s anafilaktyczny \u2013 b\u0119dzie mo\u017cna si\u0119 dowiedzie\u0107 z ksi\u0105\u017cki pod redakcj\u0105 prof. Andrzeja Emeryka, kt\u00f3ry do jej wsp\u00f3\u0142tworzenia zaprosi\u0142 znakomitych specjalist\u00f3w. B\u0119dzie to przekrojowy przewodnik po rozmaitych alergiach, od epidemiologii przez patogenez\u0119 do leczenia, przydatny w ka\u017cdym gabinecie POZ.<\/p>\n","protected":false},"excerpt":{"rendered":"<p>Redakcja: Emeryk Andrzej Wydawca: Termedia Oprawa: Mi\u0119kka Format: 16.0&#215;23.0cm Liczba [&hellip;]<\/p>\n","protected":false},"featured_media":12619,"template":"","meta":[],"product_brand":[],"product_cat":[7493],"product_tag":[7668,6693],"class_list":{"0":"post-12618","1":"product","2":"type-product","3":"status-publish","4":"has-post-thumbnail","6":"product_cat-medycyna","7":"product_tag-alergologia","8":"product_tag-immunologia","10":"first","11":"instock","12":"sale","13":"shipping-taxable","14":"purchasable","15":"product-type-simple"},"_links":{"self":[{"href":"https:\/\/ksiegarnia-akademicka.pl\/index.php\/wp-json\/wp\/v2\/product\/12618","targetHints":{"allow":["GET"]}}],"collection":[{"href":"https:\/\/ksiegarnia-akademicka.pl\/index.php\/wp-json\/wp\/v2\/product"}],"about":[{"href":"https:\/\/ksiegarnia-akademicka.pl\/index.php\/wp-json\/wp\/v2\/types\/product"}],"wp:featuredmedia":[{"embeddable":true,"href":"https:\/\/ksiegarnia-akademicka.pl\/index.php\/wp-json\/wp\/v2\/media\/12619"}],"wp:attachment":[{"href":"https:\/\/ksiegarnia-akademicka.pl\/index.php\/wp-json\/wp\/v2\/media?parent=12618"}],"wp:term":[{"taxonomy":"product_brand","embeddable":true,"href":"https:\/\/ksiegarnia-akademicka.pl\/index.php\/wp-json\/wp\/v2\/product_brand?post=12618"},{"taxonomy":"product_cat","embeddable":true,"href":"https:\/\/ksiegarnia-akademicka.pl\/index.php\/wp-json\/wp\/v2\/product_cat?post=12618"},{"taxonomy":"product_tag","embeddable":true,"href":"https:\/\/ksiegarnia-akademicka.pl\/index.php\/wp-json\/wp\/v2\/product_tag?post=12618"}],"curies":[{"name":"wp","href":"https:\/\/api.w.org\/{rel}","templated":true}]}}