{"id":12601,"date":"2020-04-14T13:26:50","date_gmt":"2020-04-14T11:26:50","guid":{"rendered":"http:\/\/ksiegarnia-akademicka.pl\/?post_type=product&#038;p=12601"},"modified":"2020-04-14T13:26:50","modified_gmt":"2020-04-14T11:26:50","slug":"pokolenia-wobec-wartosci-i-zagrozen-wspolczesnych-organizacji","status":"publish","type":"product","link":"https:\/\/ksiegarnia-akademicka.pl\/index.php\/product\/pokolenia-wobec-wartosci-i-zagrozen-wspolczesnych-organizacji\/","title":{"rendered":"Pokolenia wobec warto\u015bci i zagro\u017ce\u0144 wsp\u00f3\u0142czesnych organizacji"},"content":{"rendered":"<p>Autor:<br \/>\nAnna Lubra\u0144ska<br \/>\nJoanna Cewi\u0144ska<br \/>\nMa\u0142gorzata Striker<br \/>\nAnna Rogozi\u0144ska-Pawe\u0142czyk<br \/>\nWydawca: Wydawnictwo Uniwersytetu \u0141\u00f3dzkiego<br \/>\nOprawa: Mi\u0119kka<br \/>\nFormat: 17.0&#215;24.0cm<br \/>\nLiczba stron: 136<br \/>\nWydanie: 1<br \/>\nRok wydania: 2020<br \/>\nJ\u0119zyk wydania: polski<\/p>\n<p>Prezentowana monografia to opracowanie komplementarne wzgl\u0119dem czysto teoretycznych pozycji dotycz\u0105cych zarz\u0105dzania generacyjnego, zarz\u0105dzania wiekiem, zarz\u0105dzania r\u00f3\u017cnorodno\u015bci\u0105 czy zarz\u0105dzania zr\u00f3\u017cnicowanymi zespo\u0142ami w organizacji. Dzi\u0119ki uj\u0119ciu interdyscyplinarnemu ukazano w niej wiele aspekt\u00f3w zwi\u0105zanych ze stosunkiem pokole\u0144 wobec warto\u015bci i zagro\u017ce\u0144, przed kt\u00f3rymi stoj\u0105 wsp\u00f3\u0142czesne organizacje.<br \/>\nPublikacja jest kierowana do naukowc\u00f3w i student\u00f3w, a tak\u017ce do pracodawc\u00f3w, menad\u017cer\u00f3w, os\u00f3b odpowiedzialnych za HR, instytucji szkoleniowych, instytucji otoczenia biznesu oraz innych podmiot\u00f3w zainteresowanych zarz\u0105dzaniem pracownikami zr\u00f3\u017cnicowanymi wiekowo. Stanowi aktualn\u0105 pr\u00f3b\u0119 refleksji nad tematyk\u0105 r\u00f3\u017cnorodno\u015bci pokoleniowej pracownik\u00f3w z perspektywy utrzymania i zwi\u0119kszania jej w organizacji.<\/p>\n","protected":false},"excerpt":{"rendered":"<p>Autor: Anna Lubra\u0144ska Joanna Cewi\u0144ska Ma\u0142gorzata Striker Anna Rogozi\u0144ska-Pawe\u0142czyk Wydawca: [&hellip;]<\/p>\n","protected":false},"featured_media":12602,"template":"","meta":[],"product_brand":[],"product_cat":[7511,30,7513],"product_tag":[735,541,538],"class_list":{"0":"post-12601","1":"product","2":"type-product","3":"status-publish","4":"has-post-thumbnail","6":"product_cat-kierowanie-i-zarzadzanie","7":"product_cat-zarzadzanie","8":"product_cat-zarzadzanie-zasobami-ludzkimi","9":"product_tag-kadry","10":"product_tag-zarzadzanie","11":"product_tag-zarzadzanie-zasobami-ludzkimi","13":"first","14":"instock","15":"sale","16":"shipping-taxable","17":"purchasable","18":"product-type-simple"},"_links":{"self":[{"href":"https:\/\/ksiegarnia-akademicka.pl\/index.php\/wp-json\/wp\/v2\/product\/12601","targetHints":{"allow":["GET"]}}],"collection":[{"href":"https:\/\/ksiegarnia-akademicka.pl\/index.php\/wp-json\/wp\/v2\/product"}],"about":[{"href":"https:\/\/ksiegarnia-akademicka.pl\/index.php\/wp-json\/wp\/v2\/types\/product"}],"wp:featuredmedia":[{"embeddable":true,"href":"https:\/\/ksiegarnia-akademicka.pl\/index.php\/wp-json\/wp\/v2\/media\/12602"}],"wp:attachment":[{"href":"https:\/\/ksiegarnia-akademicka.pl\/index.php\/wp-json\/wp\/v2\/media?parent=12601"}],"wp:term":[{"taxonomy":"product_brand","embeddable":true,"href":"https:\/\/ksiegarnia-akademicka.pl\/index.php\/wp-json\/wp\/v2\/product_brand?post=12601"},{"taxonomy":"product_cat","embeddable":true,"href":"https:\/\/ksiegarnia-akademicka.pl\/index.php\/wp-json\/wp\/v2\/product_cat?post=12601"},{"taxonomy":"product_tag","embeddable":true,"href":"https:\/\/ksiegarnia-akademicka.pl\/index.php\/wp-json\/wp\/v2\/product_tag?post=12601"}],"curies":[{"name":"wp","href":"https:\/\/api.w.org\/{rel}","templated":true}]}}