{"id":12595,"date":"2020-04-14T13:19:24","date_gmt":"2020-04-14T11:19:24","guid":{"rendered":"http:\/\/ksiegarnia-akademicka.pl\/?post_type=product&#038;p=12595"},"modified":"2020-04-14T13:19:24","modified_gmt":"2020-04-14T11:19:24","slug":"koagulopatie-i-trombofilie-w-poloznictwie","status":"publish","type":"product","link":"https:\/\/ksiegarnia-akademicka.pl\/index.php\/product\/koagulopatie-i-trombofilie-w-poloznictwie\/","title":{"rendered":"Koagulopatie i trombofilie w po\u0142o\u017cnictwie"},"content":{"rendered":"<p>Autor:<br \/>\nMieczys\u0142aw Uszy\u0144ski<br \/>\nWydawca: Alfa-Medica Press<br \/>\nOprawa: Twarda<br \/>\nFormat: 16.0&#215;23.5cm<br \/>\nLiczba stron: 354<br \/>\nRok wydania: 2020<br \/>\nJ\u0119zyk wydania: polski<\/p>\n<p>G\u0142\u00f3wnym tematem ksi\u0105\u017cki s\u0105 koagulopatie po\u0142o\u017cnicze i trombofilie wykrywane w przypadkach tych powik\u0142a\u0144<\/p>\n","protected":false},"excerpt":{"rendered":"<p>Autor: Mieczys\u0142aw Uszy\u0144ski Wydawca: Alfa-Medica Press Oprawa: Twarda Format: 16.0&#215;23.5cm [&hellip;]<\/p>\n","protected":false},"featured_media":12596,"template":"","meta":[],"product_brand":[],"product_cat":[7493],"product_tag":[6433,4919,4920],"class_list":{"0":"post-12595","1":"product","2":"type-product","3":"status-publish","4":"has-post-thumbnail","6":"product_cat-medycyna","7":"product_tag-embriologia","8":"product_tag-ginekologia","9":"product_tag-poloznictwo","11":"first","12":"instock","13":"sale","14":"shipping-taxable","15":"purchasable","16":"product-type-simple"},"_links":{"self":[{"href":"https:\/\/ksiegarnia-akademicka.pl\/index.php\/wp-json\/wp\/v2\/product\/12595","targetHints":{"allow":["GET"]}}],"collection":[{"href":"https:\/\/ksiegarnia-akademicka.pl\/index.php\/wp-json\/wp\/v2\/product"}],"about":[{"href":"https:\/\/ksiegarnia-akademicka.pl\/index.php\/wp-json\/wp\/v2\/types\/product"}],"wp:featuredmedia":[{"embeddable":true,"href":"https:\/\/ksiegarnia-akademicka.pl\/index.php\/wp-json\/wp\/v2\/media\/12596"}],"wp:attachment":[{"href":"https:\/\/ksiegarnia-akademicka.pl\/index.php\/wp-json\/wp\/v2\/media?parent=12595"}],"wp:term":[{"taxonomy":"product_brand","embeddable":true,"href":"https:\/\/ksiegarnia-akademicka.pl\/index.php\/wp-json\/wp\/v2\/product_brand?post=12595"},{"taxonomy":"product_cat","embeddable":true,"href":"https:\/\/ksiegarnia-akademicka.pl\/index.php\/wp-json\/wp\/v2\/product_cat?post=12595"},{"taxonomy":"product_tag","embeddable":true,"href":"https:\/\/ksiegarnia-akademicka.pl\/index.php\/wp-json\/wp\/v2\/product_tag?post=12595"}],"curies":[{"name":"wp","href":"https:\/\/api.w.org\/{rel}","templated":true}]}}