{"id":12577,"date":"2020-04-14T12:59:08","date_gmt":"2020-04-14T10:59:08","guid":{"rendered":"http:\/\/ksiegarnia-akademicka.pl\/?post_type=product&#038;p=12577"},"modified":"2020-04-14T12:59:08","modified_gmt":"2020-04-14T10:59:08","slug":"kodeks-karny-ze-schematami","status":"publish","type":"product","link":"https:\/\/ksiegarnia-akademicka.pl\/index.php\/product\/kodeks-karny-ze-schematami\/","title":{"rendered":"Kodeks karny ze schematami"},"content":{"rendered":"<p>Autor:<br \/>\nOlga Sitarz<br \/>\nWydawca: Wolters Kluwer<br \/>\nOprawa: Mi\u0119kka<br \/>\nFormat: 12.0&#215;16.5cm<br \/>\nLiczba stron: 376<br \/>\nWydanie: 5<br \/>\nRok wydania: 2020<br \/>\nJ\u0119zyk wydania: polski<\/p>\n<p>Niniejsza publikacja to oryginalna prezentacja przepis\u00f3w Kodeksu karnego w postaci schemat\u00f3w, graf\u00f3w i tabel. W ksi\u0105\u017cce przedstawiono nie tylko schematy budowy instytucji prawnokarnych, lecz tak\u017ce relacje pomi\u0119dzy instrumentami pokrewnymi lub zbli\u017conymi.<br \/>\nPublikacja zawiera tak\u017ce tekst ustawy \u2013 Kodeks karny wraz z przepisami wprowadzaj\u0105cymi, z uwzgl\u0119dnieniem wszystkich ostatnio wprowadzonych zmian, m.in. ustawy z 16 pa\u017adziernika 2019 r. (Dz.U. poz. 2128) zmieniaj\u0105cej ustaw\u0119 z dniem 20 listopada 2019 r. Znajduje si\u0119 w niej tak\u017ce skorowidz przedmiotowy u\u0142atwiaj\u0105cy odnalezienie w tek\u015bcie Kodeksu poszczeg\u00f3lnych zagadnie\u0144 i instytucji. Artyku\u0142y kodeksu zosta\u0142y opatrzone tytu\u0142ami obja\u015bniaj\u0105cymi ich sens.<\/p>\n","protected":false},"excerpt":{"rendered":"<p>Autor: Olga Sitarz Wydawca: Wolters Kluwer Oprawa: Mi\u0119kka Format: 12.0&#215;16.5cm [&hellip;]<\/p>\n","protected":false},"featured_media":12578,"template":"","meta":[],"product_brand":[],"product_cat":[7490,18],"product_tag":[296,2596],"class_list":{"0":"post-12577","1":"product","2":"type-product","3":"status-publish","4":"has-post-thumbnail","6":"product_cat-karne","7":"product_cat-prawo","8":"product_tag-prawo-karne","9":"product_tag-teksty-ustaw","11":"first","12":"instock","13":"sale","14":"shipping-taxable","15":"purchasable","16":"product-type-simple"},"_links":{"self":[{"href":"https:\/\/ksiegarnia-akademicka.pl\/index.php\/wp-json\/wp\/v2\/product\/12577","targetHints":{"allow":["GET"]}}],"collection":[{"href":"https:\/\/ksiegarnia-akademicka.pl\/index.php\/wp-json\/wp\/v2\/product"}],"about":[{"href":"https:\/\/ksiegarnia-akademicka.pl\/index.php\/wp-json\/wp\/v2\/types\/product"}],"wp:featuredmedia":[{"embeddable":true,"href":"https:\/\/ksiegarnia-akademicka.pl\/index.php\/wp-json\/wp\/v2\/media\/12578"}],"wp:attachment":[{"href":"https:\/\/ksiegarnia-akademicka.pl\/index.php\/wp-json\/wp\/v2\/media?parent=12577"}],"wp:term":[{"taxonomy":"product_brand","embeddable":true,"href":"https:\/\/ksiegarnia-akademicka.pl\/index.php\/wp-json\/wp\/v2\/product_brand?post=12577"},{"taxonomy":"product_cat","embeddable":true,"href":"https:\/\/ksiegarnia-akademicka.pl\/index.php\/wp-json\/wp\/v2\/product_cat?post=12577"},{"taxonomy":"product_tag","embeddable":true,"href":"https:\/\/ksiegarnia-akademicka.pl\/index.php\/wp-json\/wp\/v2\/product_tag?post=12577"}],"curies":[{"name":"wp","href":"https:\/\/api.w.org\/{rel}","templated":true}]}}