{"id":12559,"date":"2020-04-01T13:00:53","date_gmt":"2020-04-01T11:00:53","guid":{"rendered":"http:\/\/ksiegarnia-akademicka.pl\/?post_type=product&#038;p=12559"},"modified":"2020-04-01T13:00:54","modified_gmt":"2020-04-01T11:00:54","slug":"finanse-korporacyjne-teoria-i-praktyka","status":"publish","type":"product","link":"https:\/\/ksiegarnia-akademicka.pl\/index.php\/product\/finanse-korporacyjne-teoria-i-praktyka\/","title":{"rendered":"Finanse korporacyjne Teoria i praktyka"},"content":{"rendered":"<p>Autor:<br \/>\nAswath Damodaran<br \/>\nT\u0142umacze: Rzycho\u0144 Tomasz<br \/>\nWydawca: Helion<br \/>\nOprawa: Twarda<br \/>\nFormat: 17.0&#215;24.5cm<br \/>\nLiczba stron: 1512<br \/>\nWydanie: 2<br \/>\nRok wydania: 2020<br \/>\nJ\u0119zyk wydania: polski<\/p>\n<p>Ksi\u0105\u017cka jest wsp\u00f3\u0142czesnym kompendium wiedzy o zarz\u0105dzaniu finansami firmy. Zawiera mn\u00f3stwo przyk\u0142ad\u00f3w i zada\u0144 przydatnych studentom i wyk\u0142adowcom. Z kolei analitycy i dyrektorzy finansowi znajd\u0105 w niej nowe rozwi\u0105zania znanych problem\u00f3w oraz odpowiedzi na kluczowe pytania:<br \/>\n&#8211; Jakie kryteria przyj\u0105\u0107 do oceny projekt\u00f3w inwestycyjnych? Jak wycenia\u0107 ryzyko inwestycji? Jak prognozowa\u0107 korzy\u015bci i koszty inwestycji? Kiedy wycofywa\u0107 si\u0119 z nietrafionych projekt\u00f3w?<br \/>\n&#8211; Czym finansowa\u0107 rozw\u00f3j firmy? Akcje, obligacje, opcje oraz innowacyjne i hybrydowe instrumenty finansowe.<br \/>\n-Gdzie s\u0105 ukryte korzy\u015bci podatkowe? Amortyzacja, podatek od zysk\u00f3w kapita\u0142owych, podatek od dywidendy, odsetki od kredyt\u00f3w i leasing operacyjny.<br \/>\n&#8211; Ile firma powinna wyp\u0142aca\u0107 tytu\u0142em dywidendy?<br \/>\n&#8211; Jakimi metodami wycenia\u0107 akcje firmy?<br \/>\n&#8211; Jak wycenia\u0107 opcje realne? Dodatkowe mo\u017cliwo\u015bci wbudowane w projekty inwestycyjne firmy.<br \/>\n&#8211; Jak motywowa\u0107 zarz\u0105dzaj\u0105cych? Opcje mened\u017cerskie i \u015brodki finansowe dyscyplinuj\u0105ce mened\u017cer\u00f3w.<\/p>\n","protected":false},"excerpt":{"rendered":"<p>Autor: Aswath Damodaran T\u0142umacze: Rzycho\u0144 Tomasz Wydawca: Helion Oprawa: Twarda [&hellip;]<\/p>\n","protected":false},"featured_media":12560,"template":"","meta":[],"product_brand":[],"product_cat":[7516,31,23],"product_tag":[437,541],"class_list":{"0":"post-12559","1":"product","2":"type-product","3":"status-publish","4":"has-post-thumbnail","6":"product_cat-finanse-przedsiebiorstwa","7":"product_cat-przedsiebiorstwo","8":"product_cat-rachunkowosc","9":"product_tag-finanse-przedsiebiorstwa","10":"product_tag-zarzadzanie","12":"first","13":"instock","14":"sale","15":"shipping-taxable","16":"purchasable","17":"product-type-simple"},"_links":{"self":[{"href":"https:\/\/ksiegarnia-akademicka.pl\/index.php\/wp-json\/wp\/v2\/product\/12559","targetHints":{"allow":["GET"]}}],"collection":[{"href":"https:\/\/ksiegarnia-akademicka.pl\/index.php\/wp-json\/wp\/v2\/product"}],"about":[{"href":"https:\/\/ksiegarnia-akademicka.pl\/index.php\/wp-json\/wp\/v2\/types\/product"}],"wp:featuredmedia":[{"embeddable":true,"href":"https:\/\/ksiegarnia-akademicka.pl\/index.php\/wp-json\/wp\/v2\/media\/12560"}],"wp:attachment":[{"href":"https:\/\/ksiegarnia-akademicka.pl\/index.php\/wp-json\/wp\/v2\/media?parent=12559"}],"wp:term":[{"taxonomy":"product_brand","embeddable":true,"href":"https:\/\/ksiegarnia-akademicka.pl\/index.php\/wp-json\/wp\/v2\/product_brand?post=12559"},{"taxonomy":"product_cat","embeddable":true,"href":"https:\/\/ksiegarnia-akademicka.pl\/index.php\/wp-json\/wp\/v2\/product_cat?post=12559"},{"taxonomy":"product_tag","embeddable":true,"href":"https:\/\/ksiegarnia-akademicka.pl\/index.php\/wp-json\/wp\/v2\/product_tag?post=12559"}],"curies":[{"name":"wp","href":"https:\/\/api.w.org\/{rel}","templated":true}]}}