{"id":12546,"date":"2020-03-26T13:13:42","date_gmt":"2020-03-26T12:13:42","guid":{"rendered":"http:\/\/ksiegarnia-akademicka.pl\/?post_type=product&#038;p=12546"},"modified":"2020-03-26T13:13:42","modified_gmt":"2020-03-26T12:13:42","slug":"arteterapia-i-warsztaty-edukacji-tworczej","status":"publish","type":"product","link":"https:\/\/ksiegarnia-akademicka.pl\/index.php\/product\/arteterapia-i-warsztaty-edukacji-tworczej\/","title":{"rendered":"Arteterapia i warsztaty edukacji tw\u00f3rczej"},"content":{"rendered":"<p>Nale\u017cy do serii:<br \/>\nENGRAM<br \/>\nAutor:<br \/>\nMaja Sta\u0144ko-Kaczmarek<br \/>\nWydawca: Difin<br \/>\nOprawa: Mi\u0119kka<br \/>\nFormat: 16.0&#215;23.0cm<br \/>\nLiczba stron: 168<br \/>\nRok wydania: 2013<br \/>\nJ\u0119zyk wydania: polski<\/p>\n<p>dr Maria Paula Stasiakiewicz:<br \/>\n(&#8230;) ksi\u0105\u017cka jest istotnym g\u0142osem w tocz\u0105cej si\u0119 dyskusji wok\u00f3\u0142 praktycznych problem\u00f3w dotycz\u0105cych relacji mi\u0119dzy sztuk\u0105 i tw\u00f3rczo\u015bci\u0105, a edukacj\u0105 i terapi\u0105. Nale\u017cy j\u0105 uzna\u0107 za kolejny, wa\u017cny krok na drodze budowania naukowych podstaw do arteterapii, autorsk\u0105 pr\u00f3b\u0119 odpowiedzi na pytanie o \u017ar\u00f3d\u0142a \u201eterapeutycznej mocy\u201d tkwi\u0105ce w sztuce \u2013 jej czynnym uprawianiu i recepcji. Ksi\u0105\u017cka przedstawia niew\u0105tpliw\u0105 warto\u015b\u0107 dla polskiego czytelnika, ze wzgl\u0119du na zarysowanie historycznego rozwoju arteterapii w \u015bwiecie i w Polsce oraz om\u00f3wienie g\u0142\u00f3wnych podej\u015b\u0107 tworz\u0105cych jej ramy teoretyczne.<\/p>\n","protected":false},"excerpt":{"rendered":"<p>Nale\u017cy do serii: ENGRAM Autor: Maja Sta\u0144ko-Kaczmarek Wydawca: Difin Oprawa: [&hellip;]<\/p>\n","protected":false},"featured_media":12547,"template":"","meta":[],"product_brand":[],"product_cat":[28],"product_tag":[4785,5423,51],"class_list":{"0":"post-12546","1":"product","2":"type-product","3":"status-publish","4":"has-post-thumbnail","6":"product_cat-pedagogika","7":"product_tag-arteterapia","8":"product_tag-biblioterapia","9":"product_tag-pedagogika","11":"first","12":"instock","13":"sale","14":"shipping-taxable","15":"purchasable","16":"product-type-simple"},"_links":{"self":[{"href":"https:\/\/ksiegarnia-akademicka.pl\/index.php\/wp-json\/wp\/v2\/product\/12546","targetHints":{"allow":["GET"]}}],"collection":[{"href":"https:\/\/ksiegarnia-akademicka.pl\/index.php\/wp-json\/wp\/v2\/product"}],"about":[{"href":"https:\/\/ksiegarnia-akademicka.pl\/index.php\/wp-json\/wp\/v2\/types\/product"}],"wp:featuredmedia":[{"embeddable":true,"href":"https:\/\/ksiegarnia-akademicka.pl\/index.php\/wp-json\/wp\/v2\/media\/12547"}],"wp:attachment":[{"href":"https:\/\/ksiegarnia-akademicka.pl\/index.php\/wp-json\/wp\/v2\/media?parent=12546"}],"wp:term":[{"taxonomy":"product_brand","embeddable":true,"href":"https:\/\/ksiegarnia-akademicka.pl\/index.php\/wp-json\/wp\/v2\/product_brand?post=12546"},{"taxonomy":"product_cat","embeddable":true,"href":"https:\/\/ksiegarnia-akademicka.pl\/index.php\/wp-json\/wp\/v2\/product_cat?post=12546"},{"taxonomy":"product_tag","embeddable":true,"href":"https:\/\/ksiegarnia-akademicka.pl\/index.php\/wp-json\/wp\/v2\/product_tag?post=12546"}],"curies":[{"name":"wp","href":"https:\/\/api.w.org\/{rel}","templated":true}]}}