{"id":12540,"date":"2020-03-26T13:05:13","date_gmt":"2020-03-26T12:05:13","guid":{"rendered":"http:\/\/ksiegarnia-akademicka.pl\/?post_type=product&#038;p=12540"},"modified":"2020-03-26T13:05:14","modified_gmt":"2020-03-26T12:05:14","slug":"arteterapia-czesc-3","status":"publish","type":"product","link":"https:\/\/ksiegarnia-akademicka.pl\/index.php\/product\/arteterapia-czesc-3\/","title":{"rendered":"Arteterapia cz\u0119\u015b\u0107 3"},"content":{"rendered":"<p>Autor:<br \/>\nBartosz \u0141oza<br \/>\nRedakcja: Difin<br \/>\nWydawca: Difin<br \/>\nOprawa: Mi\u0119kka<br \/>\nFormat: 23.1&#215;15.8<br \/>\nLiczba stron: 410<br \/>\nRok wydania: 2016<br \/>\nJ\u0119zyk wydania: polski<\/p>\n<p>Cz\u0119\u015b\u0107 3 po\u015bwi\u0119cona zosta\u0142a w ca\u0142o\u015bci tw\u00f3rcom i ich projektom arteterapeutycznym. Arteterapia, podobnie jak sztuka, jest nap\u0119dzana energi\u0105 procesu tw\u00f3rczego, ale wyst\u0119puje te\u017c drugie, wyj\u0105tkowe \u017ar\u00f3d\u0142o energii \u2013 kontakt terapeutyczny, katharsis, przemiana, uzdrowienie. Mamy wi\u0119c do czynienia z \u201edwiema energiami\u201d, kt\u00f3rych interakcje przyjmuj\u0105 rozmaite, osobiste formy. O ile dwa poprzednie tomy \u201eArteterapii\u201d by\u0142y pragmatyczne i w pewnym stopniu \u2013 akademickie, o tyle w III tomie przychodzi pora na wydobycie roli samych autor\u00f3w tych przemian \u2013 arteterapeut\u00f3w. Ludzie ci nie s\u0105 anonimowi, a w wielu przypadkach tworz\u0105 wspania\u0142e szko\u0142y arteterapii. Wydaje si\u0119 fascynuj\u0105ce, by prze\u015bledzi\u0107, jak powstawa\u0142y wielkie projekty i jak\u0105 rol\u0119 w tym odgrywali ich kreatorzy. Niedawna \u015bmier\u0107 Pana Doktora Andrzeja Kowala, wsp\u00f3\u0142tw\u00f3rcy polskiej arteterapii, uzmys\u0142awia bole\u015bnie, \u017ce bez odniesienia si\u0119 wprost do tw\u00f3rcy, dzie\u0142o pozostaje \u2013 w jakiej\u015b swojej istotnej cz\u0119\u015bci \u2013 bezosobowe i daremne.<\/p>\n","protected":false},"excerpt":{"rendered":"<p>Autor: Bartosz \u0141oza Redakcja: Difin Wydawca: Difin Oprawa: Mi\u0119kka Format: [&hellip;]<\/p>\n","protected":false},"featured_media":12541,"template":"","meta":[],"product_brand":[],"product_cat":[28],"product_tag":[4785,5423,51],"class_list":{"0":"post-12540","1":"product","2":"type-product","3":"status-publish","4":"has-post-thumbnail","6":"product_cat-pedagogika","7":"product_tag-arteterapia","8":"product_tag-biblioterapia","9":"product_tag-pedagogika","11":"first","12":"instock","13":"sale","14":"shipping-taxable","15":"purchasable","16":"product-type-simple"},"_links":{"self":[{"href":"https:\/\/ksiegarnia-akademicka.pl\/index.php\/wp-json\/wp\/v2\/product\/12540","targetHints":{"allow":["GET"]}}],"collection":[{"href":"https:\/\/ksiegarnia-akademicka.pl\/index.php\/wp-json\/wp\/v2\/product"}],"about":[{"href":"https:\/\/ksiegarnia-akademicka.pl\/index.php\/wp-json\/wp\/v2\/types\/product"}],"wp:featuredmedia":[{"embeddable":true,"href":"https:\/\/ksiegarnia-akademicka.pl\/index.php\/wp-json\/wp\/v2\/media\/12541"}],"wp:attachment":[{"href":"https:\/\/ksiegarnia-akademicka.pl\/index.php\/wp-json\/wp\/v2\/media?parent=12540"}],"wp:term":[{"taxonomy":"product_brand","embeddable":true,"href":"https:\/\/ksiegarnia-akademicka.pl\/index.php\/wp-json\/wp\/v2\/product_brand?post=12540"},{"taxonomy":"product_cat","embeddable":true,"href":"https:\/\/ksiegarnia-akademicka.pl\/index.php\/wp-json\/wp\/v2\/product_cat?post=12540"},{"taxonomy":"product_tag","embeddable":true,"href":"https:\/\/ksiegarnia-akademicka.pl\/index.php\/wp-json\/wp\/v2\/product_tag?post=12540"}],"curies":[{"name":"wp","href":"https:\/\/api.w.org\/{rel}","templated":true}]}}