{"id":12538,"date":"2020-03-26T13:03:16","date_gmt":"2020-03-26T12:03:16","guid":{"rendered":"http:\/\/ksiegarnia-akademicka.pl\/?post_type=product&#038;p=12538"},"modified":"2020-03-26T13:03:17","modified_gmt":"2020-03-26T12:03:17","slug":"arteterapia-czesc-2","status":"publish","type":"product","link":"https:\/\/ksiegarnia-akademicka.pl\/index.php\/product\/arteterapia-czesc-2\/","title":{"rendered":"Arteterapia Cz\u0119\u015b\u0107 2"},"content":{"rendered":"<p>Nale\u017cy do serii:<br \/>\nENGRAM<br \/>\nRedakcja: \u0141oza Bartosz, Chmielnicka-Plaskota Aleksandra<br \/>\nWydawca: Difin<br \/>\nOprawa: Mi\u0119kka<br \/>\nFormat: 16.0&#215;23.0cm<br \/>\nLiczba stron: 302<br \/>\nWydanie: 2<br \/>\nRok wydania: 2014<br \/>\nJ\u0119zyk wydania: polski<\/p>\n<p>Drugi tom Arteterapii stanowi rozwini\u0119cie teoretycznych tre\u015bci zawartych w pierwszej cz\u0119\u015bci cyklu. Publikacja powsta\u0142a na bazie wielu do\u015bwiadcze\u0144, z udzia\u0142em wielu o\u015brodk\u00f3w i autorytet\u00f3w, polskich i zagranicznych, w tym r\u00f3wnie\u017c w oparciu o praktyk\u0119 kliniczn\u0105 realizowan\u0105 poprzez interdyscyplinarny zesp\u00f3\u0142 w Mazowieckim Specjalistycznym Centrum Zdrowia im. prof. Jana Mazurkiewicza w Tworkach.<\/p>\n<p>Praktyka sk\u0142ada si\u0119 z dw\u00f3ch blok\u00f3w tematycznych.<br \/>\nPierwszy, pt. Arteterapia w procesie leczenia psychiatrycznego opisuje programy oraz wybrane warsztaty arteterapeutyczne skierowane do pacjent\u00f3w w okresie leczenia oraz rehabilitacji psychiatrycznej.<\/p>\n<p>Drugi blok tematyczny to programy edukacyjno-kliniczne, kt\u00f3re mog\u0105 by\u0107 prowadzone w plac\u00f3wkach medycznych. Stosowane w psychiatrii zak\u0142adaj\u0105 stymulowanie, modyfikacj\u0119 do\u015bwiadcze\u0144, poszerzanie wiedzy, umiej\u0119tno\u015bci i kompetencji spo\u0142ecznych. Programy edukacyjno-kliniczne w zastosowaniu klinicznym s\u0105 istotnym czynnikiem pobudzaj\u0105cym aktywizacj\u0119 arteterapeutyczn\u0105. Dzi\u0119ki temu monografia ta pozwoli czytelnikom do\u015bwiadczy\u0107 wielu wymiar\u00f3w arteterapii &#8211; jako metody badawczej, terapeutycznej i edukacyjnej. Jej szerokie spektrum oddzia\u0142ywa\u0144 w istotny spos\u00f3b poszerza obszar pomocy i opieki zdrowotnej dla os\u00f3b chorych.<\/p>\n<p>Publikacja jednocze\u015bnie ma charakter uniwersalny, proponowane warsztaty mog\u0105 by\u0107 wykorzystywane w rehabilitacji psychiatrycznej os\u00f3b chorych b\u0105d\u017a niepe\u0142nosprawnych psychicznie, ale tak\u017ce w pracy z osobami, w tym z dzie\u0107mi, przejawiaj\u0105cymi zaburzenia kontaktu interpersonalnego, zaburzenia emocjonalne czy zaburzenia zachowania.<\/p>\n<p>Ta ksi\u0105\u017cka powsta\u0142a by &#8222;poczu\u0107, prze\u017cy\u0107 i przepracowa\u0107&#8221; warsztaty arteterapeutyczne.<\/p>\n","protected":false},"excerpt":{"rendered":"<p>Nale\u017cy do serii: ENGRAM Redakcja: \u0141oza Bartosz, Chmielnicka-Plaskota Aleksandra Wydawca: [&hellip;]<\/p>\n","protected":false},"featured_media":12539,"template":"","meta":[],"product_brand":[],"product_cat":[28],"product_tag":[4785,5423,51],"class_list":{"0":"post-12538","1":"product","2":"type-product","3":"status-publish","4":"has-post-thumbnail","6":"product_cat-pedagogika","7":"product_tag-arteterapia","8":"product_tag-biblioterapia","9":"product_tag-pedagogika","11":"first","12":"instock","13":"sale","14":"shipping-taxable","15":"purchasable","16":"product-type-simple"},"_links":{"self":[{"href":"https:\/\/ksiegarnia-akademicka.pl\/index.php\/wp-json\/wp\/v2\/product\/12538","targetHints":{"allow":["GET"]}}],"collection":[{"href":"https:\/\/ksiegarnia-akademicka.pl\/index.php\/wp-json\/wp\/v2\/product"}],"about":[{"href":"https:\/\/ksiegarnia-akademicka.pl\/index.php\/wp-json\/wp\/v2\/types\/product"}],"wp:featuredmedia":[{"embeddable":true,"href":"https:\/\/ksiegarnia-akademicka.pl\/index.php\/wp-json\/wp\/v2\/media\/12539"}],"wp:attachment":[{"href":"https:\/\/ksiegarnia-akademicka.pl\/index.php\/wp-json\/wp\/v2\/media?parent=12538"}],"wp:term":[{"taxonomy":"product_brand","embeddable":true,"href":"https:\/\/ksiegarnia-akademicka.pl\/index.php\/wp-json\/wp\/v2\/product_brand?post=12538"},{"taxonomy":"product_cat","embeddable":true,"href":"https:\/\/ksiegarnia-akademicka.pl\/index.php\/wp-json\/wp\/v2\/product_cat?post=12538"},{"taxonomy":"product_tag","embeddable":true,"href":"https:\/\/ksiegarnia-akademicka.pl\/index.php\/wp-json\/wp\/v2\/product_tag?post=12538"}],"curies":[{"name":"wp","href":"https:\/\/api.w.org\/{rel}","templated":true}]}}