{"id":12532,"date":"2020-03-25T12:00:20","date_gmt":"2020-03-25T11:00:20","guid":{"rendered":"http:\/\/ksiegarnia-akademicka.pl\/?post_type=product&#038;p=12532"},"modified":"2024-12-05T08:13:31","modified_gmt":"2024-12-05T07:13:31","slug":"podatki-i-oplaty-lokalne-komentarz","status":"publish","type":"product","link":"https:\/\/ksiegarnia-akademicka.pl\/index.php\/product\/podatki-i-oplaty-lokalne-komentarz\/","title":{"rendered":"Podatki i op\u0142aty lokalne Komentarz"},"content":{"rendered":"<p>Autor:<br \/>\nLeonard Etel<br \/>\nRafa\u0142 Dowgier<br \/>\nBogumi\u0142 Pahl<br \/>\nGrzegorz Liszewski<br \/>\nWydawca: Wolters Kluwer<br \/>\nOprawa: Mi\u0119kka<br \/>\nLiczba stron: 1140<br \/>\nWydanie: 1<br \/>\nRok wydania: 2020<br \/>\nJ\u0119zyk wydania: polski<\/p>\n<p>W ksi\u0105\u017cce w przyst\u0119pny spos\u00f3b om\u00f3wiono regulacje prawne dotycz\u0105ce przede<br \/>\nwszystkim:<br \/>\n\u2013 podatku od nieruchomo\u015bci i podatku od \u015brodk\u00f3w transportowych,<br \/>\n\u2013 op\u0142at lokalnych: targowej, uzdrowiskowej i miejscowej, reklamowej, od posiadania ps\u00f3w,<br \/>\n\u2013 uchwa\u0142 podatkowych rad gmin,<br \/>\n\u2013 pomocy publicznej.<br \/>\nW celu \u0142atwiejszego zrozumienia omawianych zagadnie\u0144 autorzy opieraj\u0105 si\u0119 na przyk\u0142adach, aktualnym orzecznictwie s\u0105d\u00f3w administracyjnych, a tak\u017ce wskazuj\u0105 konkretne propozycje rozwi\u0105za\u0144 prawnych.<br \/>\nPublikacja uwzgl\u0119dnia m.in. ujednolicenie urz\u0119dowych formularzy informacji o nieruchomo\u015bciach i obiektach budowlanych oraz deklaracji na podatek od nieruchomo\u015bci, a tak\u017ce wprowadzenie mo\u017cliwo\u015bci sk\u0142adania przez podatnik\u00f3w informacji i deklaracji za pomoc\u0105 \u015brodk\u00f3w komunikacji elektronicznej.<\/p>\n","protected":false},"excerpt":{"rendered":"<p>Autor: Leonard Etel Rafa\u0142 Dowgier Bogumi\u0142 Pahl Grzegorz Liszewski Wydawca: [&hellip;]<\/p>\n","protected":false},"featured_media":12533,"template":"","meta":[],"product_brand":[],"product_cat":[7492,18,7494],"product_tag":[485,1055,486],"class_list":{"0":"post-12532","1":"product","2":"type-product","3":"status-publish","4":"has-post-thumbnail","6":"product_cat-administracyjne","7":"product_cat-prawo","8":"product_cat-samorzad-terytorialny","9":"product_tag-prawo-administracyjne","10":"product_tag-prawo-podatkowe","11":"product_tag-samorzad-terytorialny","13":"first","14":"instock","15":"sale","16":"shipping-taxable","17":"purchasable","18":"product-type-simple"},"_links":{"self":[{"href":"https:\/\/ksiegarnia-akademicka.pl\/index.php\/wp-json\/wp\/v2\/product\/12532","targetHints":{"allow":["GET"]}}],"collection":[{"href":"https:\/\/ksiegarnia-akademicka.pl\/index.php\/wp-json\/wp\/v2\/product"}],"about":[{"href":"https:\/\/ksiegarnia-akademicka.pl\/index.php\/wp-json\/wp\/v2\/types\/product"}],"wp:featuredmedia":[{"embeddable":true,"href":"https:\/\/ksiegarnia-akademicka.pl\/index.php\/wp-json\/wp\/v2\/media\/12533"}],"wp:attachment":[{"href":"https:\/\/ksiegarnia-akademicka.pl\/index.php\/wp-json\/wp\/v2\/media?parent=12532"}],"wp:term":[{"taxonomy":"product_brand","embeddable":true,"href":"https:\/\/ksiegarnia-akademicka.pl\/index.php\/wp-json\/wp\/v2\/product_brand?post=12532"},{"taxonomy":"product_cat","embeddable":true,"href":"https:\/\/ksiegarnia-akademicka.pl\/index.php\/wp-json\/wp\/v2\/product_cat?post=12532"},{"taxonomy":"product_tag","embeddable":true,"href":"https:\/\/ksiegarnia-akademicka.pl\/index.php\/wp-json\/wp\/v2\/product_tag?post=12532"}],"curies":[{"name":"wp","href":"https:\/\/api.w.org\/{rel}","templated":true}]}}