{"id":12520,"date":"2020-03-25T11:43:57","date_gmt":"2020-03-25T10:43:57","guid":{"rendered":"http:\/\/ksiegarnia-akademicka.pl\/?post_type=product&#038;p=12520"},"modified":"2023-12-21T13:51:36","modified_gmt":"2023-12-21T12:51:36","slug":"samo-sedno-wychowanie-w-duchu-prostoty-tytul-oryginalny-simplicity-parenting-using-the-extraordinary-power-of-less-to-raise-calmer-happier-and-more-secure","status":"publish","type":"product","link":"https:\/\/ksiegarnia-akademicka.pl\/index.php\/product\/samo-sedno-wychowanie-w-duchu-prostoty-tytul-oryginalny-simplicity-parenting-using-the-extraordinary-power-of-less-to-raise-calmer-happier-and-more-secure\/","title":{"rendered":"Samo Sedno Wychowanie w duchu prostoty Tytu\u0142 oryginalny: Simplicity parenting Using the Extraordinary Power of Less to Raise Calmer, Happier, and More Secure"},"content":{"rendered":"<p>Nale\u017cy do serii:<br \/>\nSamo Sedno<br \/>\nAutor:<br \/>\nKim Payne<br \/>\nT\u0142umacze: Iwa\u0144ska Katarzyna<br \/>\nWydawca: Edgard<br \/>\nOprawa: Mi\u0119kka<br \/>\nFormat: 16.5&#215;23.5cm<br \/>\nLiczba stron: 280<br \/>\nRok wydania: 2020<br \/>\nJ\u0119zyk wydania: polski<\/p>\n<p>Jak wykorzysta\u0107 regu\u0142y minimalizmu, by wychowa\u0107 spokojniejsze i szcz\u0119\u015bliwsze dzieci Nadmiar d\u017awi\u0119k\u00f3w, zabawek, zaj\u0119\u0107 dodatkowych, pogo\u0144 za rozwojem i stymulacj\u0105\u2013 to wszystko, w niew\u0142a\u015bciwych proporcjach, mo\u017ce mie\u0107 bardzo negatywny wp\u0142yw na nasze dzieci. Kim John Payne i Lisa M. Ross w prostych krokach pokazuj\u0105, jak upro\u015bci\u0107 rodzicielstwo, stawiaj\u0105c na pierwszym miejscu to, co najwa\u017cniejsze. KINGA PUKOWSKA, prezes Fundacji Polekont Istota Przywi\u0105zania Przyt\u0142acza Ci\u0119 nadmiar przedmiot\u00f3w i obowi\u0105zk\u00f3w? Nagminnie brakuje Ci czasu i ci\u0105gle musisz podejmowa\u0107 niezliczone decyzje? Kim John Payne, pedagog, edukator i mi\u0119dzynarodowy ekspert parentingowy, przekonuje, \u017ce wsp\u00f3\u0142czesnym dzieciom i ich rodzinom najbardziej potrzeba ograniczenia stresu, rozpraszaczy i liczby podejmowanych decyzji. Wychowanie w duchu prostoty polega na zapewnieniu dzieciom bezpiecznej przestrzeni i swobody niezb\u0119dnej do tw\u00f3rczego rozwoju osobowo\u015bci. Jego g\u0142\u00f3wnym celem jest przywr\u00f3cenie dobrego samopoczucia dzieciom i ich rodzic\u00f3w przez wyeliminowanie szeregu niepotrzebnych, dekoncentruj\u0105cych i przyt\u0142aczaj\u0105cych czynnik\u00f3w, kt\u00f3re rozpraszaj\u0105 uwag\u0119 dzieci i negatywnie odbijaj\u0105 si\u0119 na ich nastroju. Proces ten oparty jest na czterech filarach upraszczania \u017cycia rodzinnego, kt\u00f3ry najlepiej rozpocz\u0105\u0107 od uprz\u0105tni\u0119cia prze\u0142adowanych pokoj\u00f3w dzieci\u0119cych, zmiany diety na zbilansowan\u0105 i pozbawion\u0105 przetworzonej \u017cywno\u015bci, a tak\u017ce wprowadzenia rytmu do planu dnia. Dzi\u0119ki regularno\u015bci \u017cycia domowego \u0142atwiej odnale\u017a\u0107 chwile spokoju. To w\u0142a\u015bnie w czasie takich tw\u00f3rczych i odpr\u0119\u017caj\u0105cych pauz, gdy pozornie nie dzieje si\u0119 nic szczeg\u00f3lnego, nawi\u0105zuj\u0105 si\u0119 bliskie relacje rodzinne. Zaprezentowane w tej ksi\u0105\u017cce strategie pomagaj\u0105 dzieciom odnale\u017a\u0107 swoje miejsce w potoku ustawicznego dzia\u0142ania, a rodzic\u00f3w przekona\u0107 do tego, \u017ce mniej wybor\u00f3w oznacza wi\u0119cej swobody, kt\u00f3ra pozwala bardziej doceni\u0107 to, co si\u0119 ma \u2013 i siebie nawzajem. Nie jest to kolejny poradnik o chwilowych zagro\u017ceniach. Ta ksi\u0105\u017cka nakre\u015bla ca\u0142o\u015bciowy i uniwersalny obraz \u017cycia rodzinnego, pozwalaj\u0105c znale\u017a\u0107 odpowied\u017a na pytanie, jak szanowa\u0107 dzieci\u0144stwo i uczyni\u0107 je bezpieczn\u0105 baz\u0105 do wzrostu przez ca\u0142e \u017cycie. Dzi\u0119ki lekturze tej ksi\u0105\u017cki: \u2022 poznasz cztery stopnie upraszczania \u017cycia rodzinnego \u2022 dowiesz si\u0119, jak oczy\u015bci\u0107 \u015brodowisko domowe, by wyeliminowa\u0107 przeci\u0105\u017cenia sensoryczne u dzieci \u2022 wprowadzisz rytm i rytua\u0142y oraz ograniczysz obecno\u015b\u0107 medi\u00f3w, by przywr\u00f3ci\u0107 spokojn\u0105 atmosfer\u0119 w domu \u2022 ograniczysz rozpraszacze negatywnie wp\u0142ywaj\u0105ce na uwag\u0119 i nastr\u00f3j dzieci O ksi\u0105\u017cce: Skarbnica praktycznych pomys\u0142\u00f3w, jak zwr\u00f3ci\u0107 dzieciom dzieci\u0144stwo i wprowadzi\u0107 harmoni\u0119 do \u017cycia rodzinnego. \u201ePublishers Weekly\u201d Je\u015bli wychowujesz dziecko w dzisiejszych nerwowych czasach, potrzebujesz tej ksi\u0105\u017cki. Zainspiruje ci\u0119, doda otuchy i \u2013 co najwa\u017cniejsze \u2013 przypomni, \u017ce mniej znaczy wi\u0119cej. KATRINA KENISON, autorka ksi\u0105\u017cki The Gift of an Ordinary Day O autorze: Kim John Payne \u2013 doradca szkolny i edukator doros\u0142ych. Prelegent na mi\u0119dzynarodowych konferencjach dla nauczycieli, rodzic\u00f3w i terapeut\u00f3w. Prowadzi warsztaty i szkolenia na ca\u0142ym \u015bwiecie. Pomaga rodzinom odkrywa\u0107 ich miejsce we wsp\u00f3\u0142czesnym \u015bwiecie i rozwi\u0105zywa\u0107 codzienne problemy, takie jak trudno\u015bci w relacjach z rodze\u0144stwem i r\u00f3wie\u015bnikami czy k\u0142opoty z koncentracj\u0105 uwagi. Obecnie jest dyrektorem programu Waldorf Collaborative Counseling Program na ameryka\u0144skim Uniwersytecie Antioch.<\/p>\n","protected":false},"excerpt":{"rendered":"<p>Nale\u017cy do serii: Samo Sedno Autor: Kim Payne T\u0142umacze: Iwa\u0144ska [&hellip;]<\/p>\n","protected":false},"featured_media":12521,"template":"","meta":[],"product_brand":[],"product_cat":[28],"product_tag":[51,4451],"class_list":{"0":"post-12520","1":"product","2":"type-product","3":"status-publish","4":"has-post-thumbnail","6":"product_cat-pedagogika","7":"product_tag-pedagogika","8":"product_tag-wychowanie","10":"first","11":"instock","12":"sale","13":"shipping-taxable","14":"purchasable","15":"product-type-simple"},"_links":{"self":[{"href":"https:\/\/ksiegarnia-akademicka.pl\/index.php\/wp-json\/wp\/v2\/product\/12520","targetHints":{"allow":["GET"]}}],"collection":[{"href":"https:\/\/ksiegarnia-akademicka.pl\/index.php\/wp-json\/wp\/v2\/product"}],"about":[{"href":"https:\/\/ksiegarnia-akademicka.pl\/index.php\/wp-json\/wp\/v2\/types\/product"}],"wp:featuredmedia":[{"embeddable":true,"href":"https:\/\/ksiegarnia-akademicka.pl\/index.php\/wp-json\/wp\/v2\/media\/12521"}],"wp:attachment":[{"href":"https:\/\/ksiegarnia-akademicka.pl\/index.php\/wp-json\/wp\/v2\/media?parent=12520"}],"wp:term":[{"taxonomy":"product_brand","embeddable":true,"href":"https:\/\/ksiegarnia-akademicka.pl\/index.php\/wp-json\/wp\/v2\/product_brand?post=12520"},{"taxonomy":"product_cat","embeddable":true,"href":"https:\/\/ksiegarnia-akademicka.pl\/index.php\/wp-json\/wp\/v2\/product_cat?post=12520"},{"taxonomy":"product_tag","embeddable":true,"href":"https:\/\/ksiegarnia-akademicka.pl\/index.php\/wp-json\/wp\/v2\/product_tag?post=12520"}],"curies":[{"name":"wp","href":"https:\/\/api.w.org\/{rel}","templated":true}]}}