{"id":12494,"date":"2020-03-23T17:46:09","date_gmt":"2020-03-23T16:46:09","guid":{"rendered":"http:\/\/ksiegarnia-akademicka.pl\/?post_type=product&#038;p=12494"},"modified":"2024-12-05T08:15:18","modified_gmt":"2024-12-05T07:15:18","slug":"atlas-anatomii-czlowieka-tytul-oryginalny-the-pocket-atlas-of-human-anatomy","status":"publish","type":"product","link":"https:\/\/ksiegarnia-akademicka.pl\/index.php\/product\/atlas-anatomii-czlowieka-tytul-oryginalny-the-pocket-atlas-of-human-anatomy\/","title":{"rendered":"Atlas anatomii cz\u0142owieka Tytu\u0142 oryginalny: The pocket atlas of human anatomy"},"content":{"rendered":"<p>Autor:<br \/>\nChris Jarmey<br \/>\nT\u0142umacze: Malinowski Jerzy<br \/>\nWydawca: Buchmann<br \/>\nOprawa: Mi\u0119kka<br \/>\nFormat: 14.2&#215;20.2cm<br \/>\nLiczba stron: 272<br \/>\nRok wydania: 2020<br \/>\nJ\u0119zyk wydania: polski<\/p>\n<p>Konsultacja wydania polskiego dr nauk medycznych Magdalena Grygo. Dla uczni\u00f3w, student\u00f3w, fizjoterapeut\u00f3w, trener\u00f3w oraz wszystkich os\u00f3b zainteresowanych kultur\u0105 fizyczn\u0105. Kieszonkowy atlas anatomiczny opracowany przez renomowane wydawnictwo zagraniczne. Uwzgl\u0119dnia najnowszy stan bada\u0144 medycznych i dodatkowo autoryzowany przez polskiego specjalist\u0119. Jest por\u0119czny w formacie i pogl\u0105dowy w tre\u015bci, przedstawiaj\u0105c w spos\u00f3b przyst\u0119pny \u2013 poprzez rysunki, komentarze, zestawienia oraz tabele \u2013 budow\u0119 i funkcjonowanie ludzkiego organizmu, w tym tkanki, ko\u015bci, mi\u0119\u015bnie, stawy, powiazania nerwowe i powi\u0119ziowe. Przeznaczony dla os\u00f3b ucz\u0105cych si\u0119 medycyny na r\u00f3\u017cnych poziomach, os\u00f3b pracuj\u0105cych jako trener i fizjoterapeuta, nauczycieli WF-u, a tak\u017ce dla zwyk\u0142ych u\u017cytkownik\u00f3w \u2013 trenuj\u0105cych amatorsko sport, ucz\u0119szczaj\u0105cych na zaj\u0119cia fitnessu oraz rodzic\u00f3w zainteresowanych rozwojem fizycznym dzieci i posy\u0142aj\u0105cych je na zaj\u0119cia sportowe.<\/p>\n","protected":false},"excerpt":{"rendered":"<p>Autor: Chris Jarmey T\u0142umacze: Malinowski Jerzy Wydawca: Buchmann Oprawa: Mi\u0119kka [&hellip;]<\/p>\n","protected":false},"featured_media":12495,"template":"","meta":[],"product_brand":[],"product_cat":[7963,7493],"product_tag":[4852,6151],"class_list":{"0":"post-12494","1":"product","2":"type-product","3":"status-publish","4":"has-post-thumbnail","6":"product_cat-anatomia","7":"product_cat-medycyna","8":"product_tag-anatomia","9":"product_tag-atlas-anatomii","11":"first","12":"instock","13":"sale","14":"shipping-taxable","15":"purchasable","16":"product-type-simple"},"_links":{"self":[{"href":"https:\/\/ksiegarnia-akademicka.pl\/index.php\/wp-json\/wp\/v2\/product\/12494","targetHints":{"allow":["GET"]}}],"collection":[{"href":"https:\/\/ksiegarnia-akademicka.pl\/index.php\/wp-json\/wp\/v2\/product"}],"about":[{"href":"https:\/\/ksiegarnia-akademicka.pl\/index.php\/wp-json\/wp\/v2\/types\/product"}],"wp:featuredmedia":[{"embeddable":true,"href":"https:\/\/ksiegarnia-akademicka.pl\/index.php\/wp-json\/wp\/v2\/media\/12495"}],"wp:attachment":[{"href":"https:\/\/ksiegarnia-akademicka.pl\/index.php\/wp-json\/wp\/v2\/media?parent=12494"}],"wp:term":[{"taxonomy":"product_brand","embeddable":true,"href":"https:\/\/ksiegarnia-akademicka.pl\/index.php\/wp-json\/wp\/v2\/product_brand?post=12494"},{"taxonomy":"product_cat","embeddable":true,"href":"https:\/\/ksiegarnia-akademicka.pl\/index.php\/wp-json\/wp\/v2\/product_cat?post=12494"},{"taxonomy":"product_tag","embeddable":true,"href":"https:\/\/ksiegarnia-akademicka.pl\/index.php\/wp-json\/wp\/v2\/product_tag?post=12494"}],"curies":[{"name":"wp","href":"https:\/\/api.w.org\/{rel}","templated":true}]}}