{"id":12457,"date":"2020-03-23T12:20:30","date_gmt":"2020-03-23T11:20:30","guid":{"rendered":"http:\/\/ksiegarnia-akademicka.pl\/?post_type=product&#038;p=12457"},"modified":"2024-12-05T08:00:07","modified_gmt":"2024-12-05T07:00:07","slug":"robie-sobie-remont-podstawowe-wykonczenia-i-naprawy-w-domu-dziewczynski-poradnik-tytul-oryginalny-wo-der-hammer-hangt","status":"publish","type":"product","link":"https:\/\/ksiegarnia-akademicka.pl\/index.php\/product\/robie-sobie-remont-podstawowe-wykonczenia-i-naprawy-w-domu-dziewczynski-poradnik-tytul-oryginalny-wo-der-hammer-hangt\/","title":{"rendered":"Robi\u0119 sobie remont. Podstawowe wyko\u0144czenia i naprawy w domu. Dziewczy\u0144ski poradnik. Tytu\u0142 oryginalny: Wo der Hammer hangt"},"content":{"rendered":"<p>Autor:<br \/>\nJoanna Kubiakowska<br \/>\nT\u0142umacze: Janisch Barbara<br \/>\nWydawca: Agora<br \/>\nOprawa: Twarda<br \/>\nFormat: 21.0&#215;24.0cm<br \/>\nLiczba stron: 160<br \/>\nWydanie: 1<br \/>\nRok wydania: 2020<br \/>\nJ\u0119zyk wydania: polski<\/p>\n<p>Wobec konieczno\u015bci zreperowania sp\u0142uczki, p\u0142e\u0107 nie ma znaczenia.<br \/>\nKobiety te\u017c mog\u0105 pos\u0142ugiwa\u0107 si\u0119 wiertark\u0105, zawiesza\u0107 lampy, skr\u0119ca\u0107 rega\u0142y, tapetowa\u0107 mieszkanie, a nawet przykleja\u0107 p\u0142ytki w \u0142azience. Szczeg\u00f3lnie je\u015bli maj\u0105 przed sob\u0105 ten wyj\u0105tkowy, ilustrowany poradnik. Jego autorki krok po kroku pokazuj\u0105 swoim czytelniczkom, jak wykona\u0107 podstawowe naprawy w domu, t\u0142umacz\u0105, jak prawid\u0142owo wierci\u0107, wbija\u0107 gwo\u017adzie i pi\u0142owa\u0107 oraz doradzaj\u0105, jak wyposa\u017cy\u0107 skrzynk\u0119 z narz\u0119dziami. Pisz\u0105 o tym najpro\u015bciej jak si\u0119 da i zach\u0119caj\u0105 wszystkie panie do czerpania rado\u015bci z samodzielnego majsterkowania.<\/p>\n","protected":false},"excerpt":{"rendered":"<p>Autor: Joanna Kubiakowska T\u0142umacze: Janisch Barbara Wydawca: Agora Oprawa: Twarda [&hellip;]<\/p>\n","protected":false},"featured_media":12458,"template":"","meta":[],"product_brand":[],"product_cat":[7994],"product_tag":[3384,4528],"class_list":{"0":"post-12457","1":"product","2":"type-product","3":"status-publish","4":"has-post-thumbnail","6":"product_cat-poradniki","7":"product_tag-gospodarstwo-domowe","8":"product_tag-poradnik","10":"first","11":"instock","12":"sale","13":"shipping-taxable","14":"purchasable","15":"product-type-simple"},"_links":{"self":[{"href":"https:\/\/ksiegarnia-akademicka.pl\/index.php\/wp-json\/wp\/v2\/product\/12457","targetHints":{"allow":["GET"]}}],"collection":[{"href":"https:\/\/ksiegarnia-akademicka.pl\/index.php\/wp-json\/wp\/v2\/product"}],"about":[{"href":"https:\/\/ksiegarnia-akademicka.pl\/index.php\/wp-json\/wp\/v2\/types\/product"}],"wp:featuredmedia":[{"embeddable":true,"href":"https:\/\/ksiegarnia-akademicka.pl\/index.php\/wp-json\/wp\/v2\/media\/12458"}],"wp:attachment":[{"href":"https:\/\/ksiegarnia-akademicka.pl\/index.php\/wp-json\/wp\/v2\/media?parent=12457"}],"wp:term":[{"taxonomy":"product_brand","embeddable":true,"href":"https:\/\/ksiegarnia-akademicka.pl\/index.php\/wp-json\/wp\/v2\/product_brand?post=12457"},{"taxonomy":"product_cat","embeddable":true,"href":"https:\/\/ksiegarnia-akademicka.pl\/index.php\/wp-json\/wp\/v2\/product_cat?post=12457"},{"taxonomy":"product_tag","embeddable":true,"href":"https:\/\/ksiegarnia-akademicka.pl\/index.php\/wp-json\/wp\/v2\/product_tag?post=12457"}],"curies":[{"name":"wp","href":"https:\/\/api.w.org\/{rel}","templated":true}]}}