{"id":12440,"date":"2020-03-23T11:49:08","date_gmt":"2020-03-23T10:49:08","guid":{"rendered":"http:\/\/ksiegarnia-akademicka.pl\/?post_type=product&#038;p=12440"},"modified":"2024-12-05T08:01:14","modified_gmt":"2024-12-05T07:01:14","slug":"kapital-intelektualny-przedsiebiorstw-w-polsce-wybrane-aspekty-teoretyczne-i-praktyczne","status":"publish","type":"product","link":"https:\/\/ksiegarnia-akademicka.pl\/index.php\/product\/kapital-intelektualny-przedsiebiorstw-w-polsce-wybrane-aspekty-teoretyczne-i-praktyczne\/","title":{"rendered":"Kapita\u0142 intelektualny przedsi\u0119biorstw w Polsce wybrane aspekty teoretyczne i praktyczne"},"content":{"rendered":"<p>Autor:<br \/>\nElwira Gross-Go\u0142acka<br \/>\nWydawca: PWE<br \/>\nOprawa: Mi\u0119kka<br \/>\nLiczba stron: 178<br \/>\nRok wydania: 2020<br \/>\nJ\u0119zyk wydania: polski<\/p>\n<p>Monografia (\u2026) stanowi istotn\u0105 pozycj\u0119 na rynku wydawniczym. B\u0119dzie ona przydatna zar\u00f3wno dla os\u00f3b prowadz\u0105cych badania na temat kapita\u0142u intelektualnego organizacji, jak i student\u00f3w zg\u0142\u0119biaj\u0105cych t\u0119 z\u0142o\u017con\u0105 materi\u0119. Z kolei jej aplikacyjne elementy i prezentowane wyniki bada\u0144 w\u0142asnych Autor\u00f3w powoduj\u0105, i\u017c powinna spotka\u0107 si\u0119 r\u00f3wnie\u017c z zainteresowaniem praktyk\u00f3w zarz\u0105dzania, a w szczeg\u00f3lno\u015bci w kontek\u015bcie analiz i dyskusji nad problemami rozwoju kapita\u0142u intelektualnego organizacji w warunkach turbulentnych zmian ich otoczenia.<\/p>\n<p>z recenzji wydawniczej prof. zw. dr hab. Ryszarda Borowieckiego, dr h. c. mult.<\/p>\n<p>(\u2026) monografia stanowi interesuj\u0105ce podej\u015bcie do bada\u0144 nad kapita\u0142em intelektualnym organizacji (\u2026). Wa\u017cne jest przy tym w\u0142\u0105czenie w te rozwa\u017cania kwestii zwi\u0105zanych z zarz\u0105dzaniem r\u00f3\u017cnorodno\u015bci\u0105. Zestawienie dw\u00f3ch tak istotnych dla wsp\u00f3\u0142czesnych organizacji zagadnie\u0144 stanowi nowum w badaniach nad kapita\u0142em intelektualnym, dostarczaj\u0105c cennej wiedzy zar\u00f3wno dla naukowc\u00f3w zajmuj\u0105cych si\u0119 t\u0105 problematyk\u0105, student\u00f3w, jak i praktyk\u00f3w \u2013 mened\u017cer\u00f3w i os\u00f3b odpowiedzialnych za projektowanie interwencji publicznej kierowanej do przedsi\u0119biorstw. Jej du\u017c\u0105 zalet\u0105 jest interdyscyplinarno\u015b\u0107.<\/p>\n<p>z recenzji wydawniczej dr hab. Justyny Wiktorowicz, prof. U\u0141<\/p>\n","protected":false},"excerpt":{"rendered":"<p>Autor: Elwira Gross-Go\u0142acka Wydawca: PWE Oprawa: Mi\u0119kka Liczba stron: 178 [&hellip;]<\/p>\n","protected":false},"featured_media":12441,"template":"","meta":[],"product_brand":[],"product_cat":[31,30,7515,7513],"product_tag":[1773,545,918],"class_list":{"0":"post-12440","1":"product","2":"type-product","3":"status-publish","4":"has-post-thumbnail","6":"product_cat-przedsiebiorstwo","7":"product_cat-zarzadzanie","8":"product_cat-zarzadzanie-przedsiebiorstwem","9":"product_cat-zarzadzanie-zasobami-ludzkimi","10":"product_tag-kapital-intelektualny","11":"product_tag-zarzadzanie-personelem","12":"product_tag-zarzadzanie-przedsiebiorstwem","14":"first","15":"instock","16":"sale","17":"shipping-taxable","18":"purchasable","19":"product-type-simple"},"_links":{"self":[{"href":"https:\/\/ksiegarnia-akademicka.pl\/index.php\/wp-json\/wp\/v2\/product\/12440","targetHints":{"allow":["GET"]}}],"collection":[{"href":"https:\/\/ksiegarnia-akademicka.pl\/index.php\/wp-json\/wp\/v2\/product"}],"about":[{"href":"https:\/\/ksiegarnia-akademicka.pl\/index.php\/wp-json\/wp\/v2\/types\/product"}],"wp:featuredmedia":[{"embeddable":true,"href":"https:\/\/ksiegarnia-akademicka.pl\/index.php\/wp-json\/wp\/v2\/media\/12441"}],"wp:attachment":[{"href":"https:\/\/ksiegarnia-akademicka.pl\/index.php\/wp-json\/wp\/v2\/media?parent=12440"}],"wp:term":[{"taxonomy":"product_brand","embeddable":true,"href":"https:\/\/ksiegarnia-akademicka.pl\/index.php\/wp-json\/wp\/v2\/product_brand?post=12440"},{"taxonomy":"product_cat","embeddable":true,"href":"https:\/\/ksiegarnia-akademicka.pl\/index.php\/wp-json\/wp\/v2\/product_cat?post=12440"},{"taxonomy":"product_tag","embeddable":true,"href":"https:\/\/ksiegarnia-akademicka.pl\/index.php\/wp-json\/wp\/v2\/product_tag?post=12440"}],"curies":[{"name":"wp","href":"https:\/\/api.w.org\/{rel}","templated":true}]}}