{"id":12436,"date":"2020-03-23T11:42:45","date_gmt":"2020-03-23T10:42:45","guid":{"rendered":"http:\/\/ksiegarnia-akademicka.pl\/?post_type=product&#038;p=12436"},"modified":"2024-12-05T08:01:38","modified_gmt":"2024-12-05T07:01:38","slug":"inkluzywna-gospodarka-swiatowa-szanse-i-wyzwania","status":"publish","type":"product","link":"https:\/\/ksiegarnia-akademicka.pl\/index.php\/product\/inkluzywna-gospodarka-swiatowa-szanse-i-wyzwania\/","title":{"rendered":"Inkluzywna gospodarka \u015bwiatowa szanse i wyzwania"},"content":{"rendered":"<p>Autor:<br \/>\nIwona Pawlas<br \/>\nWydawca: PWE<br \/>\nOprawa: Mi\u0119kka<br \/>\nFormat: 16.5&#215;23.5cm<br \/>\nLiczba stron: 180<br \/>\nRok wydania: 2020<br \/>\nJ\u0119zyk wydania: polski<\/p>\n<p>&#8222;(&#8230;) to pierwsza na polskim ekonomicznym rynku pi\u015bmienniczym publikacja naukowa po\u015bwi\u0119cona w tak kompleksowy, wieloaspektowy, wszechstronny i pog\u0142\u0119biony spos\u00f3b problematyce wyzwa\u0144 inkluzywnego rozwoju gospodarki \u015bwiatowej. (\u2026) Monografia sygnalizuje jedne z najwi\u0119kszych, o ile nie najwa\u017cniejsze wyzwania stoj\u0105ce przed \u015bwiatowym systemem gospodarczym w XXI wieku, z kt\u00f3rymi wszystkie podmioty gospodarki \u015bwiatowej, bez wzgl\u0119du na sw\u00f3j poziom rozwoju spo\u0142eczno-gospodarczego, musz\u0105 si\u0119 zmierzy\u0107. Wskazuje to na jej unikatowo\u015b\u0107 i nowatorstwo. (\u2026) Ksi\u0105\u017cka w spos\u00f3b naukowy i jednocze\u015bnie przyst\u0119pny oraz przejrzysty przedstawia problem inkluzywnego rozwoju gospodarki \u015bwiatowej i b\u0119dzie pe\u0142ni\u0107 te\u017c rol\u0119 popularyzatorsk\u0105 tego wa\u017cnego i wa\u017ckiego problemu. Ma wszelkie atrybuty, by znale\u017a\u0107 czytelnik\u00f3w w\u015br\u00f3d naukowc\u00f3w, student\u00f3w, praktyk\u00f3w i decydent\u00f3w gospodarczych\u201d.<\/p>\n<p>Z recenzji dr hab. Krystyny \u017bo\u0142\u0105dkiewicz, prof. Uniwersytetu Gda\u0144skiego<\/p>\n","protected":false},"excerpt":{"rendered":"<p>Autor: Iwona Pawlas Wydawca: PWE Oprawa: Mi\u0119kka Format: 16.5&#215;23.5cm Liczba [&hellip;]<\/p>\n","protected":false},"featured_media":12437,"template":"","meta":[],"product_brand":[],"product_cat":[17,7499,24],"product_tag":[337,551,377],"class_list":{"0":"post-12436","1":"product","2":"type-product","3":"status-publish","4":"has-post-thumbnail","6":"product_cat-ekonomia","7":"product_cat-makro-i-mikroekonomia","8":"product_cat-polityka-gospodarcza","9":"product_tag-ekonomia","10":"product_tag-globalizacja","11":"product_tag-gospodarka","13":"first","14":"instock","15":"sale","16":"shipping-taxable","17":"purchasable","18":"product-type-simple"},"_links":{"self":[{"href":"https:\/\/ksiegarnia-akademicka.pl\/index.php\/wp-json\/wp\/v2\/product\/12436","targetHints":{"allow":["GET"]}}],"collection":[{"href":"https:\/\/ksiegarnia-akademicka.pl\/index.php\/wp-json\/wp\/v2\/product"}],"about":[{"href":"https:\/\/ksiegarnia-akademicka.pl\/index.php\/wp-json\/wp\/v2\/types\/product"}],"wp:featuredmedia":[{"embeddable":true,"href":"https:\/\/ksiegarnia-akademicka.pl\/index.php\/wp-json\/wp\/v2\/media\/12437"}],"wp:attachment":[{"href":"https:\/\/ksiegarnia-akademicka.pl\/index.php\/wp-json\/wp\/v2\/media?parent=12436"}],"wp:term":[{"taxonomy":"product_brand","embeddable":true,"href":"https:\/\/ksiegarnia-akademicka.pl\/index.php\/wp-json\/wp\/v2\/product_brand?post=12436"},{"taxonomy":"product_cat","embeddable":true,"href":"https:\/\/ksiegarnia-akademicka.pl\/index.php\/wp-json\/wp\/v2\/product_cat?post=12436"},{"taxonomy":"product_tag","embeddable":true,"href":"https:\/\/ksiegarnia-akademicka.pl\/index.php\/wp-json\/wp\/v2\/product_tag?post=12436"}],"curies":[{"name":"wp","href":"https:\/\/api.w.org\/{rel}","templated":true}]}}