{"id":12401,"date":"2020-03-12T10:59:22","date_gmt":"2020-03-12T09:59:22","guid":{"rendered":"http:\/\/ksiegarnia-akademicka.pl\/?post_type=product&#038;p=12401"},"modified":"2020-03-12T10:59:23","modified_gmt":"2020-03-12T09:59:23","slug":"diagnostyka-powiklan-zawalu-serca","status":"publish","type":"product","link":"https:\/\/ksiegarnia-akademicka.pl\/index.php\/product\/diagnostyka-powiklan-zawalu-serca\/","title":{"rendered":"Diagnostyka powik\u0142a\u0144 zawa\u0142u serca"},"content":{"rendered":"<p>Autor:<br \/>\nStuart J. Hutchison<br \/>\nT\u0142umacze: Budaj-Fidecka Anna, Cacko Andrzej, Josiak Krystian<br \/>\nWydawca: Edra Urban &amp; Partner<br \/>\nOprawa: Twarda<br \/>\nFormat: 22.0&#215;28.0cm<br \/>\nLiczba stron: 288<br \/>\nRok wydania: 2010<br \/>\nJ\u0119zyk wydania: polski<\/p>\n<p>Ksi\u0105\u017cka napisana przez specjalist\u00f3w w dziedzinie kardiologii i technik obrazowania, w kt\u00f3rej przedstawiono najnowsze metody diagnostyczne w nag\u0142ych stanach kardiologicznych i w\u0142a\u015bciw\u0105 interpretacj\u0119 wynik\u00f3w bada\u0144. Opisano tu r\u00f3wnie\u017c procesy przebudowy, metody rozpoznania niedokrwionego lub obj\u0119tego stref\u0105 zawa\u0142u mi\u0119\u015bnia sercowego oraz mo\u017cliwe sposoby leczenia zapobiegaj\u0105ce remodelingowi.<\/p>\n<p>Ksi\u0105\u017cka zawiera r\u00f3wnie\u017c:<br \/>\n-Najwa\u017cniejsze zagadnienia zwi\u0105zane z zawa\u0142em serca, m.in. wstrz\u0105s kardiogenny, remodeling lewej komory serca, skrzepliny pozawa\u0142owe i wiele innych.<br \/>\n-70 w pe\u0142ni zobrazowanych przypadk\u00f3w klinicznych, kt\u00f3re u\u0142atwiaj\u0105 przyswojenie i zrozumienie poszczeg\u00f3lnych informacji.<br \/>\n-Zalety i ograniczenia metod diagnostycznych, takich jak: RTG klatki piersiowej, echokardiografia, TK serca, rezonans magnetyczny i angiografia.<br \/>\n-Ponad 400 kolorowych ilustracji.<br \/>\n-P\u0142yt\u0119 DVD zawieraj\u0105c\u0105 425 film\u00f3w wideo obrazuj\u0105cych poszczeg\u00f3lne przypadki powik\u0142a\u0144 zawa\u0142u serca.<\/p>\n<p>Spis tre\u015bci:<br \/>\n1. Wstrz\u0105s kardiogenny<br \/>\n2. Ocena lewej komory po zawale serca<br \/>\n3. Dysfunkcja mi\u0119\u015bnia sercowego, tworzenie si\u0119 t\u0119tniaka i przebudowa lewej komory<br \/>\n4. Pozawa\u0142owe czynno\u015bci zw\u0119\u017cenie drogi odp\u0142ywu lewej komory<br \/>\n5. Pozawa\u0142owe skrzepliny wewn\u0105trzsercowe<br \/>\n6. Zawa\u0142 prawej komory<br \/>\n7. Ostre i podostre p\u0119kni\u0119cie wolnej \u015bciany serca<br \/>\n8. T\u0119tniaki rzekome lewej komory<br \/>\n9. Nieca\u0142kowite p\u0119kni\u0119cie: krwiak \u015br\u00f3dmi\u0119\u015bniowy i podnasierdziowy, rozwarstwienie mi\u0119\u015bnia sercowego<br \/>\n10. Pozawa\u0142owa tamponada serca<br \/>\n11. P\u0119kni\u0119cie przegrody mi\u0119dzykomorowej<br \/>\n12. P\u0119kni\u0119cie mi\u0119\u015bnia brodawkowatego i pozawa\u0142owa niedomykalno\u015b\u0107 zastawki mitralnej<\/p>\n","protected":false},"excerpt":{"rendered":"<p>Autor: Stuart J. Hutchison T\u0142umacze: Budaj-Fidecka Anna, Cacko Andrzej, Josiak [&hellip;]<\/p>\n","protected":false},"featured_media":12402,"template":"","meta":[],"product_brand":[],"product_cat":[7991,7493],"product_tag":[7057,3994],"class_list":{"0":"post-12401","1":"product","2":"type-product","3":"status-publish","4":"has-post-thumbnail","6":"product_cat-kardiologia","7":"product_cat-medycyna","8":"product_tag-kardiologia","9":"product_tag-medycyna","11":"first","12":"instock","13":"sale","14":"shipping-taxable","15":"purchasable","16":"product-type-simple"},"_links":{"self":[{"href":"https:\/\/ksiegarnia-akademicka.pl\/index.php\/wp-json\/wp\/v2\/product\/12401","targetHints":{"allow":["GET"]}}],"collection":[{"href":"https:\/\/ksiegarnia-akademicka.pl\/index.php\/wp-json\/wp\/v2\/product"}],"about":[{"href":"https:\/\/ksiegarnia-akademicka.pl\/index.php\/wp-json\/wp\/v2\/types\/product"}],"wp:featuredmedia":[{"embeddable":true,"href":"https:\/\/ksiegarnia-akademicka.pl\/index.php\/wp-json\/wp\/v2\/media\/12402"}],"wp:attachment":[{"href":"https:\/\/ksiegarnia-akademicka.pl\/index.php\/wp-json\/wp\/v2\/media?parent=12401"}],"wp:term":[{"taxonomy":"product_brand","embeddable":true,"href":"https:\/\/ksiegarnia-akademicka.pl\/index.php\/wp-json\/wp\/v2\/product_brand?post=12401"},{"taxonomy":"product_cat","embeddable":true,"href":"https:\/\/ksiegarnia-akademicka.pl\/index.php\/wp-json\/wp\/v2\/product_cat?post=12401"},{"taxonomy":"product_tag","embeddable":true,"href":"https:\/\/ksiegarnia-akademicka.pl\/index.php\/wp-json\/wp\/v2\/product_tag?post=12401"}],"curies":[{"name":"wp","href":"https:\/\/api.w.org\/{rel}","templated":true}]}}