{"id":12399,"date":"2020-03-12T10:54:54","date_gmt":"2020-03-12T09:54:54","guid":{"rendered":"http:\/\/ksiegarnia-akademicka.pl\/?post_type=product&#038;p=12399"},"modified":"2020-03-12T10:55:38","modified_gmt":"2020-03-12T09:55:38","slug":"diagnostyka-chorob-osierdzia","status":"publish","type":"product","link":"https:\/\/ksiegarnia-akademicka.pl\/index.php\/product\/diagnostyka-chorob-osierdzia\/","title":{"rendered":"Diagnostyka chor\u00f3b osierdzia"},"content":{"rendered":"<p>Autor:<br \/>\nStuart J. Hutchinson<br \/>\nT\u0142umacze: Salomon Piotr<br \/>\nWydawca: Edra Urban &amp; Partner<br \/>\nOprawa: Twarda<br \/>\nFormat: 22.0&#215;28.0cm<br \/>\nLiczba stron: 268<br \/>\nRok wydania: 2011<br \/>\nJ\u0119zyk wydania: polski<\/p>\n<p>&#8211; Om\u00f3wienie poszczeg\u00f3lnych jednostek chorobowych m.in. ostrego zapalenia osierdzia, tamponady osierdzia, zaciskaj\u0105cego zapalenia osierdzia.<br \/>\n&#8211; Informacje z zakresu anatomii i fizjologii osierdzia, badania fizykalnego oraz wsp\u00f3\u0142czesnych metod obrazowania chor\u00f3b osierdzia.<br \/>\n&#8211; Bogata dokumentacja fotograficzna obejmuj\u0105ca dwuwymiarow\u0105 echokardiografi\u0119, echokardiografi\u0119 Doplerowsk\u0105, oraz zaawansowane techniki rezonansu magnetycznego i tomografii komputerowej.<br \/>\n&#8211; Za\u0142\u0105cznik w postaci p\u0142yty DVD zawieraj\u0105cej 220 film\u00f3w wideo przedstawiaj\u0105cych badania obrazowe osierdzia wraz z komentarzem.<\/p>\n<p>Choroby osierdzia s\u0105 jednym z najbardziej trudnych i niedocenianych zagadnie\u0144 wsp\u00f3\u0142czesnej kardiologii. Dlatego te\u017c z przyjemno\u015bci\u0105 polecam Pa\u0144stwu ksi\u0105\u017ck\u0119 \u201eDiagnostyk\u0119 chor\u00f3b osierdzia\u201d Stuarta J. Hutchisona &#8211; znakomitego kardiologa ameryka\u0144skiego.Niew\u0105tpliw\u0105 zalet\u0105 ksi\u0105\u017cki jest sp\u00f3jno\u015b\u0107 tematyczna oraz przejrzysty uk\u0142ad i bogactwo ilustracji.Przy omawianiu jednostek klinicznych po streszczeniu, zachowany jest podobny uk\u0142ad ka\u017cdego z rozdzia\u0142\u00f3w obejmuj\u0105cy obraz i przebieg kliniczny, patofizjologi\u0119, diagnostyk\u0119 ze szczeg\u00f3lnym uwzgl\u0119dnieniem znaczenia bada\u0144 obrazowych oraz zasady post\u0119powania, a na ko\u0144cu kr\u00f3tkie opisy chorych stanowi\u0105ce kliniczn\u0105 ilustracj\u0119 przedstawianego tematu.Jestem przekonany, \u017ce ksi\u0105\u017cka b\u0119dzie przydatna dla kardiolog\u00f3w, kardiochirurg\u00f3w, anestezjolog\u00f3w, pulmonolog\u00f3w, zw\u0142aszcza tych, kt\u00f3rzy pracuj\u0105 w oddzia\u0142ach intensywnej terapii.<\/p>\n<p>Z przedmowy do wydania polskiego<\/p>\n<p>Spis tre\u015bci:<br \/>\n1. Anatomia i fizjologia osierdzia<br \/>\n2. Badanie fizykalne w chorobach osierdzia<br \/>\n3. Obrazowanie osierdzia<br \/>\n4. Ostre zapalenie osierdzia<br \/>\n5. Wysi\u0119k osierdziowy<br \/>\n6. Tamponada serca<br \/>\n7. Drena\u017c osierdziowy<br \/>\n8. Skrzeplina w przestrzeni osierdziowej<br \/>\n9. Zaciskanie osierdzia<br \/>\n10. Odmiany zaciskania osierdzia<br \/>\n11. Wrodzony brak osierdzia<br \/>\n12. Cysta osierdziowa<br \/>\n13. Masy i guzy osierdziowe oraz ucisk osierdziowy<br \/>\n14. Odma osierdziowa<\/p>\n","protected":false},"excerpt":{"rendered":"<p>Autor: Stuart J. Hutchinson T\u0142umacze: Salomon Piotr Wydawca: Edra Urban [&hellip;]<\/p>\n","protected":false},"featured_media":12400,"template":"","meta":[],"product_brand":[],"product_cat":[7991,7493],"product_tag":[7057,3994],"class_list":{"0":"post-12399","1":"product","2":"type-product","3":"status-publish","4":"has-post-thumbnail","6":"product_cat-kardiologia","7":"product_cat-medycyna","8":"product_tag-kardiologia","9":"product_tag-medycyna","11":"first","12":"instock","13":"sale","14":"shipping-taxable","15":"purchasable","16":"product-type-simple"},"_links":{"self":[{"href":"https:\/\/ksiegarnia-akademicka.pl\/index.php\/wp-json\/wp\/v2\/product\/12399","targetHints":{"allow":["GET"]}}],"collection":[{"href":"https:\/\/ksiegarnia-akademicka.pl\/index.php\/wp-json\/wp\/v2\/product"}],"about":[{"href":"https:\/\/ksiegarnia-akademicka.pl\/index.php\/wp-json\/wp\/v2\/types\/product"}],"wp:featuredmedia":[{"embeddable":true,"href":"https:\/\/ksiegarnia-akademicka.pl\/index.php\/wp-json\/wp\/v2\/media\/12400"}],"wp:attachment":[{"href":"https:\/\/ksiegarnia-akademicka.pl\/index.php\/wp-json\/wp\/v2\/media?parent=12399"}],"wp:term":[{"taxonomy":"product_brand","embeddable":true,"href":"https:\/\/ksiegarnia-akademicka.pl\/index.php\/wp-json\/wp\/v2\/product_brand?post=12399"},{"taxonomy":"product_cat","embeddable":true,"href":"https:\/\/ksiegarnia-akademicka.pl\/index.php\/wp-json\/wp\/v2\/product_cat?post=12399"},{"taxonomy":"product_tag","embeddable":true,"href":"https:\/\/ksiegarnia-akademicka.pl\/index.php\/wp-json\/wp\/v2\/product_tag?post=12399"}],"curies":[{"name":"wp","href":"https:\/\/api.w.org\/{rel}","templated":true}]}}