{"id":12391,"date":"2020-03-11T09:02:34","date_gmt":"2020-03-11T08:02:34","guid":{"rendered":"http:\/\/ksiegarnia-akademicka.pl\/?post_type=product&#038;p=12391"},"modified":"2020-03-11T09:02:35","modified_gmt":"2020-03-11T08:02:35","slug":"obligacje-korporacyjne-w-finansowaniu-rozwoju-przedsiebiorstw","status":"publish","type":"product","link":"https:\/\/ksiegarnia-akademicka.pl\/index.php\/product\/obligacje-korporacyjne-w-finansowaniu-rozwoju-przedsiebiorstw\/","title":{"rendered":"Obligacje korporacyjne w finansowaniu rozwoju przedsi\u0119biorstw"},"content":{"rendered":"<p>Autor:<br \/>\nMaria Sierpi\u0144ska<br \/>\nWydawca: Wydawnictwo Naukowe PWN<br \/>\nOprawa: Mi\u0119kka<br \/>\nFormat: 16.5&#215;23.5cm<br \/>\nLiczba stron: 216<br \/>\nWydanie: 1<br \/>\nRok wydania: 2020<br \/>\nJ\u0119zyk wydania: polski<\/p>\n<p>Emisja obligacji jest cz\u0119sto stosowan\u0105 form\u0105 pozyskania dofinansowania przez sp\u00f3\u0142ki kapita\u0142owe.<br \/>\nDotyczy to zw\u0142aszcza emisji obligacji w tzw. trybie zamkni\u0119tym, w kt\u00f3rym propozycja nabycia obligacji skierowana jest do z g\u00f3ry okre\u015blonej grupy inwestor\u00f3w.<br \/>\nOd 1 lipca 2019 r. emisja obligacji w tym trybie podlega jednak dodatkowym warunkom.<br \/>\nKluczow\u0105 zmian\u0105 jest wprowadzenie obowi\u0105zku dematerializacji wszystkich obligacji, udzia\u0142u wyspecjalizowanego doradcy w postaci agenta emisji oraz wprowadzenie obowi\u0105zk\u00f3w raportowych w zakresie wykonywania zobowi\u0105za\u0144 wynikaj\u0105cych z wyemitowanych obligacji.<br \/>\nKsi\u0105\u017cka ma na celu przedstawienie podstawowych informacji o rynku finansowym, rynku kapita\u0142owym i jednym z jego segment\u00f3w rynku Catalyst. Pokazuje specyfik\u0119 emisji obligacji jako \u017ar\u00f3d\u0142a finansowania rozwoju przedsi\u0119biorstw oraz wymagania i etapy post\u0119powania w toku wprowadzania obligacji na rynek d\u0142ugu.<br \/>\nPublikacja jest niezb\u0119dnym \u017ar\u00f3d\u0142em wiedzy dla student\u00f3w kierunk\u00f3w takich jak finanse przedsi\u0119biorstw, do przedmiot\u00f3w takich jak: \u017ar\u00f3d\u0142a finansowania dzia\u0142alno\u015bci przedsi\u0119biorstw, podstawy finansowania przedsi\u0119biorstwa, zarz\u0105dzanie portfelem akcji i obligacji.<\/p>\n","protected":false},"excerpt":{"rendered":"<p>Autor: Maria Sierpi\u0144ska Wydawca: Wydawnictwo Naukowe PWN Oprawa: Mi\u0119kka Format: [&hellip;]<\/p>\n","protected":false},"featured_media":12392,"template":"","meta":[],"product_brand":[],"product_cat":[7516,31],"product_tag":[437,7989],"class_list":{"0":"post-12391","1":"product","2":"type-product","3":"status-publish","4":"has-post-thumbnail","6":"product_cat-finanse-przedsiebiorstwa","7":"product_cat-przedsiebiorstwo","8":"product_tag-finanse-przedsiebiorstwa","9":"product_tag-obligacje-korporacyjne","11":"first","12":"instock","13":"sale","14":"shipping-taxable","15":"purchasable","16":"product-type-simple"},"_links":{"self":[{"href":"https:\/\/ksiegarnia-akademicka.pl\/index.php\/wp-json\/wp\/v2\/product\/12391","targetHints":{"allow":["GET"]}}],"collection":[{"href":"https:\/\/ksiegarnia-akademicka.pl\/index.php\/wp-json\/wp\/v2\/product"}],"about":[{"href":"https:\/\/ksiegarnia-akademicka.pl\/index.php\/wp-json\/wp\/v2\/types\/product"}],"wp:featuredmedia":[{"embeddable":true,"href":"https:\/\/ksiegarnia-akademicka.pl\/index.php\/wp-json\/wp\/v2\/media\/12392"}],"wp:attachment":[{"href":"https:\/\/ksiegarnia-akademicka.pl\/index.php\/wp-json\/wp\/v2\/media?parent=12391"}],"wp:term":[{"taxonomy":"product_brand","embeddable":true,"href":"https:\/\/ksiegarnia-akademicka.pl\/index.php\/wp-json\/wp\/v2\/product_brand?post=12391"},{"taxonomy":"product_cat","embeddable":true,"href":"https:\/\/ksiegarnia-akademicka.pl\/index.php\/wp-json\/wp\/v2\/product_cat?post=12391"},{"taxonomy":"product_tag","embeddable":true,"href":"https:\/\/ksiegarnia-akademicka.pl\/index.php\/wp-json\/wp\/v2\/product_tag?post=12391"}],"curies":[{"name":"wp","href":"https:\/\/api.w.org\/{rel}","templated":true}]}}