{"id":12356,"date":"2020-02-25T09:08:17","date_gmt":"2020-02-25T08:08:17","guid":{"rendered":"http:\/\/ksiegarnia-akademicka.pl\/?post_type=product&#038;p=12356"},"modified":"2020-02-25T09:15:02","modified_gmt":"2020-02-25T08:15:02","slug":"zgwalcenie-definicja-reakcja-wsparcie-dla-ofiar","status":"publish","type":"product","link":"https:\/\/ksiegarnia-akademicka.pl\/index.php\/product\/zgwalcenie-definicja-reakcja-wsparcie-dla-ofiar\/","title":{"rendered":"Zgwa\u0142cenie. Definicja, reakcja, wsparcie dla ofiar"},"content":{"rendered":"<p>Redakcja naukowa:<br \/>\nLidia Mazowiecka<br \/>\nWydawnictwo: Wolters Kluwer Polska<br \/>\nRok publikacji: 2016<br \/>\nWydanie: 1<br \/>\nLiczba stron: 176<br \/>\nSeria: Prokurator Ofiarom Przest\u0119pstw<\/p>\n<p>Druk na \u017cyczenie <\/p>\n<p>&#8222;Publikacja pokazuje materialnoprawne, procesowe i kryminologiczno-wiktymologiczne aspekty przest\u0119pstwa zgwa\u0142cenia. Referaty (&#8230;) stanowi\u0105 pog\u0142\u0119bione studia przedmiotu, przygotowane na podstawie aktualnego stanu prawa nie tylko polskiego, ale i europejskiego oraz mi\u0119dzynarodowego. Przedstawiaj\u0105 w szczeg\u00f3lno\u015bci aktualne podej\u015bcie do samego przest\u0119pstwa zgwa\u0142cenia, obowi\u0105zuj\u0105ce standardy kryminalizacyjne oraz zasady post\u0119powania i spos\u00f3b traktowania jego ofiar i sprawc\u00f3w. W niekt\u00f3rych artyku\u0142ach poruszono tak\u017ce aspekt psychologiczny i historyczny zagadnienia oraz podano informacje prawnopor\u00f3wnawcze. Wi\u0119kszo\u015b\u0107 analiz zosta\u0142a przeprowadzona przy szerokim wykorzystaniu polskiej i zagranicznej literatury przedmiotu oraz orzecznictwa s\u0105dowego. (&#8230;)<\/p>\n<p>Temat jest wa\u017cny i niezwykle aktualny w zwi\u0105zku z dokonuj\u0105cymi si\u0119 zmianami legislacyjnymi oraz nowymi tendencjami w zakresie praktyki stosowania przepis\u00f3w materialnoprawnych oraz procesowych maj\u0105cych zastosowanie w odniesieniu do przest\u0119pstwa zgwa\u0142cenia. W tek\u015bcie zawarto r\u00f3wnie\u017c wa\u017cne odniesienia do \u015bwie\u017co wydanych wytycznych prokuratorskich w tym zakresie oraz kwestionariuszy u\u0142atwiaj\u0105cych indywidualn\u0105 ocen\u0119 wymagan\u0105 przez tzw. \u2039\u2039dyrektyw\u0119 ofiarow\u0105\u203a\u203a.<\/p>\n<p>Ksi\u0105\u017cka ma szans\u0119 sta\u0107 si\u0119 najbardziej aktualnym pog\u0142\u0119bionym naukowo kompendium wiedzy na temat przest\u0119pstwa zgwa\u0142cenia i stanowi\u0107 trudn\u0105 do przeceniania pomoc w praktyce nie tylko organ\u00f3w wymiaru sprawiedliwo\u015bci i s\u0105d\u00f3w, lecz r\u00f3wnie\u017c organizacji pomocowych \u015bwiadcz\u0105cych us\u0142ugi na rzecz os\u00f3b pokrzywdzonych&#8221;.<\/p>\n<p>z recenzji prof. dr hab. Eleonory Zieli\u0144skiej<\/p>\n","protected":false},"excerpt":{"rendered":"<p>Redakcja naukowa: Lidia Mazowiecka Wydawnictwo: Wolters Kluwer Polska Rok publikacji: [&hellip;]<\/p>\n","protected":false},"featured_media":12357,"template":"","meta":[],"product_brand":[],"product_cat":[7490,18],"product_tag":[296,3995,7984],"class_list":{"0":"post-12356","1":"product","2":"type-product","3":"status-publish","4":"has-post-thumbnail","6":"product_cat-karne","7":"product_cat-prawo","8":"product_tag-prawo-karne","9":"product_tag-prawo-karne-materialne","10":"product_tag-seria-prokurator-ofiarom-przestepstw","12":"first","13":"instock","14":"sale","15":"shipping-taxable","16":"purchasable","17":"product-type-simple"},"_links":{"self":[{"href":"https:\/\/ksiegarnia-akademicka.pl\/index.php\/wp-json\/wp\/v2\/product\/12356","targetHints":{"allow":["GET"]}}],"collection":[{"href":"https:\/\/ksiegarnia-akademicka.pl\/index.php\/wp-json\/wp\/v2\/product"}],"about":[{"href":"https:\/\/ksiegarnia-akademicka.pl\/index.php\/wp-json\/wp\/v2\/types\/product"}],"wp:featuredmedia":[{"embeddable":true,"href":"https:\/\/ksiegarnia-akademicka.pl\/index.php\/wp-json\/wp\/v2\/media\/12357"}],"wp:attachment":[{"href":"https:\/\/ksiegarnia-akademicka.pl\/index.php\/wp-json\/wp\/v2\/media?parent=12356"}],"wp:term":[{"taxonomy":"product_brand","embeddable":true,"href":"https:\/\/ksiegarnia-akademicka.pl\/index.php\/wp-json\/wp\/v2\/product_brand?post=12356"},{"taxonomy":"product_cat","embeddable":true,"href":"https:\/\/ksiegarnia-akademicka.pl\/index.php\/wp-json\/wp\/v2\/product_cat?post=12356"},{"taxonomy":"product_tag","embeddable":true,"href":"https:\/\/ksiegarnia-akademicka.pl\/index.php\/wp-json\/wp\/v2\/product_tag?post=12356"}],"curies":[{"name":"wp","href":"https:\/\/api.w.org\/{rel}","templated":true}]}}