{"id":12349,"date":"2020-02-20T12:24:38","date_gmt":"2020-02-20T11:24:38","guid":{"rendered":"http:\/\/ksiegarnia-akademicka.pl\/?post_type=product&#038;p=12349"},"modified":"2020-02-20T12:24:38","modified_gmt":"2020-02-20T11:24:38","slug":"ubezpieczenia-spoleczne-w-praktyce","status":"publish","type":"product","link":"https:\/\/ksiegarnia-akademicka.pl\/index.php\/product\/ubezpieczenia-spoleczne-w-praktyce\/","title":{"rendered":"Ubezpieczenia spo\u0142eczne w praktyce"},"content":{"rendered":"<p>Nale\u017cy do serii:<br \/>\nPORADNIKI KADROWE<br \/>\nAutor:<br \/>\nPiotr Kostrzewa<br \/>\nWydawca: Wolters Kluwer<br \/>\nOprawa: Mi\u0119kka<br \/>\nFormat: 16.5&#215;24.0cm<br \/>\nLiczba stron: 392<br \/>\nWydanie: 1<br \/>\nRok wydania: 2019<br \/>\nJ\u0119zyk wydania: polski<\/p>\n<p>W ksi\u0105\u017cce w przyst\u0119pny spos\u00f3b przedstawiono zasady podlegania ubezpieczeniom spo\u0142ecznym i ubezpieczeniu zdrowotnemu, a tak\u017ce zasady obliczania, rozliczania i op\u0142acania sk\u0142adek, do kt\u00f3rych poboru jest obowi\u0105zany Zak\u0142ad Ubezpiecze\u0144 Spo\u0142ecznych, z uwzgl\u0119dnieniem interpretacji przepis\u00f3w prawa prezentowanej przez ZUS i s\u0105dy. Poszczeg\u00f3lne zagadnienia zosta\u0142y zilustrowane wieloma przyk\u0142adami i wzorami wype\u0142nionych formularzy ubezpieczeniowych.<br \/>\nAutor uwzgl\u0119dni\u0142 najwa\u017cniejsze zmiany wprowadzone w ustawie o systemie ubezpiecze\u0144 spo\u0142ecznych, dotycz\u0105ce takich kwestii jak:<br \/>\n&#8211; &#8222;ulga na start&#8221;,<br \/>\n&#8211; &#8222;ma\u0142y ZUS&#8221; dla przedsi\u0119biorc\u00f3w,<br \/>\n&#8211; nowe raporty ZUS RIA i ZUS RPA w zwi\u0105zku ze skr\u00f3ceniem okresu przechowywania dokumentacji pracowniczej przez pracodawc\u00f3w,<br \/>\n&#8211; ubezpieczenia spo\u0142eczne doktorant\u00f3w.<\/p>\n<p>Stan prawny na 15 lutego 2019 roku<\/p>\n","protected":false},"excerpt":{"rendered":"<p>Nale\u017cy do serii: PORADNIKI KADROWE Autor: Piotr Kostrzewa Wydawca: Wolters [&hellip;]<\/p>\n","protected":false},"featured_media":12350,"template":"","meta":[],"product_brand":[],"product_cat":[18,7550,21],"product_tag":[7797,643],"class_list":{"0":"post-12349","1":"product","2":"type-product","3":"status-publish","4":"has-post-thumbnail","6":"product_cat-prawo","7":"product_cat-prawo-pracy","8":"product_cat-ubezpieczenia","9":"product_tag-seria-poradniki-kadrowe","10":"product_tag-ubezpieczenia-spoleczne","12":"first","13":"instock","14":"sale","15":"shipping-taxable","16":"purchasable","17":"product-type-simple"},"_links":{"self":[{"href":"https:\/\/ksiegarnia-akademicka.pl\/index.php\/wp-json\/wp\/v2\/product\/12349","targetHints":{"allow":["GET"]}}],"collection":[{"href":"https:\/\/ksiegarnia-akademicka.pl\/index.php\/wp-json\/wp\/v2\/product"}],"about":[{"href":"https:\/\/ksiegarnia-akademicka.pl\/index.php\/wp-json\/wp\/v2\/types\/product"}],"wp:featuredmedia":[{"embeddable":true,"href":"https:\/\/ksiegarnia-akademicka.pl\/index.php\/wp-json\/wp\/v2\/media\/12350"}],"wp:attachment":[{"href":"https:\/\/ksiegarnia-akademicka.pl\/index.php\/wp-json\/wp\/v2\/media?parent=12349"}],"wp:term":[{"taxonomy":"product_brand","embeddable":true,"href":"https:\/\/ksiegarnia-akademicka.pl\/index.php\/wp-json\/wp\/v2\/product_brand?post=12349"},{"taxonomy":"product_cat","embeddable":true,"href":"https:\/\/ksiegarnia-akademicka.pl\/index.php\/wp-json\/wp\/v2\/product_cat?post=12349"},{"taxonomy":"product_tag","embeddable":true,"href":"https:\/\/ksiegarnia-akademicka.pl\/index.php\/wp-json\/wp\/v2\/product_tag?post=12349"}],"curies":[{"name":"wp","href":"https:\/\/api.w.org\/{rel}","templated":true}]}}