{"id":12319,"date":"2020-02-18T14:45:49","date_gmt":"2020-02-18T13:45:49","guid":{"rendered":"http:\/\/ksiegarnia-akademicka.pl\/?post_type=product&#038;p=12319"},"modified":"2022-09-30T15:10:17","modified_gmt":"2022-09-30T13:10:17","slug":"rozliczanie-czasu-pracy-w-podmiotach-leczniczych-w-2020-roku-jak-uniknac-bledow-praktyczne-wskazowki","status":"publish","type":"product","link":"https:\/\/ksiegarnia-akademicka.pl\/index.php\/product\/rozliczanie-czasu-pracy-w-podmiotach-leczniczych-w-2020-roku-jak-uniknac-bledow-praktyczne-wskazowki\/","title":{"rendered":"Rozliczanie czasu pracy w podmiotach leczniczych w 2020 roku Jak unikn\u0105\u0107 b\u0142\u0119d\u00f3w \u2013 praktyczne wskaz\u00f3wki"},"content":{"rendered":"<p>Autor:<br \/>\nPiotr Ciborski<br \/>\nWydawca: Wiedza i Praktyka<br \/>\nOprawa: Mi\u0119kka<br \/>\nLiczba stron: 196<br \/>\nRok wydania: 2020<br \/>\nJ\u0119zyk wydania: polski<\/p>\n<p>W ksi\u0105\u017cce znajdziesz odpowiedzi na liczne pytania zwi\u0105zane z rozliczaniem czasu pracy i urlop\u00f3w wypoczynkowych w podmiotach leczniczych. Praktyczne porady wzbogacone s\u0105 licznymi przyk\u0142adami oraz grafikami czasu pracy, dzi\u0119ki kt\u00f3rym \u0142atwiej przyswoisz sobie skomplikowane przepisy. Zastosuj wskaz\u00f3wki podane przez naszych ekspert\u00f3w, a unikniesz dotkliwych kar finansowych za b\u0142\u0119dne rozliczanie czasu pracy.<\/p>\n","protected":false},"excerpt":{"rendered":"<p>Autor: Piotr Ciborski Wydawca: Wiedza i Praktyka Oprawa: Mi\u0119kka Liczba [&hellip;]<\/p>\n","protected":false},"featured_media":12320,"template":"","meta":[],"product_brand":[],"product_cat":[7625,18,7550],"product_tag":[1550,793,4635],"class_list":{"0":"post-12319","1":"product","2":"type-product","3":"status-publish","4":"has-post-thumbnail","6":"product_cat-nauki-o-zdrowiu","7":"product_cat-prawo","8":"product_cat-prawo-pracy","9":"product_tag-komentarze-i-opracowania","10":"product_tag-prawo-pracy","11":"product_tag-sluzba-zdrowia","13":"first","14":"outofstock","15":"sale","16":"shipping-taxable","17":"purchasable","18":"product-type-simple"},"_links":{"self":[{"href":"https:\/\/ksiegarnia-akademicka.pl\/index.php\/wp-json\/wp\/v2\/product\/12319","targetHints":{"allow":["GET"]}}],"collection":[{"href":"https:\/\/ksiegarnia-akademicka.pl\/index.php\/wp-json\/wp\/v2\/product"}],"about":[{"href":"https:\/\/ksiegarnia-akademicka.pl\/index.php\/wp-json\/wp\/v2\/types\/product"}],"wp:featuredmedia":[{"embeddable":true,"href":"https:\/\/ksiegarnia-akademicka.pl\/index.php\/wp-json\/wp\/v2\/media\/12320"}],"wp:attachment":[{"href":"https:\/\/ksiegarnia-akademicka.pl\/index.php\/wp-json\/wp\/v2\/media?parent=12319"}],"wp:term":[{"taxonomy":"product_brand","embeddable":true,"href":"https:\/\/ksiegarnia-akademicka.pl\/index.php\/wp-json\/wp\/v2\/product_brand?post=12319"},{"taxonomy":"product_cat","embeddable":true,"href":"https:\/\/ksiegarnia-akademicka.pl\/index.php\/wp-json\/wp\/v2\/product_cat?post=12319"},{"taxonomy":"product_tag","embeddable":true,"href":"https:\/\/ksiegarnia-akademicka.pl\/index.php\/wp-json\/wp\/v2\/product_tag?post=12319"}],"curies":[{"name":"wp","href":"https:\/\/api.w.org\/{rel}","templated":true}]}}